{"id":544,"date":"2019-06-27T11:31:24","date_gmt":"2019-06-27T15:31:24","guid":{"rendered":"https:\/\/mca.yannick.net\/?page_id=544"},"modified":"2019-06-27T15:18:55","modified_gmt":"2019-06-27T19:18:55","slug":"tcheckit","status":"publish","type":"page","link":"https:\/\/corporate.mca.ca\/fr\/systemes\/tcheckit\/","title":{"rendered":"Tcheck&rsquo;it"},"content":{"rendered":"<section class=\"content_container\">\n<div class=\"container\">\n<div class=\"row\">\n<div class=\"col-lg-12\">\n<div class=\"lc-block page-title retail-merchandising\">\n<div editable=\"rich\">\n<h1>Tcheck&rsquo;It<\/h1>\n<\/p><\/div>\n<\/p><\/div>\n<p><!-- \/lc-block -->\n\t\t\t<\/div>\n<p><!-- \/col --><\/p>\n<div class=\"col-lg-6\">\n<div class=\"border-right\">\n<div class=\"lc-block text-center\">\n\t\t\t\t\t\t<img decoding=\"async\" class=\"img-fluid mb-4\" src=\"https:\/\/corporate.mca.ca\/wp-content\/uploads\/2019\/06\/tcheckit.png\" alt=\"\">\n\t\t\t\t\t<\/div>\n<\/p><\/div>\n<\/p><\/div>\n<div class=\"col-lg-6\">\n<div class=\"lc-block retail-covering\">\n<div editable=\"rich\">\n<h2>Tcheck&rsquo;It<\/h2>\n<p>Tcheck\u2019iT est une solution de v\u00e9rification en vente au d\u00e9tail rendue possible gr\u00e2ce \u00e0 la production participative, propuls\u00e9e par un logiciel intelligent et d\u2019une application mobile facile \u00e0 utiliser, permettant aux d\u00e9taillants et aux compagnies de produits de consommation emball\u00e9s de faire prendre des photos et d\u2019obtenir des r\u00e9ponses aux questions de sondages \u00e0 l\u2019\u00e9chelle nationale, aux points de vente au d\u00e9tail, \u00e0 moindre co\u00fbt, d\u2019une mani\u00e8re pr\u00e9cise et rapide gr\u00e2ce aux membres de notre communaut\u00e9 de consommateurs.<\/p>\n<p>Nos clients peuvent acc\u00e9der \u00e0 notre communaut\u00e9 de \u00ab\u2009Tcheckers\u2009\u00bb pour observer dans les magasins et obtenir des rapports fiables et utiles, v\u00e9rifi\u00e9s par MCA suite aux visites.<\/p>\n<\/p><\/div>\n<\/p><\/div>\n<div class=\"lc-block retail-covering\">\n<div lc-helper=\"shortcode\" class=\"live-shortcode\"><a href='https:\/\/corporate.mca.ca\/fr\/nous-joindre\/tcheckit' class='btn contact purple-bg'>Plus d&rsquo;infos<\/a><\/div>\n<\/p><\/div>\n<\/p><\/div>\n<\/p><\/div>\n<\/p><\/div>\n<\/section>\n<section class=\"testimonial_slider_container\">\n<div class=\"container\">\n<div class=\"row\">\n<div class=\"col-md-12\">\n<div class=\"lc-block\">\n<div lc-helper=\"shortcode\" class=\"live-shortcode\"><div class=\"home_testimonials_slider d-flex overflow-hidden\"><div class=\"oneTestimonial d-flex flex-column justify-content-center align-items-center\"><p class=\"titre\">MCA - Pr\u00eat \u00e0 la vente au d\u00e9tail<\/p><div class=\"desc\"><p><p class=\"western\"><span lang=\"fr-CA\">\u00ab\u00a0MCA est devenu un v\u00e9ritable partenaire dans la stimulation des ventes et l\u2019ex\u00e9cution globale de nos programmes en magasin. En offrant des perspectives d\u2019affaires pr\u00e9cises et utiles, une ex\u00e9cution parfaite des syst\u00e8mes de vente au d\u00e9tail, et la pr\u00e9sentation de rapport d\u00e9taill\u00e9s, MCA est devenu un pr\u00e9cieux partenaire pour notre entreprise.\u00a0\u00bb <\/span><\/p><\/p><\/div><\/div><div class=\"oneTestimonial d-flex flex-column justify-content-center align-items-center\"><p class=\"titre\">MCA - Tout Simplement les meilleurs<\/p><div class=\"desc\"><p><p class=\"western\"><span lang=\"fr-CA\">\u00ab\u00a0Notre relation de longue date avec MCA t\u00e9moigne du leadership et de leur expertise dans l\u2019\u00e9laboration de plans de marchandisage efficaces et coh\u00e9rents, et de la qualit\u00e9 de leur ex\u00e9cution\u00a0\u00bb<\/span><\/p><\/p><\/div><\/div><div class=\"oneTestimonial d-flex flex-column justify-content-center align-items-center\"><p class=\"titre\">Gagner au d\u00e9tail avec MCA<\/p><div class=\"desc\"><p><p class=\"western\"><span lang=\"fr-CA\">\u00ab Depuis plus de 10 ans, nous sommes en partenariat avec MCA afin d\u2019\u00e9tendre la port\u00e9e de nos \u00e9quipes de vente, de marchandisage et de v\u00e9rification. Bas\u00e9 sur l\u2019ensemble de nos strat\u00e9gies et des propri\u00e9t\u00e9s de la compagnie, notre \u00e9quipe de gestion des ventes travaille avec MCA pour \u00e9laborer des plans strat\u00e9giques sp\u00e9cifiques aux diff\u00e9rents comptes. Travaillant en tant qu'une seule \u00e9quipe, notre compagnie et MCA ex\u00e9cutent des plans, r\u00e8glent les probl\u00e8mes et capitalisent sur les opportunit\u00e9s qui se pr\u00e9sentent. Ensemble, nous avons obtenus des r\u00e9sultats significatifs, toujours en appliquant notre vision du d\u00e9tail sur l\u2019am\u00e9lioration continue. MCA contribue fortement \u00e0 la compagnie et un un partenaire en affaires qui nous est pr\u00e9cieux. \u00bb<\/span><\/p><\/p><\/div><\/div><\/div><\/div>\n<\/p><\/div>\n<p><!-- \/lc-block -->\n\t\t\t<\/div>\n<p><!-- \/col -->\n\t\t<\/div>\n<\/p><\/div>\n<\/section>\n","protected":false},"excerpt":{"rendered":"<p>Tcheck&rsquo;It Tcheck&rsquo;It Tcheck\u2019iT est une solution de v\u00e9rification en vente au d\u00e9tail rendue possible gr\u00e2ce \u00e0 la production participative, propuls\u00e9e par un logiciel intelligent et d\u2019une application mobile facile \u00e0 utiliser, permettant aux d\u00e9taillants et aux compagnies de produits de consommation emball\u00e9s de faire prendre des photos et d\u2019obtenir des r\u00e9ponses aux questions de sondages [&hellip;]<\/p>\n","protected":false},"author":1,"featured_media":0,"parent":525,"menu_order":0,"comment_status":"closed","ping_status":"closed","template":"","meta":{"footnotes":""},"class_list":["post-544","page","type-page","status-publish","hentry"],"yoast_head":"<!-- This site is optimized with the Yoast SEO plugin v26.8 - https:\/\/yoast.com\/product\/yoast-seo-wordpress\/ -->\n<title>MCA - Tcheck\u2019it, crowdsourcing retail audit solution<\/title>\n<meta name=\"description\" content=\"MCA : Consultez notre application mobile pour obtenir des rapports de magasins fiables\" \/>\n<meta name=\"robots\" content=\"index, follow, max-snippet:-1, max-image-preview:large, max-video-preview:-1\" \/>\n<link rel=\"canonical\" href=\"https:\/\/corporate.mca.ca\/fr\/systemes\/tcheckit\/\" \/>\n<meta property=\"og:locale\" content=\"fr_FR\" \/>\n<meta property=\"og:type\" content=\"article\" \/>\n<meta property=\"og:title\" content=\"MCA - Tcheck\u2019it, crowdsourcing retail audit solution\" \/>\n<meta property=\"og:description\" content=\"MCA : Consultez notre application mobile pour obtenir des rapports de magasins fiables\" \/>\n<meta property=\"og:url\" content=\"https:\/\/corporate.mca.ca\/fr\/systemes\/tcheckit\/\" \/>\n<meta property=\"og:site_name\" content=\"MCA\" \/>\n<meta property=\"article:modified_time\" content=\"2019-06-27T19:18:55+00:00\" \/>\n<meta property=\"og:image\" content=\"https:\/\/corporate.mca.ca\/wp-content\/uploads\/2019\/06\/tcheckit.png\" \/>\n<meta name=\"twitter:card\" content=\"summary_large_image\" \/>\n<meta name=\"twitter:label1\" content=\"Dur\u00e9e de lecture estim\u00e9e\" \/>\n\t<meta name=\"twitter:data1\" content=\"1 minute\" \/>\n<script type=\"application\/ld+json\" class=\"yoast-schema-graph\">{\"@context\":\"https:\/\/schema.org\",\"@graph\":[{\"@type\":\"WebPage\",\"@id\":\"https:\/\/corporate.mca.ca\/fr\/systemes\/tcheckit\/\",\"url\":\"https:\/\/corporate.mca.ca\/fr\/systemes\/tcheckit\/\",\"name\":\"MCA - Tcheck\u2019it, crowdsourcing retail audit solution\",\"isPartOf\":{\"@id\":\"https:\/\/corporate.mca.ca\/fr\/#website\"},\"primaryImageOfPage\":{\"@id\":\"https:\/\/corporate.mca.ca\/fr\/systemes\/tcheckit\/#primaryimage\"},\"image\":{\"@id\":\"https:\/\/corporate.mca.ca\/fr\/systemes\/tcheckit\/#primaryimage\"},\"thumbnailUrl\":\"https:\/\/corporate.mca.ca\/wp-content\/uploads\/2019\/06\/tcheckit.png\",\"datePublished\":\"2019-06-27T15:31:24+00:00\",\"dateModified\":\"2019-06-27T19:18:55+00:00\",\"description\":\"MCA : Consultez notre application mobile pour obtenir des rapports de magasins fiables\",\"breadcrumb\":{\"@id\":\"https:\/\/corporate.mca.ca\/fr\/systemes\/tcheckit\/#breadcrumb\"},\"inLanguage\":\"fr-FR\",\"potentialAction\":[{\"@type\":\"ReadAction\",\"target\":[\"https:\/\/corporate.mca.ca\/fr\/systemes\/tcheckit\/\"]}]},{\"@type\":\"ImageObject\",\"inLanguage\":\"fr-FR\",\"@id\":\"https:\/\/corporate.mca.ca\/fr\/systemes\/tcheckit\/#primaryimage\",\"url\":\"https:\/\/corporate.mca.ca\/wp-content\/uploads\/2019\/06\/tcheckit.png\",\"contentUrl\":\"https:\/\/corporate.mca.ca\/wp-content\/uploads\/2019\/06\/tcheckit.png\"},{\"@type\":\"BreadcrumbList\",\"@id\":\"https:\/\/corporate.mca.ca\/fr\/systemes\/tcheckit\/#breadcrumb\",\"itemListElement\":[{\"@type\":\"ListItem\",\"position\":1,\"name\":\"Home\",\"item\":\"https:\/\/corporate.mca.ca\/fr\/\"},{\"@type\":\"ListItem\",\"position\":2,\"name\":\"Syst\u00e8mes\",\"item\":\"https:\/\/corporate.mca.ca\/fr\/systemes\/\"},{\"@type\":\"ListItem\",\"position\":3,\"name\":\"Tcheck&#8217;it\"}]},{\"@type\":\"WebSite\",\"@id\":\"https:\/\/corporate.mca.ca\/fr\/#website\",\"url\":\"https:\/\/corporate.mca.ca\/fr\/\",\"name\":\"MCA\",\"description\":\"\",\"publisher\":{\"@id\":\"https:\/\/corporate.mca.ca\/fr\/#organization\"},\"potentialAction\":[{\"@type\":\"SearchAction\",\"target\":{\"@type\":\"EntryPoint\",\"urlTemplate\":\"https:\/\/corporate.mca.ca\/fr\/?s={search_term_string}\"},\"query-input\":{\"@type\":\"PropertyValueSpecification\",\"valueRequired\":true,\"valueName\":\"search_term_string\"}}],\"inLanguage\":\"fr-FR\"},{\"@type\":\"Organization\",\"@id\":\"https:\/\/corporate.mca.ca\/fr\/#organization\",\"name\":\"MCA\",\"url\":\"https:\/\/corporate.mca.ca\/fr\/\",\"logo\":{\"@type\":\"ImageObject\",\"inLanguage\":\"fr-FR\",\"@id\":\"https:\/\/corporate.mca.ca\/fr\/#\/schema\/logo\/image\/\",\"url\":\"https:\/\/corporate.mca.ca\/wp-content\/uploads\/2019\/06\/logo.png\",\"contentUrl\":\"https:\/\/corporate.mca.ca\/wp-content\/uploads\/2019\/06\/logo.png\",\"width\":215,\"height\":104,\"caption\":\"MCA\"},\"image\":{\"@id\":\"https:\/\/corporate.mca.ca\/fr\/#\/schema\/logo\/image\/\"}}]}<\/script>\n<!-- \/ Yoast SEO plugin. -->","yoast_head_json":{"title":"MCA - Tcheck\u2019it, crowdsourcing retail audit solution","description":"MCA : Consultez notre application mobile pour obtenir des rapports de magasins fiables","robots":{"index":"index","follow":"follow","max-snippet":"max-snippet:-1","max-image-preview":"max-image-preview:large","max-video-preview":"max-video-preview:-1"},"canonical":"https:\/\/corporate.mca.ca\/fr\/systemes\/tcheckit\/","og_locale":"fr_FR","og_type":"article","og_title":"MCA - Tcheck\u2019it, crowdsourcing retail audit solution","og_description":"MCA : Consultez notre application mobile pour obtenir des rapports de magasins fiables","og_url":"https:\/\/corporate.mca.ca\/fr\/systemes\/tcheckit\/","og_site_name":"MCA","article_modified_time":"2019-06-27T19:18:55+00:00","og_image":[{"url":"https:\/\/corporate.mca.ca\/wp-content\/uploads\/2019\/06\/tcheckit.png","type":"","width":"","height":""}],"twitter_card":"summary_large_image","twitter_misc":{"Dur\u00e9e de lecture estim\u00e9e":"1 minute"},"schema":{"@context":"https:\/\/schema.org","@graph":[{"@type":"WebPage","@id":"https:\/\/corporate.mca.ca\/fr\/systemes\/tcheckit\/","url":"https:\/\/corporate.mca.ca\/fr\/systemes\/tcheckit\/","name":"MCA - Tcheck\u2019it, crowdsourcing retail audit solution","isPartOf":{"@id":"https:\/\/corporate.mca.ca\/fr\/#website"},"primaryImageOfPage":{"@id":"https:\/\/corporate.mca.ca\/fr\/systemes\/tcheckit\/#primaryimage"},"image":{"@id":"https:\/\/corporate.mca.ca\/fr\/systemes\/tcheckit\/#primaryimage"},"thumbnailUrl":"https:\/\/corporate.mca.ca\/wp-content\/uploads\/2019\/06\/tcheckit.png","datePublished":"2019-06-27T15:31:24+00:00","dateModified":"2019-06-27T19:18:55+00:00","description":"MCA : Consultez notre application mobile pour obtenir des rapports de magasins fiables","breadcrumb":{"@id":"https:\/\/corporate.mca.ca\/fr\/systemes\/tcheckit\/#breadcrumb"},"inLanguage":"fr-FR","potentialAction":[{"@type":"ReadAction","target":["https:\/\/corporate.mca.ca\/fr\/systemes\/tcheckit\/"]}]},{"@type":"ImageObject","inLanguage":"fr-FR","@id":"https:\/\/corporate.mca.ca\/fr\/systemes\/tcheckit\/#primaryimage","url":"https:\/\/corporate.mca.ca\/wp-content\/uploads\/2019\/06\/tcheckit.png","contentUrl":"https:\/\/corporate.mca.ca\/wp-content\/uploads\/2019\/06\/tcheckit.png"},{"@type":"BreadcrumbList","@id":"https:\/\/corporate.mca.ca\/fr\/systemes\/tcheckit\/#breadcrumb","itemListElement":[{"@type":"ListItem","position":1,"name":"Home","item":"https:\/\/corporate.mca.ca\/fr\/"},{"@type":"ListItem","position":2,"name":"Syst\u00e8mes","item":"https:\/\/corporate.mca.ca\/fr\/systemes\/"},{"@type":"ListItem","position":3,"name":"Tcheck&#8217;it"}]},{"@type":"WebSite","@id":"https:\/\/corporate.mca.ca\/fr\/#website","url":"https:\/\/corporate.mca.ca\/fr\/","name":"MCA","description":"","publisher":{"@id":"https:\/\/corporate.mca.ca\/fr\/#organization"},"potentialAction":[{"@type":"SearchAction","target":{"@type":"EntryPoint","urlTemplate":"https:\/\/corporate.mca.ca\/fr\/?s={search_term_string}"},"query-input":{"@type":"PropertyValueSpecification","valueRequired":true,"valueName":"search_term_string"}}],"inLanguage":"fr-FR"},{"@type":"Organization","@id":"https:\/\/corporate.mca.ca\/fr\/#organization","name":"MCA","url":"https:\/\/corporate.mca.ca\/fr\/","logo":{"@type":"ImageObject","inLanguage":"fr-FR","@id":"https:\/\/corporate.mca.ca\/fr\/#\/schema\/logo\/image\/","url":"https:\/\/corporate.mca.ca\/wp-content\/uploads\/2019\/06\/logo.png","contentUrl":"https:\/\/corporate.mca.ca\/wp-content\/uploads\/2019\/06\/logo.png","width":215,"height":104,"caption":"MCA"},"image":{"@id":"https:\/\/corporate.mca.ca\/fr\/#\/schema\/logo\/image\/"}}]}},"_links":{"self":[{"href":"https:\/\/corporate.mca.ca\/fr\/wp-json\/wp\/v2\/pages\/544","targetHints":{"allow":["GET"]}}],"collection":[{"href":"https:\/\/corporate.mca.ca\/fr\/wp-json\/wp\/v2\/pages"}],"about":[{"href":"https:\/\/corporate.mca.ca\/fr\/wp-json\/wp\/v2\/types\/page"}],"author":[{"embeddable":true,"href":"https:\/\/corporate.mca.ca\/fr\/wp-json\/wp\/v2\/users\/1"}],"replies":[{"embeddable":true,"href":"https:\/\/corporate.mca.ca\/fr\/wp-json\/wp\/v2\/comments?post=544"}],"version-history":[{"count":4,"href":"https:\/\/corporate.mca.ca\/fr\/wp-json\/wp\/v2\/pages\/544\/revisions"}],"predecessor-version":[{"id":631,"href":"https:\/\/corporate.mca.ca\/fr\/wp-json\/wp\/v2\/pages\/544\/revisions\/631"}],"up":[{"embeddable":true,"href":"https:\/\/corporate.mca.ca\/fr\/wp-json\/wp\/v2\/pages\/525"}],"wp:attachment":[{"href":"https:\/\/corporate.mca.ca\/fr\/wp-json\/wp\/v2\/media?parent=544"}],"curies":[{"name":"wp","href":"https:\/\/api.w.org\/{rel}","templated":true}]}}