{"id":527,"date":"2019-06-27T11:08:30","date_gmt":"2019-06-27T15:08:30","guid":{"rendered":"https:\/\/mca.yannick.net\/?page_id=527"},"modified":"2019-06-27T15:13:51","modified_gmt":"2019-06-27T19:13:51","slug":"gomerch","status":"publish","type":"page","link":"https:\/\/corporate.mca.ca\/fr\/systemes\/gomerch\/","title":{"rendered":"GoMerch"},"content":{"rendered":"<section class=\"content_container\">\n<div class=\"container\">\n<div class=\"row\">\n<div class=\"col-lg-12\">\n<div class=\"lc-block page-title retail-merchandising\">\n<div editable=\"rich\">\n<h1>GoMerch<\/h1>\n<h2>Smart retail insights<\/h2>\n<\/p><\/div>\n<\/p><\/div>\n<p><!-- \/lc-block -->\n\t\t\t<\/div>\n<p><!-- \/col --><\/p>\n<div class=\"col-lg-6\">\n<div class=\"border-right\">\n<div class=\"lc-block text-center\">\n\t\t\t\t\t\t<img decoding=\"async\" class=\"img-fluid mb-4\" src=\"https:\/\/corporate.mca.ca\/wp-content\/uploads\/2019\/06\/merch.png\" alt=\"\">\n\t\t\t\t\t<\/div>\n<\/p><\/div>\n<\/p><\/div>\n<div class=\"col-lg-6\">\n<div class=\"lc-block retail-covering\">\n<div editable=\"rich\">\n<h2>GoMerch<\/h2>\n<p>GoMerch par MCA est un syst\u00e8me de gestion de la force de travail visant \u00e0 am\u00e9liorer et \u00e0 renforcer la collecte de donn\u00e9es sur le terrain aux points de ventes au d\u00e9tail pour les compagnies de produits de consommation emball\u00e9s et les d\u00e9taillants travaillant avec leurs propres \u00e9quipes.<\/p>\n<p>GoMerch est facile \u00e0 utiliser et combin\u00e9 \u00e0 des applications mobiles dot\u00e9es d\u2019un GPS tout aussi facile \u00e0 utiliser.<\/p>\n<p>GoMerch permet d\u2019effectuer presque tous les types de routines de collecte de donn\u00e9es comme r\u00e9pondre \u00e0 des questions de sondages, prendre des photos et balayer des codes \u00e0 barres.<\/p>\n<p>GoMerch propose des rapports et des fonctionnalit\u00e9s d\u2019exportation faciles \u00e0 utiliser.<\/p>\n<\/p><\/div>\n<\/p><\/div>\n<div class=\"lc-block retail-covering\">\n<div lc-helper=\"shortcode\" class=\"live-shortcode\"><a href='https:\/\/corporate.mca.ca\/fr\/nous-joindre\/gomerch' class='btn contact purple-bg'>Plus d&rsquo;infos<\/a><\/div>\n<\/p><\/div>\n<\/p><\/div>\n<\/p><\/div>\n<\/p><\/div>\n<\/section>\n<section class=\"testimonial_slider_container\">\n<div class=\"container\">\n<div class=\"row\">\n<div class=\"col-md-12\">\n<div class=\"lc-block\">\n<div lc-helper=\"shortcode\" class=\"live-shortcode\"><div class=\"home_testimonials_slider d-flex overflow-hidden\"><div class=\"oneTestimonial d-flex flex-column justify-content-center align-items-center\"><p class=\"titre\">MCA - Tout Simplement les meilleurs<\/p><div class=\"desc\"><p><p class=\"western\"><span lang=\"fr-CA\">\u00ab\u00a0Notre relation de longue date avec MCA t\u00e9moigne du leadership et de leur expertise dans l\u2019\u00e9laboration de plans de marchandisage efficaces et coh\u00e9rents, et de la qualit\u00e9 de leur ex\u00e9cution\u00a0\u00bb<\/span><\/p><\/p><\/div><\/div><div class=\"oneTestimonial d-flex flex-column justify-content-center align-items-center\"><p class=\"titre\">Gagner au d\u00e9tail avec MCA<\/p><div class=\"desc\"><p><p class=\"western\"><span lang=\"fr-CA\">\u00ab Depuis plus de 10 ans, nous sommes en partenariat avec MCA afin d\u2019\u00e9tendre la port\u00e9e de nos \u00e9quipes de vente, de marchandisage et de v\u00e9rification. Bas\u00e9 sur l\u2019ensemble de nos strat\u00e9gies et des propri\u00e9t\u00e9s de la compagnie, notre \u00e9quipe de gestion des ventes travaille avec MCA pour \u00e9laborer des plans strat\u00e9giques sp\u00e9cifiques aux diff\u00e9rents comptes. Travaillant en tant qu'une seule \u00e9quipe, notre compagnie et MCA ex\u00e9cutent des plans, r\u00e8glent les probl\u00e8mes et capitalisent sur les opportunit\u00e9s qui se pr\u00e9sentent. Ensemble, nous avons obtenus des r\u00e9sultats significatifs, toujours en appliquant notre vision du d\u00e9tail sur l\u2019am\u00e9lioration continue. MCA contribue fortement \u00e0 la compagnie et un un partenaire en affaires qui nous est pr\u00e9cieux. \u00bb<\/span><\/p><\/p><\/div><\/div><div class=\"oneTestimonial d-flex flex-column justify-content-center align-items-center\"><p class=\"titre\">MCA - Pr\u00eat \u00e0 la vente au d\u00e9tail<\/p><div class=\"desc\"><p><p class=\"western\"><span lang=\"fr-CA\">\u00ab\u00a0MCA est devenu un v\u00e9ritable partenaire dans la stimulation des ventes et l\u2019ex\u00e9cution globale de nos programmes en magasin. En offrant des perspectives d\u2019affaires pr\u00e9cises et utiles, une ex\u00e9cution parfaite des syst\u00e8mes de vente au d\u00e9tail, et la pr\u00e9sentation de rapport d\u00e9taill\u00e9s, MCA est devenu un pr\u00e9cieux partenaire pour notre entreprise.\u00a0\u00bb <\/span><\/p><\/p><\/div><\/div><\/div><\/div>\n<\/p><\/div>\n<p><!-- \/lc-block -->\n\t\t\t<\/div>\n<p><!-- \/col -->\n\t\t<\/div>\n<\/p><\/div>\n<\/section>\n","protected":false},"excerpt":{"rendered":"<p>GoMerch Smart retail insights GoMerch GoMerch par est un syst\u00e8me de gestion de la force de travail visant \u00e0 am\u00e9liorer et \u00e0 renforcer la collecte de donn\u00e9es sur le terrain aux points de ventes au d\u00e9tail pour les compagnies de produits de consommation emball\u00e9s et les d\u00e9taillants travaillant avec leurs propres \u00e9quipes. GoMerch est facile [&hellip;]<\/p>\n","protected":false},"author":1,"featured_media":0,"parent":525,"menu_order":0,"comment_status":"closed","ping_status":"closed","template":"page-templates\/empty.php","meta":{"footnotes":""},"class_list":["post-527","page","type-page","status-publish","hentry"],"yoast_head":"<!-- This site is optimized with the Yoast SEO plugin v26.8 - https:\/\/yoast.com\/product\/yoast-seo-wordpress\/ -->\n<title>MCA - Gomerch, notre syst\u00e8me de gestion du personnel<\/title>\n<meta name=\"description\" content=\"MCA : Gomerch est notre syst\u00e8me de collecte de donn\u00e9es sur le terrain qui nous aide \u00e0 g\u00e9rer notre effectif.\" \/>\n<meta name=\"robots\" content=\"index, follow, max-snippet:-1, max-image-preview:large, max-video-preview:-1\" \/>\n<link rel=\"canonical\" href=\"https:\/\/corporate.mca.ca\/fr\/systemes\/gomerch\/\" \/>\n<meta property=\"og:locale\" content=\"fr_FR\" \/>\n<meta property=\"og:type\" content=\"article\" \/>\n<meta property=\"og:title\" content=\"MCA - Gomerch, notre syst\u00e8me de gestion du personnel\" \/>\n<meta property=\"og:description\" content=\"MCA : Gomerch est notre syst\u00e8me de collecte de donn\u00e9es sur le terrain qui nous aide \u00e0 g\u00e9rer notre effectif.\" \/>\n<meta property=\"og:url\" content=\"https:\/\/corporate.mca.ca\/fr\/systemes\/gomerch\/\" \/>\n<meta property=\"og:site_name\" content=\"MCA\" \/>\n<meta property=\"article:modified_time\" content=\"2019-06-27T19:13:51+00:00\" \/>\n<meta property=\"og:image\" content=\"https:\/\/corporate.mca.ca\/wp-content\/uploads\/2019\/06\/merch.png\" \/>\n<meta name=\"twitter:card\" content=\"summary_large_image\" \/>\n<meta name=\"twitter:label1\" content=\"Dur\u00e9e de lecture estim\u00e9e\" \/>\n\t<meta name=\"twitter:data1\" content=\"1 minute\" \/>\n<script type=\"application\/ld+json\" class=\"yoast-schema-graph\">{\"@context\":\"https:\/\/schema.org\",\"@graph\":[{\"@type\":\"WebPage\",\"@id\":\"https:\/\/corporate.mca.ca\/fr\/systemes\/gomerch\/\",\"url\":\"https:\/\/corporate.mca.ca\/fr\/systemes\/gomerch\/\",\"name\":\"MCA - Gomerch, notre syst\u00e8me de gestion du personnel\",\"isPartOf\":{\"@id\":\"https:\/\/corporate.mca.ca\/fr\/#website\"},\"primaryImageOfPage\":{\"@id\":\"https:\/\/corporate.mca.ca\/fr\/systemes\/gomerch\/#primaryimage\"},\"image\":{\"@id\":\"https:\/\/corporate.mca.ca\/fr\/systemes\/gomerch\/#primaryimage\"},\"thumbnailUrl\":\"https:\/\/corporate.mca.ca\/wp-content\/uploads\/2019\/06\/merch.png\",\"datePublished\":\"2019-06-27T15:08:30+00:00\",\"dateModified\":\"2019-06-27T19:13:51+00:00\",\"description\":\"MCA : Gomerch est notre syst\u00e8me de collecte de donn\u00e9es sur le terrain qui nous aide \u00e0 g\u00e9rer notre effectif.\",\"breadcrumb\":{\"@id\":\"https:\/\/corporate.mca.ca\/fr\/systemes\/gomerch\/#breadcrumb\"},\"inLanguage\":\"fr-FR\",\"potentialAction\":[{\"@type\":\"ReadAction\",\"target\":[\"https:\/\/corporate.mca.ca\/fr\/systemes\/gomerch\/\"]}]},{\"@type\":\"ImageObject\",\"inLanguage\":\"fr-FR\",\"@id\":\"https:\/\/corporate.mca.ca\/fr\/systemes\/gomerch\/#primaryimage\",\"url\":\"https:\/\/corporate.mca.ca\/wp-content\/uploads\/2019\/06\/merch.png\",\"contentUrl\":\"https:\/\/corporate.mca.ca\/wp-content\/uploads\/2019\/06\/merch.png\"},{\"@type\":\"BreadcrumbList\",\"@id\":\"https:\/\/corporate.mca.ca\/fr\/systemes\/gomerch\/#breadcrumb\",\"itemListElement\":[{\"@type\":\"ListItem\",\"position\":1,\"name\":\"Home\",\"item\":\"https:\/\/corporate.mca.ca\/fr\/\"},{\"@type\":\"ListItem\",\"position\":2,\"name\":\"Syst\u00e8mes\",\"item\":\"https:\/\/corporate.mca.ca\/fr\/systemes\/\"},{\"@type\":\"ListItem\",\"position\":3,\"name\":\"GoMerch\"}]},{\"@type\":\"WebSite\",\"@id\":\"https:\/\/corporate.mca.ca\/fr\/#website\",\"url\":\"https:\/\/corporate.mca.ca\/fr\/\",\"name\":\"MCA\",\"description\":\"\",\"publisher\":{\"@id\":\"https:\/\/corporate.mca.ca\/fr\/#organization\"},\"potentialAction\":[{\"@type\":\"SearchAction\",\"target\":{\"@type\":\"EntryPoint\",\"urlTemplate\":\"https:\/\/corporate.mca.ca\/fr\/?s={search_term_string}\"},\"query-input\":{\"@type\":\"PropertyValueSpecification\",\"valueRequired\":true,\"valueName\":\"search_term_string\"}}],\"inLanguage\":\"fr-FR\"},{\"@type\":\"Organization\",\"@id\":\"https:\/\/corporate.mca.ca\/fr\/#organization\",\"name\":\"MCA\",\"url\":\"https:\/\/corporate.mca.ca\/fr\/\",\"logo\":{\"@type\":\"ImageObject\",\"inLanguage\":\"fr-FR\",\"@id\":\"https:\/\/corporate.mca.ca\/fr\/#\/schema\/logo\/image\/\",\"url\":\"https:\/\/corporate.mca.ca\/wp-content\/uploads\/2019\/06\/logo.png\",\"contentUrl\":\"https:\/\/corporate.mca.ca\/wp-content\/uploads\/2019\/06\/logo.png\",\"width\":215,\"height\":104,\"caption\":\"MCA\"},\"image\":{\"@id\":\"https:\/\/corporate.mca.ca\/fr\/#\/schema\/logo\/image\/\"}}]}<\/script>\n<!-- \/ Yoast SEO plugin. -->","yoast_head_json":{"title":"MCA - Gomerch, notre syst\u00e8me de gestion du personnel","description":"MCA : Gomerch est notre syst\u00e8me de collecte de donn\u00e9es sur le terrain qui nous aide \u00e0 g\u00e9rer notre effectif.","robots":{"index":"index","follow":"follow","max-snippet":"max-snippet:-1","max-image-preview":"max-image-preview:large","max-video-preview":"max-video-preview:-1"},"canonical":"https:\/\/corporate.mca.ca\/fr\/systemes\/gomerch\/","og_locale":"fr_FR","og_type":"article","og_title":"MCA - Gomerch, notre syst\u00e8me de gestion du personnel","og_description":"MCA : Gomerch est notre syst\u00e8me de collecte de donn\u00e9es sur le terrain qui nous aide \u00e0 g\u00e9rer notre effectif.","og_url":"https:\/\/corporate.mca.ca\/fr\/systemes\/gomerch\/","og_site_name":"MCA","article_modified_time":"2019-06-27T19:13:51+00:00","og_image":[{"url":"https:\/\/corporate.mca.ca\/wp-content\/uploads\/2019\/06\/merch.png","type":"","width":"","height":""}],"twitter_card":"summary_large_image","twitter_misc":{"Dur\u00e9e de lecture estim\u00e9e":"1 minute"},"schema":{"@context":"https:\/\/schema.org","@graph":[{"@type":"WebPage","@id":"https:\/\/corporate.mca.ca\/fr\/systemes\/gomerch\/","url":"https:\/\/corporate.mca.ca\/fr\/systemes\/gomerch\/","name":"MCA - Gomerch, notre syst\u00e8me de gestion du personnel","isPartOf":{"@id":"https:\/\/corporate.mca.ca\/fr\/#website"},"primaryImageOfPage":{"@id":"https:\/\/corporate.mca.ca\/fr\/systemes\/gomerch\/#primaryimage"},"image":{"@id":"https:\/\/corporate.mca.ca\/fr\/systemes\/gomerch\/#primaryimage"},"thumbnailUrl":"https:\/\/corporate.mca.ca\/wp-content\/uploads\/2019\/06\/merch.png","datePublished":"2019-06-27T15:08:30+00:00","dateModified":"2019-06-27T19:13:51+00:00","description":"MCA : Gomerch est notre syst\u00e8me de collecte de donn\u00e9es sur le terrain qui nous aide \u00e0 g\u00e9rer notre effectif.","breadcrumb":{"@id":"https:\/\/corporate.mca.ca\/fr\/systemes\/gomerch\/#breadcrumb"},"inLanguage":"fr-FR","potentialAction":[{"@type":"ReadAction","target":["https:\/\/corporate.mca.ca\/fr\/systemes\/gomerch\/"]}]},{"@type":"ImageObject","inLanguage":"fr-FR","@id":"https:\/\/corporate.mca.ca\/fr\/systemes\/gomerch\/#primaryimage","url":"https:\/\/corporate.mca.ca\/wp-content\/uploads\/2019\/06\/merch.png","contentUrl":"https:\/\/corporate.mca.ca\/wp-content\/uploads\/2019\/06\/merch.png"},{"@type":"BreadcrumbList","@id":"https:\/\/corporate.mca.ca\/fr\/systemes\/gomerch\/#breadcrumb","itemListElement":[{"@type":"ListItem","position":1,"name":"Home","item":"https:\/\/corporate.mca.ca\/fr\/"},{"@type":"ListItem","position":2,"name":"Syst\u00e8mes","item":"https:\/\/corporate.mca.ca\/fr\/systemes\/"},{"@type":"ListItem","position":3,"name":"GoMerch"}]},{"@type":"WebSite","@id":"https:\/\/corporate.mca.ca\/fr\/#website","url":"https:\/\/corporate.mca.ca\/fr\/","name":"MCA","description":"","publisher":{"@id":"https:\/\/corporate.mca.ca\/fr\/#organization"},"potentialAction":[{"@type":"SearchAction","target":{"@type":"EntryPoint","urlTemplate":"https:\/\/corporate.mca.ca\/fr\/?s={search_term_string}"},"query-input":{"@type":"PropertyValueSpecification","valueRequired":true,"valueName":"search_term_string"}}],"inLanguage":"fr-FR"},{"@type":"Organization","@id":"https:\/\/corporate.mca.ca\/fr\/#organization","name":"MCA","url":"https:\/\/corporate.mca.ca\/fr\/","logo":{"@type":"ImageObject","inLanguage":"fr-FR","@id":"https:\/\/corporate.mca.ca\/fr\/#\/schema\/logo\/image\/","url":"https:\/\/corporate.mca.ca\/wp-content\/uploads\/2019\/06\/logo.png","contentUrl":"https:\/\/corporate.mca.ca\/wp-content\/uploads\/2019\/06\/logo.png","width":215,"height":104,"caption":"MCA"},"image":{"@id":"https:\/\/corporate.mca.ca\/fr\/#\/schema\/logo\/image\/"}}]}},"_links":{"self":[{"href":"https:\/\/corporate.mca.ca\/fr\/wp-json\/wp\/v2\/pages\/527","targetHints":{"allow":["GET"]}}],"collection":[{"href":"https:\/\/corporate.mca.ca\/fr\/wp-json\/wp\/v2\/pages"}],"about":[{"href":"https:\/\/corporate.mca.ca\/fr\/wp-json\/wp\/v2\/types\/page"}],"author":[{"embeddable":true,"href":"https:\/\/corporate.mca.ca\/fr\/wp-json\/wp\/v2\/users\/1"}],"replies":[{"embeddable":true,"href":"https:\/\/corporate.mca.ca\/fr\/wp-json\/wp\/v2\/comments?post=527"}],"version-history":[{"count":6,"href":"https:\/\/corporate.mca.ca\/fr\/wp-json\/wp\/v2\/pages\/527\/revisions"}],"predecessor-version":[{"id":626,"href":"https:\/\/corporate.mca.ca\/fr\/wp-json\/wp\/v2\/pages\/527\/revisions\/626"}],"up":[{"embeddable":true,"href":"https:\/\/corporate.mca.ca\/fr\/wp-json\/wp\/v2\/pages\/525"}],"wp:attachment":[{"href":"https:\/\/corporate.mca.ca\/fr\/wp-json\/wp\/v2\/media?parent=527"}],"curies":[{"name":"wp","href":"https:\/\/api.w.org\/{rel}","templated":true}]}}