{"id":521,"date":"2019-06-27T11:03:21","date_gmt":"2019-06-27T15:03:21","guid":{"rendered":"https:\/\/mca.yannick.net\/?page_id=521"},"modified":"2019-07-23T11:37:48","modified_gmt":"2019-07-23T15:37:48","slug":"representant-des-ventes-au-detail","status":"publish","type":"page","link":"https:\/\/corporate.mca.ca\/fr\/representant-des-ventes-au-detail\/","title":{"rendered":"Repr\u00e9sentant des ventes au d\u00e9tail"},"content":{"rendered":"<section class=\"content_container\">\n<div class=\"container\">\n<div class=\"row\">\n<div class=\"col-lg-12\">\n<div class=\"lc-block page-title retail-merchandising\">\n<div editable=\"rich\">\n<h1>Repr\u00e9sentant des ventes au d\u00e9tail<\/h1>\n<h2>Faites l\u2019exp\u00e9rience de la diff\u00e9rence MCA!<\/h2>\n<\/p><\/div>\n<\/p><\/div>\n<p><!-- \/lc-block -->\n\t\t\t<\/div>\n<p><!-- \/col --><\/p>\n<div class=\"col-lg-6\">\n<div class=\"border-right\">\n<div class=\"lc-block\">\n\t\t\t\t\t\t<img decoding=\"async\" class=\"img-fluid mb-4\" src=\"https:\/\/corporate.mca.ca\/wp-content\/uploads\/2019\/07\/retail-sales-representation-img-1-2.jpg\" alt=\"\">\n\t\t\t\t\t<\/div>\n<\/p><\/div>\n<\/p><\/div>\n<div class=\"col-lg-6\">\n<div class=\"lc-block retail-covering\">\n<div editable=\"rich\">\n<h2 class=\"mb-3\">Repr\u00e9sentant des ventes au d\u00e9tail<\/h2>\n<p>Nous livrons des r\u00e9sultats \u00e0 nos clients en utilisant notre \u00e9quipe de vente unique et d\u00e9di\u00e9e. MCA peut maximiser votre potentiel de vente au d\u00e9tail en renfor\u00e7ant vos relations avec les clients.<\/p>\n<h3 class=\"mb-3\">Notre \u00e9quipe de professionnels de la vente sont form\u00e9s dans ces domaines et plus&nbsp;:<\/h3>\n<ul>\n<li>N\u00e9gociation de surface et de pr\u00e9sentoirs suppl\u00e9mentaires<\/li>\n<li>Vente d\u2019articles promotionnels, pr\u00e9sentoirs secondaires et n\u00e9gociation du placement<\/li>\n<li>Gestion de l\u2019inventaire qui inclue l\u2019expiration, les articles endommag\u00e9s et les rappels de produits<\/li>\n<li>Traitement et promotion des commandes r\u00e9guli\u00e8res et saisonni\u00e8res<\/li>\n<li>\u00c9v\u00e9nements de d\u00e9gustation<\/li>\n<li>S\u00e9ances d\u2019\u00e9ducation destin\u00e9es \u00e0 la client\u00e8le<\/li>\n<li>Influence des d\u00e9cisions d\u2019achat au niveau du magasin<\/li>\n<li>Traitement des commandes<\/li>\n<li>Vente dans les salons et planification des \u00e9v\u00e9nements<\/li>\n<li>Processus de traitement et de cr\u00e9dit rapides<\/li>\n<\/ul>\n<\/div>\n<\/div>\n<div class=\"lc-block retail-covering\">\n<div lc-helper=\"shortcode\" class=\"live-shortcode\"><a href='https:\/\/corporate.mca.ca\/fr\/nous-joindre\/representant-des-ventes-au-detail' class='btn contact purple-bg'>Demande de prix<\/a><\/div>\n<\/p><\/div>\n<\/p><\/div>\n<\/p><\/div>\n<\/p><\/div>\n<\/section>\n<section class=\"testimonial_slider_container\">\n<div class=\"container\">\n<div class=\"row\">\n<div class=\"col-md-12\">\n<div class=\"lc-block\">\n<div lc-helper=\"shortcode\" class=\"live-shortcode\"><div class=\"home_testimonials_slider d-flex overflow-hidden\"><div class=\"oneTestimonial d-flex flex-column justify-content-center align-items-center\"><p class=\"titre\">Gagner au d\u00e9tail avec MCA<\/p><div class=\"desc\"><p><p class=\"western\"><span lang=\"fr-CA\">\u00ab Depuis plus de 10 ans, nous sommes en partenariat avec MCA afin d\u2019\u00e9tendre la port\u00e9e de nos \u00e9quipes de vente, de marchandisage et de v\u00e9rification. Bas\u00e9 sur l\u2019ensemble de nos strat\u00e9gies et des propri\u00e9t\u00e9s de la compagnie, notre \u00e9quipe de gestion des ventes travaille avec MCA pour \u00e9laborer des plans strat\u00e9giques sp\u00e9cifiques aux diff\u00e9rents comptes. Travaillant en tant qu'une seule \u00e9quipe, notre compagnie et MCA ex\u00e9cutent des plans, r\u00e8glent les probl\u00e8mes et capitalisent sur les opportunit\u00e9s qui se pr\u00e9sentent. Ensemble, nous avons obtenus des r\u00e9sultats significatifs, toujours en appliquant notre vision du d\u00e9tail sur l\u2019am\u00e9lioration continue. MCA contribue fortement \u00e0 la compagnie et un un partenaire en affaires qui nous est pr\u00e9cieux. \u00bb<\/span><\/p><\/p><\/div><\/div><div class=\"oneTestimonial d-flex flex-column justify-content-center align-items-center\"><p class=\"titre\">MCA - Tout Simplement les meilleurs<\/p><div class=\"desc\"><p><p class=\"western\"><span lang=\"fr-CA\">\u00ab\u00a0Notre relation de longue date avec MCA t\u00e9moigne du leadership et de leur expertise dans l\u2019\u00e9laboration de plans de marchandisage efficaces et coh\u00e9rents, et de la qualit\u00e9 de leur ex\u00e9cution\u00a0\u00bb<\/span><\/p><\/p><\/div><\/div><div class=\"oneTestimonial d-flex flex-column justify-content-center align-items-center\"><p class=\"titre\">MCA - Pr\u00eat \u00e0 la vente au d\u00e9tail<\/p><div class=\"desc\"><p><p class=\"western\"><span lang=\"fr-CA\">\u00ab\u00a0MCA est devenu un v\u00e9ritable partenaire dans la stimulation des ventes et l\u2019ex\u00e9cution globale de nos programmes en magasin. En offrant des perspectives d\u2019affaires pr\u00e9cises et utiles, une ex\u00e9cution parfaite des syst\u00e8mes de vente au d\u00e9tail, et la pr\u00e9sentation de rapport d\u00e9taill\u00e9s, MCA est devenu un pr\u00e9cieux partenaire pour notre entreprise.\u00a0\u00bb <\/span><\/p><\/p><\/div><\/div><\/div><\/div>\n<\/p><\/div>\n<p><!-- \/lc-block -->\n\t\t\t<\/div>\n<p><!-- \/col -->\n\t\t<\/div>\n<\/p><\/div>\n<\/section>\n<section><\/section>\n","protected":false},"excerpt":{"rendered":"<p>Nos clients b\u00e9n\u00e9ficient de notre succ\u00e8s en gestion des ventes gr\u00e2ce \u00e0 notre \u00e9quipe de ventes exclusive, d\u00e9vou\u00e9e et professionnelle.<\/p>\n<p>Maximisez le potentiel de vos ventes au d\u00e9tail tout en renfor\u00e7ant votre relation commerciale avec vos clients. <strong>Faites l\u2019exp\u00e9rience de la diff\u00e9rence [infos type=\"company_name\"]!<\/strong><\/p>\n","protected":false},"author":1,"featured_media":0,"parent":0,"menu_order":0,"comment_status":"closed","ping_status":"closed","template":"page-templates\/empty.php","meta":{"footnotes":""},"class_list":["post-521","page","type-page","status-publish","hentry"],"yoast_head":"<!-- This site is optimized with the Yoast SEO plugin v26.8 - https:\/\/yoast.com\/product\/yoast-seo-wordpress\/ -->\n<title>MCA - Repr\u00e9sentation des ventes au d\u00e9tail au Canada<\/title>\n<meta name=\"description\" content=\"MCA : Nous faisons une repr\u00e9sentation fiable de magasins de vente au d\u00e9tail dans de nombreuses villes\" \/>\n<meta name=\"robots\" content=\"index, follow, max-snippet:-1, max-image-preview:large, max-video-preview:-1\" \/>\n<link rel=\"canonical\" href=\"https:\/\/corporate.mca.ca\/fr\/representant-des-ventes-au-detail\/\" \/>\n<meta property=\"og:locale\" content=\"fr_FR\" \/>\n<meta property=\"og:type\" content=\"article\" \/>\n<meta property=\"og:title\" content=\"MCA - Repr\u00e9sentation des ventes au d\u00e9tail au Canada\" \/>\n<meta property=\"og:description\" content=\"MCA : Nous faisons une repr\u00e9sentation fiable de magasins de vente au d\u00e9tail dans de nombreuses villes\" \/>\n<meta property=\"og:url\" content=\"https:\/\/corporate.mca.ca\/fr\/representant-des-ventes-au-detail\/\" \/>\n<meta property=\"og:site_name\" content=\"MCA\" \/>\n<meta property=\"article:modified_time\" content=\"2019-07-23T15:37:48+00:00\" \/>\n<meta property=\"og:image\" content=\"https:\/\/corporate.mca.ca\/wp-content\/uploads\/2019\/07\/retail-sales-representation-img-1-2.jpg\" \/>\n<meta name=\"twitter:card\" content=\"summary_large_image\" \/>\n<meta name=\"twitter:label1\" content=\"Dur\u00e9e de lecture estim\u00e9e\" \/>\n\t<meta name=\"twitter:data1\" content=\"1 minute\" \/>\n<script type=\"application\/ld+json\" class=\"yoast-schema-graph\">{\"@context\":\"https:\/\/schema.org\",\"@graph\":[{\"@type\":\"WebPage\",\"@id\":\"https:\/\/corporate.mca.ca\/fr\/representant-des-ventes-au-detail\/\",\"url\":\"https:\/\/corporate.mca.ca\/fr\/representant-des-ventes-au-detail\/\",\"name\":\"MCA - Repr\u00e9sentation des ventes au d\u00e9tail au Canada\",\"isPartOf\":{\"@id\":\"https:\/\/corporate.mca.ca\/fr\/#website\"},\"primaryImageOfPage\":{\"@id\":\"https:\/\/corporate.mca.ca\/fr\/representant-des-ventes-au-detail\/#primaryimage\"},\"image\":{\"@id\":\"https:\/\/corporate.mca.ca\/fr\/representant-des-ventes-au-detail\/#primaryimage\"},\"thumbnailUrl\":\"https:\/\/corporate.mca.ca\/wp-content\/uploads\/2019\/07\/retail-sales-representation-img-1-2.jpg\",\"datePublished\":\"2019-06-27T15:03:21+00:00\",\"dateModified\":\"2019-07-23T15:37:48+00:00\",\"description\":\"MCA : Nous faisons une repr\u00e9sentation fiable de magasins de vente au d\u00e9tail dans de nombreuses villes\",\"breadcrumb\":{\"@id\":\"https:\/\/corporate.mca.ca\/fr\/representant-des-ventes-au-detail\/#breadcrumb\"},\"inLanguage\":\"fr-FR\",\"potentialAction\":[{\"@type\":\"ReadAction\",\"target\":[\"https:\/\/corporate.mca.ca\/fr\/representant-des-ventes-au-detail\/\"]}]},{\"@type\":\"ImageObject\",\"inLanguage\":\"fr-FR\",\"@id\":\"https:\/\/corporate.mca.ca\/fr\/representant-des-ventes-au-detail\/#primaryimage\",\"url\":\"https:\/\/corporate.mca.ca\/wp-content\/uploads\/2019\/07\/retail-sales-representation-img-1-2.jpg\",\"contentUrl\":\"https:\/\/corporate.mca.ca\/wp-content\/uploads\/2019\/07\/retail-sales-representation-img-1-2.jpg\"},{\"@type\":\"BreadcrumbList\",\"@id\":\"https:\/\/corporate.mca.ca\/fr\/representant-des-ventes-au-detail\/#breadcrumb\",\"itemListElement\":[{\"@type\":\"ListItem\",\"position\":1,\"name\":\"Home\",\"item\":\"https:\/\/corporate.mca.ca\/fr\/\"},{\"@type\":\"ListItem\",\"position\":2,\"name\":\"Repr\u00e9sentant des ventes au d\u00e9tail\"}]},{\"@type\":\"WebSite\",\"@id\":\"https:\/\/corporate.mca.ca\/fr\/#website\",\"url\":\"https:\/\/corporate.mca.ca\/fr\/\",\"name\":\"MCA\",\"description\":\"\",\"publisher\":{\"@id\":\"https:\/\/corporate.mca.ca\/fr\/#organization\"},\"potentialAction\":[{\"@type\":\"SearchAction\",\"target\":{\"@type\":\"EntryPoint\",\"urlTemplate\":\"https:\/\/corporate.mca.ca\/fr\/?s={search_term_string}\"},\"query-input\":{\"@type\":\"PropertyValueSpecification\",\"valueRequired\":true,\"valueName\":\"search_term_string\"}}],\"inLanguage\":\"fr-FR\"},{\"@type\":\"Organization\",\"@id\":\"https:\/\/corporate.mca.ca\/fr\/#organization\",\"name\":\"MCA\",\"url\":\"https:\/\/corporate.mca.ca\/fr\/\",\"logo\":{\"@type\":\"ImageObject\",\"inLanguage\":\"fr-FR\",\"@id\":\"https:\/\/corporate.mca.ca\/fr\/#\/schema\/logo\/image\/\",\"url\":\"https:\/\/corporate.mca.ca\/wp-content\/uploads\/2019\/06\/logo.png\",\"contentUrl\":\"https:\/\/corporate.mca.ca\/wp-content\/uploads\/2019\/06\/logo.png\",\"width\":215,\"height\":104,\"caption\":\"MCA\"},\"image\":{\"@id\":\"https:\/\/corporate.mca.ca\/fr\/#\/schema\/logo\/image\/\"}}]}<\/script>\n<!-- \/ Yoast SEO plugin. -->","yoast_head_json":{"title":"MCA - Repr\u00e9sentation des ventes au d\u00e9tail au Canada","description":"MCA : Nous faisons une repr\u00e9sentation fiable de magasins de vente au d\u00e9tail dans de nombreuses villes","robots":{"index":"index","follow":"follow","max-snippet":"max-snippet:-1","max-image-preview":"max-image-preview:large","max-video-preview":"max-video-preview:-1"},"canonical":"https:\/\/corporate.mca.ca\/fr\/representant-des-ventes-au-detail\/","og_locale":"fr_FR","og_type":"article","og_title":"MCA - Repr\u00e9sentation des ventes au d\u00e9tail au Canada","og_description":"MCA : Nous faisons une repr\u00e9sentation fiable de magasins de vente au d\u00e9tail dans de nombreuses villes","og_url":"https:\/\/corporate.mca.ca\/fr\/representant-des-ventes-au-detail\/","og_site_name":"MCA","article_modified_time":"2019-07-23T15:37:48+00:00","og_image":[{"url":"https:\/\/corporate.mca.ca\/wp-content\/uploads\/2019\/07\/retail-sales-representation-img-1-2.jpg","type":"","width":"","height":""}],"twitter_card":"summary_large_image","twitter_misc":{"Dur\u00e9e de lecture estim\u00e9e":"1 minute"},"schema":{"@context":"https:\/\/schema.org","@graph":[{"@type":"WebPage","@id":"https:\/\/corporate.mca.ca\/fr\/representant-des-ventes-au-detail\/","url":"https:\/\/corporate.mca.ca\/fr\/representant-des-ventes-au-detail\/","name":"MCA - Repr\u00e9sentation des ventes au d\u00e9tail au Canada","isPartOf":{"@id":"https:\/\/corporate.mca.ca\/fr\/#website"},"primaryImageOfPage":{"@id":"https:\/\/corporate.mca.ca\/fr\/representant-des-ventes-au-detail\/#primaryimage"},"image":{"@id":"https:\/\/corporate.mca.ca\/fr\/representant-des-ventes-au-detail\/#primaryimage"},"thumbnailUrl":"https:\/\/corporate.mca.ca\/wp-content\/uploads\/2019\/07\/retail-sales-representation-img-1-2.jpg","datePublished":"2019-06-27T15:03:21+00:00","dateModified":"2019-07-23T15:37:48+00:00","description":"MCA : Nous faisons une repr\u00e9sentation fiable de magasins de vente au d\u00e9tail dans de nombreuses villes","breadcrumb":{"@id":"https:\/\/corporate.mca.ca\/fr\/representant-des-ventes-au-detail\/#breadcrumb"},"inLanguage":"fr-FR","potentialAction":[{"@type":"ReadAction","target":["https:\/\/corporate.mca.ca\/fr\/representant-des-ventes-au-detail\/"]}]},{"@type":"ImageObject","inLanguage":"fr-FR","@id":"https:\/\/corporate.mca.ca\/fr\/representant-des-ventes-au-detail\/#primaryimage","url":"https:\/\/corporate.mca.ca\/wp-content\/uploads\/2019\/07\/retail-sales-representation-img-1-2.jpg","contentUrl":"https:\/\/corporate.mca.ca\/wp-content\/uploads\/2019\/07\/retail-sales-representation-img-1-2.jpg"},{"@type":"BreadcrumbList","@id":"https:\/\/corporate.mca.ca\/fr\/representant-des-ventes-au-detail\/#breadcrumb","itemListElement":[{"@type":"ListItem","position":1,"name":"Home","item":"https:\/\/corporate.mca.ca\/fr\/"},{"@type":"ListItem","position":2,"name":"Repr\u00e9sentant des ventes au d\u00e9tail"}]},{"@type":"WebSite","@id":"https:\/\/corporate.mca.ca\/fr\/#website","url":"https:\/\/corporate.mca.ca\/fr\/","name":"MCA","description":"","publisher":{"@id":"https:\/\/corporate.mca.ca\/fr\/#organization"},"potentialAction":[{"@type":"SearchAction","target":{"@type":"EntryPoint","urlTemplate":"https:\/\/corporate.mca.ca\/fr\/?s={search_term_string}"},"query-input":{"@type":"PropertyValueSpecification","valueRequired":true,"valueName":"search_term_string"}}],"inLanguage":"fr-FR"},{"@type":"Organization","@id":"https:\/\/corporate.mca.ca\/fr\/#organization","name":"MCA","url":"https:\/\/corporate.mca.ca\/fr\/","logo":{"@type":"ImageObject","inLanguage":"fr-FR","@id":"https:\/\/corporate.mca.ca\/fr\/#\/schema\/logo\/image\/","url":"https:\/\/corporate.mca.ca\/wp-content\/uploads\/2019\/06\/logo.png","contentUrl":"https:\/\/corporate.mca.ca\/wp-content\/uploads\/2019\/06\/logo.png","width":215,"height":104,"caption":"MCA"},"image":{"@id":"https:\/\/corporate.mca.ca\/fr\/#\/schema\/logo\/image\/"}}]}},"_links":{"self":[{"href":"https:\/\/corporate.mca.ca\/fr\/wp-json\/wp\/v2\/pages\/521","targetHints":{"allow":["GET"]}}],"collection":[{"href":"https:\/\/corporate.mca.ca\/fr\/wp-json\/wp\/v2\/pages"}],"about":[{"href":"https:\/\/corporate.mca.ca\/fr\/wp-json\/wp\/v2\/types\/page"}],"author":[{"embeddable":true,"href":"https:\/\/corporate.mca.ca\/fr\/wp-json\/wp\/v2\/users\/1"}],"replies":[{"embeddable":true,"href":"https:\/\/corporate.mca.ca\/fr\/wp-json\/wp\/v2\/comments?post=521"}],"version-history":[{"count":10,"href":"https:\/\/corporate.mca.ca\/fr\/wp-json\/wp\/v2\/pages\/521\/revisions"}],"predecessor-version":[{"id":1049,"href":"https:\/\/corporate.mca.ca\/fr\/wp-json\/wp\/v2\/pages\/521\/revisions\/1049"}],"wp:attachment":[{"href":"https:\/\/corporate.mca.ca\/fr\/wp-json\/wp\/v2\/media?parent=521"}],"curies":[{"name":"wp","href":"https:\/\/api.w.org\/{rel}","templated":true}]}}