{"id":516,"date":"2019-06-27T10:57:38","date_gmt":"2019-06-27T14:57:38","guid":{"rendered":"https:\/\/mca.yannick.net\/?page_id=516"},"modified":"2019-08-01T11:16:59","modified_gmt":"2019-08-01T15:16:59","slug":"marchandisage-au-detail","status":"publish","type":"page","link":"https:\/\/corporate.mca.ca\/fr\/marchandisage-au-detail\/","title":{"rendered":"Marchandisage au d\u00e9tail"},"content":{"rendered":"<section class=\"content_container clearfix\">\n<div class=\"container\">\n<div class=\"row d-lg-block\">\n<div class=\"col-lg-12\">\n<div class=\"lc-block page-title retail-merchandising\">\n<div editable=\"rich\">\n<h1>Marchandisage au d\u00e9tail<\/h1>\n<h2>Des r\u00e9sultats exceptionnels par le biais de l\u2019excellence d\u2019ex\u00e9cution<\/h2>\n<\/p><\/div>\n<\/p><\/div>\n<p><!-- \/lc-block -->\n\t\t<\/div>\n<p><!-- \/col --><\/p>\n<div class=\"col-lg-6 float-lg-left\">\n<div class=\"border-right\">\n<div class=\"lc-block\">\n\t\t\t\t\t<img decoding=\"async\" class=\"img-fluid mb-4\" src=\"https:\/\/corporate.mca.ca\/wp-content\/uploads\/2019\/07\/retail-merchandising-img1.jpg\" alt=\"\">\n\t\t\t\t<\/div>\n<\/p><\/div>\n<\/p><\/div>\n<div class=\"col-lg-6 float-lg-right\">\n<div class=\"lc-block retail-covering\">\n<div editable=\"rich\">\n<h4>Une approche r\u00e9aliste <br \/>\u00e0 la&nbsp;vente au d\u00e9tail<\/h4>\n<h2>MARCHANDISAGE AU D\u00c9TAIL<\/h2>\n<p>MCA offre les meilleurs services de marchandisage en Am\u00e9rique du Nord, en tout temps! MCA obtient d&rsquo;excellents r\u00e9sultats en livrant des visites de marchandisage efficaces et ex\u00e9cut\u00e9s avec professionnalisme.<\/p>\n<h3>Nous nous sp\u00e9cialisons dans ces diff\u00e9rents secteurs&nbsp;:<\/h3>\n<\/p>\n<ul>\n<li>Programmes d\u2019intensification des ventes, de campagnes \u00e9clair et de marchandisage continu<\/li>\n<li>Services d\u2019installation de technologie d\u2019un tiers parti<\/li>\n<li>Services d\u2019installation et de r\u00e9am\u00e9nagement de planogramme<\/li>\n<li>Services d\u2019ex\u00e9cution d\u2019affichage et de promotion<\/li>\n<li>Rappels de produits<\/li>\n<li>R\u00e9arrangements partiels ou complets de magasins<\/li>\n<li>Installation des fixations et des affiches<\/li>\n<li>R\u00e9novation et mise en place de nouveaux magasins<\/li>\n<li>Mise en place de magasin laboratoire&nbsp;<\/li>\n<\/ul>\n<\/p><\/div>\n<\/p><\/div>\n<div class=\"lc-block retail-covering\">\n<div lc-helper=\"shortcode\" class=\"live-shortcode\"><a href='https:\/\/corporate.mca.ca\/fr\/nous-joindre\/marchandisage-au-detail' class='btn contact purple-bg'>Demande de prix<\/a><\/div>\n<\/p><\/div>\n<\/p><\/div>\n<div class=\"col-lg-6 float-lg-left\">\n<div class=\"border-right border-md-top\">\n<div class=\"lc-block\">\n<div lc-helper=\"shortcode\" class=\"live-shortcode\"><a href=\"https:\/\/corporate.mca.ca\/wp-content\/themes\/yannickweb\/assets\/videos\/retail-mechandising-video.mp4\" class=\"video_link d-none d-lg-flex\" data-video-source=\"\" title=\"Retail mechandising video\"><img decoding=\"async\" src=\"https:\/\/corporate.mca.ca\/wp-content\/themes\/yannickweb\/assets\/images\/retail-mechandising-video.jpg\" class=\"video_img\" alt=\"Retail mechandising video\" \/><\/a><\/div>\n<\/p><\/div>\n<\/p><\/div>\n<\/p><\/div>\n<\/p><\/div>\n<\/div>\n<\/section>\n<section class=\"testimonial_slider_container\">\n<div class=\"container\">\n<div class=\"row\">\n<div class=\"col-md-12\">\n<div class=\"lc-block\">\n<div lc-helper=\"shortcode\" class=\"live-shortcode\"><div class=\"home_testimonials_slider d-flex overflow-hidden\"><div class=\"oneTestimonial d-flex flex-column justify-content-center align-items-center\"><p class=\"titre\">MCA - Pr\u00eat \u00e0 la vente au d\u00e9tail<\/p><div class=\"desc\"><p><p class=\"western\"><span lang=\"fr-CA\">\u00ab\u00a0MCA est devenu un v\u00e9ritable partenaire dans la stimulation des ventes et l\u2019ex\u00e9cution globale de nos programmes en magasin. En offrant des perspectives d\u2019affaires pr\u00e9cises et utiles, une ex\u00e9cution parfaite des syst\u00e8mes de vente au d\u00e9tail, et la pr\u00e9sentation de rapport d\u00e9taill\u00e9s, MCA est devenu un pr\u00e9cieux partenaire pour notre entreprise.\u00a0\u00bb <\/span><\/p><\/p><\/div><\/div><div class=\"oneTestimonial d-flex flex-column justify-content-center align-items-center\"><p class=\"titre\">Gagner au d\u00e9tail avec MCA<\/p><div class=\"desc\"><p><p class=\"western\"><span lang=\"fr-CA\">\u00ab Depuis plus de 10 ans, nous sommes en partenariat avec MCA afin d\u2019\u00e9tendre la port\u00e9e de nos \u00e9quipes de vente, de marchandisage et de v\u00e9rification. Bas\u00e9 sur l\u2019ensemble de nos strat\u00e9gies et des propri\u00e9t\u00e9s de la compagnie, notre \u00e9quipe de gestion des ventes travaille avec MCA pour \u00e9laborer des plans strat\u00e9giques sp\u00e9cifiques aux diff\u00e9rents comptes. Travaillant en tant qu'une seule \u00e9quipe, notre compagnie et MCA ex\u00e9cutent des plans, r\u00e8glent les probl\u00e8mes et capitalisent sur les opportunit\u00e9s qui se pr\u00e9sentent. Ensemble, nous avons obtenus des r\u00e9sultats significatifs, toujours en appliquant notre vision du d\u00e9tail sur l\u2019am\u00e9lioration continue. MCA contribue fortement \u00e0 la compagnie et un un partenaire en affaires qui nous est pr\u00e9cieux. \u00bb<\/span><\/p><\/p><\/div><\/div><div class=\"oneTestimonial d-flex flex-column justify-content-center align-items-center\"><p class=\"titre\">MCA - Tout Simplement les meilleurs<\/p><div class=\"desc\"><p><p class=\"western\"><span lang=\"fr-CA\">\u00ab\u00a0Notre relation de longue date avec MCA t\u00e9moigne du leadership et de leur expertise dans l\u2019\u00e9laboration de plans de marchandisage efficaces et coh\u00e9rents, et de la qualit\u00e9 de leur ex\u00e9cution\u00a0\u00bb<\/span><\/p><\/p><\/div><\/div><\/div><\/div>\n<\/p><\/div>\n<p><!-- \/lc-block -->\n\t\t\t<\/div>\n<p><!-- \/col -->\n\t\t<\/div>\n<\/p><\/div>\n<\/section>\n","protected":false},"excerpt":{"rendered":"<p>[infos type=\"company_name\"] offre des services de marchandisage de premi\u00e8re qualit\u00e9 toute la journ\u00e9e, tous les jours! Nous r\u00e9alisons des dizaines de milliers de visites de magasins par an, parfaitement ex\u00e9cut\u00e9es.<\/p>\n<p>[infos type=\"company_name\"] accomplit d\u2019excellents r\u00e9sultats par la prestation efficace et professionnelle de mandats de marchandisage.<\/p>\n","protected":false},"author":1,"featured_media":0,"parent":0,"menu_order":0,"comment_status":"closed","ping_status":"closed","template":"page-templates\/empty.php","meta":{"footnotes":""},"class_list":["post-516","page","type-page","status-publish","hentry"],"yoast_head":"<!-- This site is optimized with the Yoast SEO plugin v26.8 - https:\/\/yoast.com\/product\/yoast-seo-wordpress\/ -->\n<title>MCA - Leaders du marchandisage au d\u00e9tail en Am\u00e9rique du Nord<\/title>\n<meta name=\"description\" content=\"MCA : Nos services de marchandisage au d\u00e9tail nous ont aid\u00e9s \u00e0 nous positionner comme chefs de file dans le domaine \u00e0 travers le Canada\" \/>\n<meta name=\"robots\" content=\"index, follow, max-snippet:-1, max-image-preview:large, max-video-preview:-1\" \/>\n<link rel=\"canonical\" href=\"https:\/\/corporate.mca.ca\/fr\/marchandisage-au-detail\/\" \/>\n<meta property=\"og:locale\" content=\"fr_FR\" \/>\n<meta property=\"og:type\" content=\"article\" \/>\n<meta property=\"og:title\" content=\"MCA - Leaders du marchandisage au d\u00e9tail en Am\u00e9rique du Nord\" \/>\n<meta property=\"og:description\" content=\"MCA : Nos services de marchandisage au d\u00e9tail nous ont aid\u00e9s \u00e0 nous positionner comme chefs de file dans le domaine \u00e0 travers le Canada\" \/>\n<meta property=\"og:url\" content=\"https:\/\/corporate.mca.ca\/fr\/marchandisage-au-detail\/\" \/>\n<meta property=\"og:site_name\" content=\"MCA\" \/>\n<meta property=\"article:modified_time\" content=\"2019-08-01T15:16:59+00:00\" \/>\n<meta property=\"og:image\" content=\"https:\/\/corporate.mca.ca\/wp-content\/uploads\/2019\/07\/retail-merchandising-img1.jpg\" \/>\n<meta name=\"twitter:card\" content=\"summary_large_image\" \/>\n<meta name=\"twitter:label1\" content=\"Dur\u00e9e de lecture estim\u00e9e\" \/>\n\t<meta name=\"twitter:data1\" content=\"1 minute\" \/>\n<script type=\"application\/ld+json\" class=\"yoast-schema-graph\">{\"@context\":\"https:\/\/schema.org\",\"@graph\":[{\"@type\":\"WebPage\",\"@id\":\"https:\/\/corporate.mca.ca\/fr\/marchandisage-au-detail\/\",\"url\":\"https:\/\/corporate.mca.ca\/fr\/marchandisage-au-detail\/\",\"name\":\"MCA - Leaders du marchandisage au d\u00e9tail en Am\u00e9rique du Nord\",\"isPartOf\":{\"@id\":\"https:\/\/corporate.mca.ca\/fr\/#website\"},\"primaryImageOfPage\":{\"@id\":\"https:\/\/corporate.mca.ca\/fr\/marchandisage-au-detail\/#primaryimage\"},\"image\":{\"@id\":\"https:\/\/corporate.mca.ca\/fr\/marchandisage-au-detail\/#primaryimage\"},\"thumbnailUrl\":\"https:\/\/corporate.mca.ca\/wp-content\/uploads\/2019\/07\/retail-merchandising-img1.jpg\",\"datePublished\":\"2019-06-27T14:57:38+00:00\",\"dateModified\":\"2019-08-01T15:16:59+00:00\",\"description\":\"MCA : Nos services de marchandisage au d\u00e9tail nous ont aid\u00e9s \u00e0 nous positionner comme chefs de file dans le domaine \u00e0 travers le Canada\",\"breadcrumb\":{\"@id\":\"https:\/\/corporate.mca.ca\/fr\/marchandisage-au-detail\/#breadcrumb\"},\"inLanguage\":\"fr-FR\",\"potentialAction\":[{\"@type\":\"ReadAction\",\"target\":[\"https:\/\/corporate.mca.ca\/fr\/marchandisage-au-detail\/\"]}]},{\"@type\":\"ImageObject\",\"inLanguage\":\"fr-FR\",\"@id\":\"https:\/\/corporate.mca.ca\/fr\/marchandisage-au-detail\/#primaryimage\",\"url\":\"https:\/\/corporate.mca.ca\/wp-content\/uploads\/2019\/07\/retail-merchandising-img1.jpg\",\"contentUrl\":\"https:\/\/corporate.mca.ca\/wp-content\/uploads\/2019\/07\/retail-merchandising-img1.jpg\"},{\"@type\":\"BreadcrumbList\",\"@id\":\"https:\/\/corporate.mca.ca\/fr\/marchandisage-au-detail\/#breadcrumb\",\"itemListElement\":[{\"@type\":\"ListItem\",\"position\":1,\"name\":\"Home\",\"item\":\"https:\/\/corporate.mca.ca\/fr\/\"},{\"@type\":\"ListItem\",\"position\":2,\"name\":\"Marchandisage au d\u00e9tail\"}]},{\"@type\":\"WebSite\",\"@id\":\"https:\/\/corporate.mca.ca\/fr\/#website\",\"url\":\"https:\/\/corporate.mca.ca\/fr\/\",\"name\":\"MCA\",\"description\":\"\",\"publisher\":{\"@id\":\"https:\/\/corporate.mca.ca\/fr\/#organization\"},\"potentialAction\":[{\"@type\":\"SearchAction\",\"target\":{\"@type\":\"EntryPoint\",\"urlTemplate\":\"https:\/\/corporate.mca.ca\/fr\/?s={search_term_string}\"},\"query-input\":{\"@type\":\"PropertyValueSpecification\",\"valueRequired\":true,\"valueName\":\"search_term_string\"}}],\"inLanguage\":\"fr-FR\"},{\"@type\":\"Organization\",\"@id\":\"https:\/\/corporate.mca.ca\/fr\/#organization\",\"name\":\"MCA\",\"url\":\"https:\/\/corporate.mca.ca\/fr\/\",\"logo\":{\"@type\":\"ImageObject\",\"inLanguage\":\"fr-FR\",\"@id\":\"https:\/\/corporate.mca.ca\/fr\/#\/schema\/logo\/image\/\",\"url\":\"https:\/\/corporate.mca.ca\/wp-content\/uploads\/2019\/06\/logo.png\",\"contentUrl\":\"https:\/\/corporate.mca.ca\/wp-content\/uploads\/2019\/06\/logo.png\",\"width\":215,\"height\":104,\"caption\":\"MCA\"},\"image\":{\"@id\":\"https:\/\/corporate.mca.ca\/fr\/#\/schema\/logo\/image\/\"}}]}<\/script>\n<!-- \/ Yoast SEO plugin. -->","yoast_head_json":{"title":"MCA - Leaders du marchandisage au d\u00e9tail en Am\u00e9rique du Nord","description":"MCA : Nos services de marchandisage au d\u00e9tail nous ont aid\u00e9s \u00e0 nous positionner comme chefs de file dans le domaine \u00e0 travers le Canada","robots":{"index":"index","follow":"follow","max-snippet":"max-snippet:-1","max-image-preview":"max-image-preview:large","max-video-preview":"max-video-preview:-1"},"canonical":"https:\/\/corporate.mca.ca\/fr\/marchandisage-au-detail\/","og_locale":"fr_FR","og_type":"article","og_title":"MCA - Leaders du marchandisage au d\u00e9tail en Am\u00e9rique du Nord","og_description":"MCA : Nos services de marchandisage au d\u00e9tail nous ont aid\u00e9s \u00e0 nous positionner comme chefs de file dans le domaine \u00e0 travers le Canada","og_url":"https:\/\/corporate.mca.ca\/fr\/marchandisage-au-detail\/","og_site_name":"MCA","article_modified_time":"2019-08-01T15:16:59+00:00","og_image":[{"url":"https:\/\/corporate.mca.ca\/wp-content\/uploads\/2019\/07\/retail-merchandising-img1.jpg","type":"","width":"","height":""}],"twitter_card":"summary_large_image","twitter_misc":{"Dur\u00e9e de lecture estim\u00e9e":"1 minute"},"schema":{"@context":"https:\/\/schema.org","@graph":[{"@type":"WebPage","@id":"https:\/\/corporate.mca.ca\/fr\/marchandisage-au-detail\/","url":"https:\/\/corporate.mca.ca\/fr\/marchandisage-au-detail\/","name":"MCA - Leaders du marchandisage au d\u00e9tail en Am\u00e9rique du Nord","isPartOf":{"@id":"https:\/\/corporate.mca.ca\/fr\/#website"},"primaryImageOfPage":{"@id":"https:\/\/corporate.mca.ca\/fr\/marchandisage-au-detail\/#primaryimage"},"image":{"@id":"https:\/\/corporate.mca.ca\/fr\/marchandisage-au-detail\/#primaryimage"},"thumbnailUrl":"https:\/\/corporate.mca.ca\/wp-content\/uploads\/2019\/07\/retail-merchandising-img1.jpg","datePublished":"2019-06-27T14:57:38+00:00","dateModified":"2019-08-01T15:16:59+00:00","description":"MCA : Nos services de marchandisage au d\u00e9tail nous ont aid\u00e9s \u00e0 nous positionner comme chefs de file dans le domaine \u00e0 travers le Canada","breadcrumb":{"@id":"https:\/\/corporate.mca.ca\/fr\/marchandisage-au-detail\/#breadcrumb"},"inLanguage":"fr-FR","potentialAction":[{"@type":"ReadAction","target":["https:\/\/corporate.mca.ca\/fr\/marchandisage-au-detail\/"]}]},{"@type":"ImageObject","inLanguage":"fr-FR","@id":"https:\/\/corporate.mca.ca\/fr\/marchandisage-au-detail\/#primaryimage","url":"https:\/\/corporate.mca.ca\/wp-content\/uploads\/2019\/07\/retail-merchandising-img1.jpg","contentUrl":"https:\/\/corporate.mca.ca\/wp-content\/uploads\/2019\/07\/retail-merchandising-img1.jpg"},{"@type":"BreadcrumbList","@id":"https:\/\/corporate.mca.ca\/fr\/marchandisage-au-detail\/#breadcrumb","itemListElement":[{"@type":"ListItem","position":1,"name":"Home","item":"https:\/\/corporate.mca.ca\/fr\/"},{"@type":"ListItem","position":2,"name":"Marchandisage au d\u00e9tail"}]},{"@type":"WebSite","@id":"https:\/\/corporate.mca.ca\/fr\/#website","url":"https:\/\/corporate.mca.ca\/fr\/","name":"MCA","description":"","publisher":{"@id":"https:\/\/corporate.mca.ca\/fr\/#organization"},"potentialAction":[{"@type":"SearchAction","target":{"@type":"EntryPoint","urlTemplate":"https:\/\/corporate.mca.ca\/fr\/?s={search_term_string}"},"query-input":{"@type":"PropertyValueSpecification","valueRequired":true,"valueName":"search_term_string"}}],"inLanguage":"fr-FR"},{"@type":"Organization","@id":"https:\/\/corporate.mca.ca\/fr\/#organization","name":"MCA","url":"https:\/\/corporate.mca.ca\/fr\/","logo":{"@type":"ImageObject","inLanguage":"fr-FR","@id":"https:\/\/corporate.mca.ca\/fr\/#\/schema\/logo\/image\/","url":"https:\/\/corporate.mca.ca\/wp-content\/uploads\/2019\/06\/logo.png","contentUrl":"https:\/\/corporate.mca.ca\/wp-content\/uploads\/2019\/06\/logo.png","width":215,"height":104,"caption":"MCA"},"image":{"@id":"https:\/\/corporate.mca.ca\/fr\/#\/schema\/logo\/image\/"}}]}},"_links":{"self":[{"href":"https:\/\/corporate.mca.ca\/fr\/wp-json\/wp\/v2\/pages\/516","targetHints":{"allow":["GET"]}}],"collection":[{"href":"https:\/\/corporate.mca.ca\/fr\/wp-json\/wp\/v2\/pages"}],"about":[{"href":"https:\/\/corporate.mca.ca\/fr\/wp-json\/wp\/v2\/types\/page"}],"author":[{"embeddable":true,"href":"https:\/\/corporate.mca.ca\/fr\/wp-json\/wp\/v2\/users\/1"}],"replies":[{"embeddable":true,"href":"https:\/\/corporate.mca.ca\/fr\/wp-json\/wp\/v2\/comments?post=516"}],"version-history":[{"count":18,"href":"https:\/\/corporate.mca.ca\/fr\/wp-json\/wp\/v2\/pages\/516\/revisions"}],"predecessor-version":[{"id":1087,"href":"https:\/\/corporate.mca.ca\/fr\/wp-json\/wp\/v2\/pages\/516\/revisions\/1087"}],"wp:attachment":[{"href":"https:\/\/corporate.mca.ca\/fr\/wp-json\/wp\/v2\/media?parent=516"}],"curies":[{"name":"wp","href":"https:\/\/api.w.org\/{rel}","templated":true}]}}