{"id":511,"date":"2019-06-27T10:52:36","date_gmt":"2019-06-27T14:52:36","guid":{"rendered":"https:\/\/mca.yannick.net\/?page_id=511"},"modified":"2019-08-01T11:31:16","modified_gmt":"2019-08-01T15:31:16","slug":"crowdsourcing-au-detail","status":"publish","type":"page","link":"https:\/\/corporate.mca.ca\/fr\/crowdsourcing-au-detail\/","title":{"rendered":"Crowdsourcing au d\u00e9tail"},"content":{"rendered":"<section class=\"content_container clearfix\">\n<div class=\"container\">\n<div class=\"row d-lg-block\">\n<div class=\"col-lg-12\">\n<div class=\"lc-block page-title retail-merchandising fr-text\">\n<div editable=\"rich\">\n<h1>Crowdsourcing au d\u00e9tail<\/h1>\n<h2>MCA a construit une communaut\u00e9 de milliers de consommateurs \u00e0 travers le pays!<\/h2>\n<\/p><\/div>\n<\/p><\/div>\n<p><!-- \/lc-block -->\n\t\t<\/div>\n<p><!-- \/col --><\/p>\n<div class=\"col-lg-6 float-lg-left\">\n<div class=\"border-right\">\n<div class=\"lc-block\">\n\t\t\t\t\t<img decoding=\"async\" class=\"img-fluid mb-4\" src=\"https:\/\/corporate.mca.ca\/wp-content\/uploads\/2019\/07\/retail-crowdsourcing-img.jpg\" alt=\"\">\n\t\t\t\t<\/div>\n<\/p><\/div>\n<\/p><\/div>\n<div class=\"col-lg-6 float-lg-right\">\n<div class=\"lc-block retail-covering\">\n<div editable=\"rich\">\n<h4>Couverture des ventes au d\u00e9tail au Canada<\/h4>\n<h2 class=\"mb-4\">Crowdsourcing au d\u00e9tail<\/h2>\n<h3 class=\"mb-3\">FAIRE PLUS avec MCA:<\/h3>\n<ul>\n<li>MCA offre un cycle de service complet : Observe\u2019iT &#8211; Report\u2019iT &#8211; Fix\u2019iT<\/li>\n<li>Acqu\u00e9rir de la visibilit\u00e9 dans l\u2019ex\u00e9cution en magasin \u00e0 un prix abordable en utilisant l\u2019outil de crowdsourcing de MCA, Tcheck\u2019iT<\/li>\n<li>Collecter l\u2019information relative \u00e0 la vente en utilisant des consommateurs normaux pour des r\u00e9sultats non biais\u00e9s<\/li>\n<li>Gr\u00e2ce \u00e0 la puissance de la production participative, MCA a \u00e9tabli une communaut\u00e9 de milliers de consommateurs \u00e0 l\u2019\u00e9chelle nationale qui peut recueillir presque tous les types d\u2019informations au niveau du magasin en quelques minutes, simplement en utilisant leurs t\u00e9l\u00e9phones intelligents.<\/li>\n<li>Nous comprenons la vente au d\u00e9tail, les chances sont que vous \u00eates d\u00e9j\u00e0 l\u2019un de nos clients ou que nous travaillons dans vos magasins. Nous sommes des professionnels de la vente au d\u00e9tail, menant des dizaines de milliers d\u2019appels de services professionnels par ann\u00e9e. Par cons\u00e9quent, nous g\u00e9rons et formons notre communaut\u00e9 de consommateurs avec le m\u00eame souci du d\u00e9tail que nos propres professionnels.<\/li>\n<li>Soyez pr\u00eats pour le d\u00e9tail, et sachez quand et o\u00f9 intervenir avec Tcheck\u2019iT par MCA.<\/li>\n<\/ul><\/div>\n<\/p><\/div>\n<div class=\"lc-block retail-covering\">\n<div lc-helper=\"shortcode\" class=\"live-shortcode\"><a href='https:\/\/corporate.mca.ca\/fr\/nous-joindre\/crowdsourcing-au-detail' class='btn contact purple-bg'>Demande de prix<\/a><\/div>\n<\/p><\/div>\n<\/p><\/div>\n<div class=\"col-lg-6 float-lg-left\">\n<div class=\"border-right border-md-top\">\n<div class=\"lc-block\">\n<div lc-helper=\"shortcode\" class=\"live-shortcode\"><a href=\"https:\/\/corporate.mca.ca\/wp-content\/themes\/yannickweb\/assets\/videos\/retail-crowdsourcing-video.mp4\" class=\"video_link d-none d-lg-flex\" data-video-source=\"\" title=\"Retail crowdsourcing video\"><img decoding=\"async\" src=\"https:\/\/corporate.mca.ca\/wp-content\/themes\/yannickweb\/assets\/images\/retail-crowdsourcing-video.jpg\" class=\"video_img\" alt=\"Retail crowdsourcing video\" \/><\/a><\/div>\n<\/p><\/div>\n<\/p><\/div>\n<\/p><\/div>\n<\/p><\/div>\n<\/div>\n<\/section>\n<section class=\"testimonial_slider_container\">\n<div class=\"container\">\n<div class=\"row\">\n<div class=\"col-md-12\">\n<div class=\"lc-block\">\n<div lc-helper=\"shortcode\" class=\"live-shortcode\"><div class=\"home_testimonials_slider d-flex overflow-hidden\"><div class=\"oneTestimonial d-flex flex-column justify-content-center align-items-center\"><p class=\"titre\">Gagner au d\u00e9tail avec MCA<\/p><div class=\"desc\"><p><p class=\"western\"><span lang=\"fr-CA\">\u00ab Depuis plus de 10 ans, nous sommes en partenariat avec MCA afin d\u2019\u00e9tendre la port\u00e9e de nos \u00e9quipes de vente, de marchandisage et de v\u00e9rification. Bas\u00e9 sur l\u2019ensemble de nos strat\u00e9gies et des propri\u00e9t\u00e9s de la compagnie, notre \u00e9quipe de gestion des ventes travaille avec MCA pour \u00e9laborer des plans strat\u00e9giques sp\u00e9cifiques aux diff\u00e9rents comptes. Travaillant en tant qu'une seule \u00e9quipe, notre compagnie et MCA ex\u00e9cutent des plans, r\u00e8glent les probl\u00e8mes et capitalisent sur les opportunit\u00e9s qui se pr\u00e9sentent. Ensemble, nous avons obtenus des r\u00e9sultats significatifs, toujours en appliquant notre vision du d\u00e9tail sur l\u2019am\u00e9lioration continue. MCA contribue fortement \u00e0 la compagnie et un un partenaire en affaires qui nous est pr\u00e9cieux. \u00bb<\/span><\/p><\/p><\/div><\/div><div class=\"oneTestimonial d-flex flex-column justify-content-center align-items-center\"><p class=\"titre\">MCA - Tout Simplement les meilleurs<\/p><div class=\"desc\"><p><p class=\"western\"><span lang=\"fr-CA\">\u00ab\u00a0Notre relation de longue date avec MCA t\u00e9moigne du leadership et de leur expertise dans l\u2019\u00e9laboration de plans de marchandisage efficaces et coh\u00e9rents, et de la qualit\u00e9 de leur ex\u00e9cution\u00a0\u00bb<\/span><\/p><\/p><\/div><\/div><div class=\"oneTestimonial d-flex flex-column justify-content-center align-items-center\"><p class=\"titre\">MCA - Pr\u00eat \u00e0 la vente au d\u00e9tail<\/p><div class=\"desc\"><p><p class=\"western\"><span lang=\"fr-CA\">\u00ab\u00a0MCA est devenu un v\u00e9ritable partenaire dans la stimulation des ventes et l\u2019ex\u00e9cution globale de nos programmes en magasin. En offrant des perspectives d\u2019affaires pr\u00e9cises et utiles, une ex\u00e9cution parfaite des syst\u00e8mes de vente au d\u00e9tail, et la pr\u00e9sentation de rapport d\u00e9taill\u00e9s, MCA est devenu un pr\u00e9cieux partenaire pour notre entreprise.\u00a0\u00bb <\/span><\/p><\/p><\/div><\/div><\/div><\/div>\n<\/p><\/div>\n<p><!-- \/lc-block -->\n\t\t\t<\/div>\n<p><!-- \/col -->\n\t\t<\/div>\n<\/p><\/div>\n<\/section>\n","protected":false},"excerpt":{"rendered":"<p>Crowdsourcing au d\u00e9tail a construit une communaut\u00e9 de milliers de consommateurs \u00e0 travers le pays! Couverture des ventes au d\u00e9tail au Canada Crowdsourcing au d\u00e9tail FAIRE PLUS avec : offre un cycle de service complet : Observe\u2019iT &#8211; Report\u2019iT &#8211; Fix\u2019iT Acqu\u00e9rir de la visibilit\u00e9 dans l\u2019ex\u00e9cution en magasin \u00e0 un prix abordable en utilisant [&hellip;]<\/p>\n","protected":false},"author":1,"featured_media":0,"parent":0,"menu_order":0,"comment_status":"closed","ping_status":"closed","template":"page-templates\/empty.php","meta":{"footnotes":""},"class_list":["post-511","page","type-page","status-publish","hentry"],"yoast_head":"<!-- This site is optimized with the Yoast SEO plugin v26.8 - https:\/\/yoast.com\/product\/yoast-seo-wordpress\/ -->\n<title>MCA - Profitez de nos services de crowdsourcing au d\u00e9tail<\/title>\n<meta name=\"description\" content=\"MCA : Nos services de crowdsourcing au d\u00e9tail sont uniques et avantageux pour tous les marchandiseurs du Canada.\" \/>\n<meta name=\"robots\" content=\"index, follow, max-snippet:-1, max-image-preview:large, max-video-preview:-1\" \/>\n<link rel=\"canonical\" href=\"https:\/\/corporate.mca.ca\/fr\/crowdsourcing-au-detail\/\" \/>\n<meta property=\"og:locale\" content=\"fr_FR\" \/>\n<meta property=\"og:type\" content=\"article\" \/>\n<meta property=\"og:title\" content=\"MCA - Profitez de nos services de crowdsourcing au d\u00e9tail\" \/>\n<meta property=\"og:description\" content=\"MCA : Nos services de crowdsourcing au d\u00e9tail sont uniques et avantageux pour tous les marchandiseurs du Canada.\" \/>\n<meta property=\"og:url\" content=\"https:\/\/corporate.mca.ca\/fr\/crowdsourcing-au-detail\/\" \/>\n<meta property=\"og:site_name\" content=\"MCA\" \/>\n<meta property=\"article:modified_time\" content=\"2019-08-01T15:31:16+00:00\" \/>\n<meta property=\"og:image\" content=\"https:\/\/corporate.mca.ca\/wp-content\/uploads\/2019\/07\/retail-crowdsourcing-img.jpg\" \/>\n<meta name=\"twitter:card\" content=\"summary_large_image\" \/>\n<meta name=\"twitter:label1\" content=\"Dur\u00e9e de lecture estim\u00e9e\" \/>\n\t<meta name=\"twitter:data1\" content=\"1 minute\" \/>\n<script type=\"application\/ld+json\" class=\"yoast-schema-graph\">{\"@context\":\"https:\/\/schema.org\",\"@graph\":[{\"@type\":\"WebPage\",\"@id\":\"https:\/\/corporate.mca.ca\/fr\/crowdsourcing-au-detail\/\",\"url\":\"https:\/\/corporate.mca.ca\/fr\/crowdsourcing-au-detail\/\",\"name\":\"MCA - Profitez de nos services de crowdsourcing au d\u00e9tail\",\"isPartOf\":{\"@id\":\"https:\/\/corporate.mca.ca\/fr\/#website\"},\"primaryImageOfPage\":{\"@id\":\"https:\/\/corporate.mca.ca\/fr\/crowdsourcing-au-detail\/#primaryimage\"},\"image\":{\"@id\":\"https:\/\/corporate.mca.ca\/fr\/crowdsourcing-au-detail\/#primaryimage\"},\"thumbnailUrl\":\"https:\/\/corporate.mca.ca\/wp-content\/uploads\/2019\/07\/retail-crowdsourcing-img.jpg\",\"datePublished\":\"2019-06-27T14:52:36+00:00\",\"dateModified\":\"2019-08-01T15:31:16+00:00\",\"description\":\"MCA : Nos services de crowdsourcing au d\u00e9tail sont uniques et avantageux pour tous les marchandiseurs du Canada.\",\"breadcrumb\":{\"@id\":\"https:\/\/corporate.mca.ca\/fr\/crowdsourcing-au-detail\/#breadcrumb\"},\"inLanguage\":\"fr-FR\",\"potentialAction\":[{\"@type\":\"ReadAction\",\"target\":[\"https:\/\/corporate.mca.ca\/fr\/crowdsourcing-au-detail\/\"]}]},{\"@type\":\"ImageObject\",\"inLanguage\":\"fr-FR\",\"@id\":\"https:\/\/corporate.mca.ca\/fr\/crowdsourcing-au-detail\/#primaryimage\",\"url\":\"https:\/\/corporate.mca.ca\/wp-content\/uploads\/2019\/07\/retail-crowdsourcing-img.jpg\",\"contentUrl\":\"https:\/\/corporate.mca.ca\/wp-content\/uploads\/2019\/07\/retail-crowdsourcing-img.jpg\"},{\"@type\":\"BreadcrumbList\",\"@id\":\"https:\/\/corporate.mca.ca\/fr\/crowdsourcing-au-detail\/#breadcrumb\",\"itemListElement\":[{\"@type\":\"ListItem\",\"position\":1,\"name\":\"Home\",\"item\":\"https:\/\/corporate.mca.ca\/fr\/\"},{\"@type\":\"ListItem\",\"position\":2,\"name\":\"Crowdsourcing au d\u00e9tail\"}]},{\"@type\":\"WebSite\",\"@id\":\"https:\/\/corporate.mca.ca\/fr\/#website\",\"url\":\"https:\/\/corporate.mca.ca\/fr\/\",\"name\":\"MCA\",\"description\":\"\",\"publisher\":{\"@id\":\"https:\/\/corporate.mca.ca\/fr\/#organization\"},\"potentialAction\":[{\"@type\":\"SearchAction\",\"target\":{\"@type\":\"EntryPoint\",\"urlTemplate\":\"https:\/\/corporate.mca.ca\/fr\/?s={search_term_string}\"},\"query-input\":{\"@type\":\"PropertyValueSpecification\",\"valueRequired\":true,\"valueName\":\"search_term_string\"}}],\"inLanguage\":\"fr-FR\"},{\"@type\":\"Organization\",\"@id\":\"https:\/\/corporate.mca.ca\/fr\/#organization\",\"name\":\"MCA\",\"url\":\"https:\/\/corporate.mca.ca\/fr\/\",\"logo\":{\"@type\":\"ImageObject\",\"inLanguage\":\"fr-FR\",\"@id\":\"https:\/\/corporate.mca.ca\/fr\/#\/schema\/logo\/image\/\",\"url\":\"https:\/\/corporate.mca.ca\/wp-content\/uploads\/2019\/06\/logo.png\",\"contentUrl\":\"https:\/\/corporate.mca.ca\/wp-content\/uploads\/2019\/06\/logo.png\",\"width\":215,\"height\":104,\"caption\":\"MCA\"},\"image\":{\"@id\":\"https:\/\/corporate.mca.ca\/fr\/#\/schema\/logo\/image\/\"}}]}<\/script>\n<!-- \/ Yoast SEO plugin. -->","yoast_head_json":{"title":"MCA - Profitez de nos services de crowdsourcing au d\u00e9tail","description":"MCA : Nos services de crowdsourcing au d\u00e9tail sont uniques et avantageux pour tous les marchandiseurs du Canada.","robots":{"index":"index","follow":"follow","max-snippet":"max-snippet:-1","max-image-preview":"max-image-preview:large","max-video-preview":"max-video-preview:-1"},"canonical":"https:\/\/corporate.mca.ca\/fr\/crowdsourcing-au-detail\/","og_locale":"fr_FR","og_type":"article","og_title":"MCA - Profitez de nos services de crowdsourcing au d\u00e9tail","og_description":"MCA : Nos services de crowdsourcing au d\u00e9tail sont uniques et avantageux pour tous les marchandiseurs du Canada.","og_url":"https:\/\/corporate.mca.ca\/fr\/crowdsourcing-au-detail\/","og_site_name":"MCA","article_modified_time":"2019-08-01T15:31:16+00:00","og_image":[{"url":"https:\/\/corporate.mca.ca\/wp-content\/uploads\/2019\/07\/retail-crowdsourcing-img.jpg","type":"","width":"","height":""}],"twitter_card":"summary_large_image","twitter_misc":{"Dur\u00e9e de lecture estim\u00e9e":"1 minute"},"schema":{"@context":"https:\/\/schema.org","@graph":[{"@type":"WebPage","@id":"https:\/\/corporate.mca.ca\/fr\/crowdsourcing-au-detail\/","url":"https:\/\/corporate.mca.ca\/fr\/crowdsourcing-au-detail\/","name":"MCA - Profitez de nos services de crowdsourcing au d\u00e9tail","isPartOf":{"@id":"https:\/\/corporate.mca.ca\/fr\/#website"},"primaryImageOfPage":{"@id":"https:\/\/corporate.mca.ca\/fr\/crowdsourcing-au-detail\/#primaryimage"},"image":{"@id":"https:\/\/corporate.mca.ca\/fr\/crowdsourcing-au-detail\/#primaryimage"},"thumbnailUrl":"https:\/\/corporate.mca.ca\/wp-content\/uploads\/2019\/07\/retail-crowdsourcing-img.jpg","datePublished":"2019-06-27T14:52:36+00:00","dateModified":"2019-08-01T15:31:16+00:00","description":"MCA : Nos services de crowdsourcing au d\u00e9tail sont uniques et avantageux pour tous les marchandiseurs du Canada.","breadcrumb":{"@id":"https:\/\/corporate.mca.ca\/fr\/crowdsourcing-au-detail\/#breadcrumb"},"inLanguage":"fr-FR","potentialAction":[{"@type":"ReadAction","target":["https:\/\/corporate.mca.ca\/fr\/crowdsourcing-au-detail\/"]}]},{"@type":"ImageObject","inLanguage":"fr-FR","@id":"https:\/\/corporate.mca.ca\/fr\/crowdsourcing-au-detail\/#primaryimage","url":"https:\/\/corporate.mca.ca\/wp-content\/uploads\/2019\/07\/retail-crowdsourcing-img.jpg","contentUrl":"https:\/\/corporate.mca.ca\/wp-content\/uploads\/2019\/07\/retail-crowdsourcing-img.jpg"},{"@type":"BreadcrumbList","@id":"https:\/\/corporate.mca.ca\/fr\/crowdsourcing-au-detail\/#breadcrumb","itemListElement":[{"@type":"ListItem","position":1,"name":"Home","item":"https:\/\/corporate.mca.ca\/fr\/"},{"@type":"ListItem","position":2,"name":"Crowdsourcing au d\u00e9tail"}]},{"@type":"WebSite","@id":"https:\/\/corporate.mca.ca\/fr\/#website","url":"https:\/\/corporate.mca.ca\/fr\/","name":"MCA","description":"","publisher":{"@id":"https:\/\/corporate.mca.ca\/fr\/#organization"},"potentialAction":[{"@type":"SearchAction","target":{"@type":"EntryPoint","urlTemplate":"https:\/\/corporate.mca.ca\/fr\/?s={search_term_string}"},"query-input":{"@type":"PropertyValueSpecification","valueRequired":true,"valueName":"search_term_string"}}],"inLanguage":"fr-FR"},{"@type":"Organization","@id":"https:\/\/corporate.mca.ca\/fr\/#organization","name":"MCA","url":"https:\/\/corporate.mca.ca\/fr\/","logo":{"@type":"ImageObject","inLanguage":"fr-FR","@id":"https:\/\/corporate.mca.ca\/fr\/#\/schema\/logo\/image\/","url":"https:\/\/corporate.mca.ca\/wp-content\/uploads\/2019\/06\/logo.png","contentUrl":"https:\/\/corporate.mca.ca\/wp-content\/uploads\/2019\/06\/logo.png","width":215,"height":104,"caption":"MCA"},"image":{"@id":"https:\/\/corporate.mca.ca\/fr\/#\/schema\/logo\/image\/"}}]}},"_links":{"self":[{"href":"https:\/\/corporate.mca.ca\/fr\/wp-json\/wp\/v2\/pages\/511","targetHints":{"allow":["GET"]}}],"collection":[{"href":"https:\/\/corporate.mca.ca\/fr\/wp-json\/wp\/v2\/pages"}],"about":[{"href":"https:\/\/corporate.mca.ca\/fr\/wp-json\/wp\/v2\/types\/page"}],"author":[{"embeddable":true,"href":"https:\/\/corporate.mca.ca\/fr\/wp-json\/wp\/v2\/users\/1"}],"replies":[{"embeddable":true,"href":"https:\/\/corporate.mca.ca\/fr\/wp-json\/wp\/v2\/comments?post=511"}],"version-history":[{"count":10,"href":"https:\/\/corporate.mca.ca\/fr\/wp-json\/wp\/v2\/pages\/511\/revisions"}],"predecessor-version":[{"id":1093,"href":"https:\/\/corporate.mca.ca\/fr\/wp-json\/wp\/v2\/pages\/511\/revisions\/1093"}],"wp:attachment":[{"href":"https:\/\/corporate.mca.ca\/fr\/wp-json\/wp\/v2\/media?parent=511"}],"curies":[{"name":"wp","href":"https:\/\/api.w.org\/{rel}","templated":true}]}}