{"id":505,"date":"2019-06-27T10:47:57","date_gmt":"2019-06-27T14:47:57","guid":{"rendered":"https:\/\/mca.yannick.net\/?page_id=505"},"modified":"2019-07-23T11:38:12","modified_gmt":"2019-07-23T15:38:12","slug":"couverture-de-points-de-vente-en-detail","status":"publish","type":"page","link":"https:\/\/corporate.mca.ca\/fr\/couverture-de-points-de-vente-en-detail\/","title":{"rendered":"Couverture de points de vente en d\u00e9tail"},"content":{"rendered":"<section class=\"content_container\">\n<div class=\"container\">\n<div class=\"row\">\n<div class=\"col-lg-12\">\n<div class=\"lc-block page-title retail-coverage fr-text\">\n<div editable=\"rich\">\n<h1>Couverture de points de vente en d\u00e9tail<\/h1>\n<h2>MCA peut rem\u00e9dier \u00e0 tous vos besoins en terme de couverture g\u00e9ographique<\/h2>\n<\/p><\/div>\n<\/p><\/div>\n<p><!-- \/lc-block -->\n\t\t\t<\/div>\n<p><!-- \/col --><\/p>\n<div class=\"col-lg-3\">\n<div class=\"lc-block\">\n\t\t\t\t\t<img decoding=\"async\" class=\"img-fluid retail-covering-img d-none d-lg-block\" src=\"https:\/\/corporate.mca.ca\/wp-content\/uploads\/2019\/07\/retail-covering-img.jpg\" alt=\"\">\n\t\t\t\t<\/div>\n<\/p><\/div>\n<div class=\"col-lg-9\">\n<div class=\"lc-block retail-covering ml-0\">\n<div editable=\"rich\">\n<h2>COUVERTURE DE POINTS DE VENTE EN D\u00c9TAIL<\/h2>\n<p>MCA a des milliers de professionnels form\u00e9s et qualifi\u00e9s qui se trouvent dans des milliers de villes en Am\u00e9rique du Nord. Nous avons des bureaux r\u00e9gionaux et des dirigeants dans les centres urbains majeurs.&nbsp;<\/p>\n<h3>Nous avons le taux de rotation le plus bas dans l&rsquo;industrie&nbsp;<\/h3>\n<p>Cela donne \u00e0 nos clients une efficacit\u00e9 sup\u00e9rieure, de meilleurs r\u00e9sultats et une valeur ajout\u00e9e!<\/p>\n<\/p><\/div>\n<\/p><\/div>\n<div class=\"lc-block retail-covering ml-0\">\n<div lc-helper=\"shortcode\" class=\"live-shortcode\"><a href='https:\/\/corporate.mca.ca\/fr\/nous-joindre\/couverture-de-points-de-vente-en-detail' class='btn contact purple-bg'>Demande de prix<\/a><\/div>\n<\/p><\/div>\n<\/p><\/div>\n<div class=\"col-12\">\n<div class=\"lc-block\">\n\t\t\t\t\t<img decoding=\"async\" class=\"img-fluid mx-auto mt-5 retail-covering-map d-block\" src=\"https:\/\/corporate.mca.ca\/wp-content\/uploads\/2019\/06\/retail-covering-map.jpg\" alt=\"\">\n\t\t\t\t<\/div>\n<\/p><\/div>\n<\/p><\/div>\n<\/p><\/div>\n<\/section>\n","protected":false},"excerpt":{"rendered":"<p>Couverture de points de vente en d\u00e9tail peut rem\u00e9dier \u00e0 tous vos besoins en terme de couverture g\u00e9ographique COUVERTURE DE POINTS DE VENTE EN D\u00c9TAIL a des milliers de professionnels form\u00e9s et qualifi\u00e9s qui se trouvent dans des milliers de villes en Am\u00e9rique du Nord. Nous avons des bureaux r\u00e9gionaux et des dirigeants dans les [&hellip;]<\/p>\n","protected":false},"author":1,"featured_media":0,"parent":0,"menu_order":0,"comment_status":"closed","ping_status":"closed","template":"page-templates\/empty.php","meta":{"footnotes":""},"class_list":["post-505","page","type-page","status-publish","hentry"],"yoast_head":"<!-- This site is optimized with the Yoast SEO plugin v26.8 - https:\/\/yoast.com\/product\/yoast-seo-wordpress\/ -->\n<title>MCA - Renseignez-vous sur notre vaste couverture en Am\u00e9rique du Nord<\/title>\n<meta name=\"description\" content=\"MCA : Notre vaste r\u00e9seau de vente au d\u00e9tail en Am\u00e9rique du Nord refl\u00e8te la qualit\u00e9 et l&#039;efficacit\u00e9 de nos services.\" \/>\n<meta name=\"robots\" content=\"index, follow, max-snippet:-1, max-image-preview:large, max-video-preview:-1\" \/>\n<link rel=\"canonical\" href=\"https:\/\/corporate.mca.ca\/fr\/couverture-de-points-de-vente-en-detail\/\" \/>\n<meta property=\"og:locale\" content=\"fr_FR\" \/>\n<meta property=\"og:type\" content=\"article\" \/>\n<meta property=\"og:title\" content=\"MCA - Renseignez-vous sur notre vaste couverture en Am\u00e9rique du Nord\" \/>\n<meta property=\"og:description\" content=\"MCA : Notre vaste r\u00e9seau de vente au d\u00e9tail en Am\u00e9rique du Nord refl\u00e8te la qualit\u00e9 et l&#039;efficacit\u00e9 de nos services.\" \/>\n<meta property=\"og:url\" content=\"https:\/\/corporate.mca.ca\/fr\/couverture-de-points-de-vente-en-detail\/\" \/>\n<meta property=\"og:site_name\" content=\"MCA\" \/>\n<meta property=\"article:modified_time\" content=\"2019-07-23T15:38:12+00:00\" \/>\n<meta property=\"og:image\" content=\"https:\/\/corporate.mca.ca\/wp-content\/uploads\/2019\/07\/retail-covering-img.jpg\" \/>\n<meta name=\"twitter:card\" content=\"summary_large_image\" \/>\n<meta name=\"twitter:label1\" content=\"Dur\u00e9e de lecture estim\u00e9e\" \/>\n\t<meta name=\"twitter:data1\" content=\"1 minute\" \/>\n<script type=\"application\/ld+json\" class=\"yoast-schema-graph\">{\"@context\":\"https:\/\/schema.org\",\"@graph\":[{\"@type\":\"WebPage\",\"@id\":\"https:\/\/corporate.mca.ca\/fr\/couverture-de-points-de-vente-en-detail\/\",\"url\":\"https:\/\/corporate.mca.ca\/fr\/couverture-de-points-de-vente-en-detail\/\",\"name\":\"MCA - Renseignez-vous sur notre vaste couverture en Am\u00e9rique du Nord\",\"isPartOf\":{\"@id\":\"https:\/\/corporate.mca.ca\/fr\/#website\"},\"primaryImageOfPage\":{\"@id\":\"https:\/\/corporate.mca.ca\/fr\/couverture-de-points-de-vente-en-detail\/#primaryimage\"},\"image\":{\"@id\":\"https:\/\/corporate.mca.ca\/fr\/couverture-de-points-de-vente-en-detail\/#primaryimage\"},\"thumbnailUrl\":\"https:\/\/corporate.mca.ca\/wp-content\/uploads\/2019\/07\/retail-covering-img.jpg\",\"datePublished\":\"2019-06-27T14:47:57+00:00\",\"dateModified\":\"2019-07-23T15:38:12+00:00\",\"description\":\"MCA : Notre vaste r\u00e9seau de vente au d\u00e9tail en Am\u00e9rique du Nord refl\u00e8te la qualit\u00e9 et l'efficacit\u00e9 de nos services.\",\"breadcrumb\":{\"@id\":\"https:\/\/corporate.mca.ca\/fr\/couverture-de-points-de-vente-en-detail\/#breadcrumb\"},\"inLanguage\":\"fr-FR\",\"potentialAction\":[{\"@type\":\"ReadAction\",\"target\":[\"https:\/\/corporate.mca.ca\/fr\/couverture-de-points-de-vente-en-detail\/\"]}]},{\"@type\":\"ImageObject\",\"inLanguage\":\"fr-FR\",\"@id\":\"https:\/\/corporate.mca.ca\/fr\/couverture-de-points-de-vente-en-detail\/#primaryimage\",\"url\":\"https:\/\/corporate.mca.ca\/wp-content\/uploads\/2019\/07\/retail-covering-img.jpg\",\"contentUrl\":\"https:\/\/corporate.mca.ca\/wp-content\/uploads\/2019\/07\/retail-covering-img.jpg\"},{\"@type\":\"BreadcrumbList\",\"@id\":\"https:\/\/corporate.mca.ca\/fr\/couverture-de-points-de-vente-en-detail\/#breadcrumb\",\"itemListElement\":[{\"@type\":\"ListItem\",\"position\":1,\"name\":\"Home\",\"item\":\"https:\/\/corporate.mca.ca\/fr\/\"},{\"@type\":\"ListItem\",\"position\":2,\"name\":\"Couverture de points de vente en d\u00e9tail\"}]},{\"@type\":\"WebSite\",\"@id\":\"https:\/\/corporate.mca.ca\/fr\/#website\",\"url\":\"https:\/\/corporate.mca.ca\/fr\/\",\"name\":\"MCA\",\"description\":\"\",\"publisher\":{\"@id\":\"https:\/\/corporate.mca.ca\/fr\/#organization\"},\"potentialAction\":[{\"@type\":\"SearchAction\",\"target\":{\"@type\":\"EntryPoint\",\"urlTemplate\":\"https:\/\/corporate.mca.ca\/fr\/?s={search_term_string}\"},\"query-input\":{\"@type\":\"PropertyValueSpecification\",\"valueRequired\":true,\"valueName\":\"search_term_string\"}}],\"inLanguage\":\"fr-FR\"},{\"@type\":\"Organization\",\"@id\":\"https:\/\/corporate.mca.ca\/fr\/#organization\",\"name\":\"MCA\",\"url\":\"https:\/\/corporate.mca.ca\/fr\/\",\"logo\":{\"@type\":\"ImageObject\",\"inLanguage\":\"fr-FR\",\"@id\":\"https:\/\/corporate.mca.ca\/fr\/#\/schema\/logo\/image\/\",\"url\":\"https:\/\/corporate.mca.ca\/wp-content\/uploads\/2019\/06\/logo.png\",\"contentUrl\":\"https:\/\/corporate.mca.ca\/wp-content\/uploads\/2019\/06\/logo.png\",\"width\":215,\"height\":104,\"caption\":\"MCA\"},\"image\":{\"@id\":\"https:\/\/corporate.mca.ca\/fr\/#\/schema\/logo\/image\/\"}}]}<\/script>\n<!-- \/ Yoast SEO plugin. -->","yoast_head_json":{"title":"MCA - Renseignez-vous sur notre vaste couverture en Am\u00e9rique du Nord","description":"MCA : Notre vaste r\u00e9seau de vente au d\u00e9tail en Am\u00e9rique du Nord refl\u00e8te la qualit\u00e9 et l'efficacit\u00e9 de nos services.","robots":{"index":"index","follow":"follow","max-snippet":"max-snippet:-1","max-image-preview":"max-image-preview:large","max-video-preview":"max-video-preview:-1"},"canonical":"https:\/\/corporate.mca.ca\/fr\/couverture-de-points-de-vente-en-detail\/","og_locale":"fr_FR","og_type":"article","og_title":"MCA - Renseignez-vous sur notre vaste couverture en Am\u00e9rique du Nord","og_description":"MCA : Notre vaste r\u00e9seau de vente au d\u00e9tail en Am\u00e9rique du Nord refl\u00e8te la qualit\u00e9 et l'efficacit\u00e9 de nos services.","og_url":"https:\/\/corporate.mca.ca\/fr\/couverture-de-points-de-vente-en-detail\/","og_site_name":"MCA","article_modified_time":"2019-07-23T15:38:12+00:00","og_image":[{"url":"https:\/\/corporate.mca.ca\/wp-content\/uploads\/2019\/07\/retail-covering-img.jpg","type":"","width":"","height":""}],"twitter_card":"summary_large_image","twitter_misc":{"Dur\u00e9e de lecture estim\u00e9e":"1 minute"},"schema":{"@context":"https:\/\/schema.org","@graph":[{"@type":"WebPage","@id":"https:\/\/corporate.mca.ca\/fr\/couverture-de-points-de-vente-en-detail\/","url":"https:\/\/corporate.mca.ca\/fr\/couverture-de-points-de-vente-en-detail\/","name":"MCA - Renseignez-vous sur notre vaste couverture en Am\u00e9rique du Nord","isPartOf":{"@id":"https:\/\/corporate.mca.ca\/fr\/#website"},"primaryImageOfPage":{"@id":"https:\/\/corporate.mca.ca\/fr\/couverture-de-points-de-vente-en-detail\/#primaryimage"},"image":{"@id":"https:\/\/corporate.mca.ca\/fr\/couverture-de-points-de-vente-en-detail\/#primaryimage"},"thumbnailUrl":"https:\/\/corporate.mca.ca\/wp-content\/uploads\/2019\/07\/retail-covering-img.jpg","datePublished":"2019-06-27T14:47:57+00:00","dateModified":"2019-07-23T15:38:12+00:00","description":"MCA : Notre vaste r\u00e9seau de vente au d\u00e9tail en Am\u00e9rique du Nord refl\u00e8te la qualit\u00e9 et l'efficacit\u00e9 de nos services.","breadcrumb":{"@id":"https:\/\/corporate.mca.ca\/fr\/couverture-de-points-de-vente-en-detail\/#breadcrumb"},"inLanguage":"fr-FR","potentialAction":[{"@type":"ReadAction","target":["https:\/\/corporate.mca.ca\/fr\/couverture-de-points-de-vente-en-detail\/"]}]},{"@type":"ImageObject","inLanguage":"fr-FR","@id":"https:\/\/corporate.mca.ca\/fr\/couverture-de-points-de-vente-en-detail\/#primaryimage","url":"https:\/\/corporate.mca.ca\/wp-content\/uploads\/2019\/07\/retail-covering-img.jpg","contentUrl":"https:\/\/corporate.mca.ca\/wp-content\/uploads\/2019\/07\/retail-covering-img.jpg"},{"@type":"BreadcrumbList","@id":"https:\/\/corporate.mca.ca\/fr\/couverture-de-points-de-vente-en-detail\/#breadcrumb","itemListElement":[{"@type":"ListItem","position":1,"name":"Home","item":"https:\/\/corporate.mca.ca\/fr\/"},{"@type":"ListItem","position":2,"name":"Couverture de points de vente en d\u00e9tail"}]},{"@type":"WebSite","@id":"https:\/\/corporate.mca.ca\/fr\/#website","url":"https:\/\/corporate.mca.ca\/fr\/","name":"MCA","description":"","publisher":{"@id":"https:\/\/corporate.mca.ca\/fr\/#organization"},"potentialAction":[{"@type":"SearchAction","target":{"@type":"EntryPoint","urlTemplate":"https:\/\/corporate.mca.ca\/fr\/?s={search_term_string}"},"query-input":{"@type":"PropertyValueSpecification","valueRequired":true,"valueName":"search_term_string"}}],"inLanguage":"fr-FR"},{"@type":"Organization","@id":"https:\/\/corporate.mca.ca\/fr\/#organization","name":"MCA","url":"https:\/\/corporate.mca.ca\/fr\/","logo":{"@type":"ImageObject","inLanguage":"fr-FR","@id":"https:\/\/corporate.mca.ca\/fr\/#\/schema\/logo\/image\/","url":"https:\/\/corporate.mca.ca\/wp-content\/uploads\/2019\/06\/logo.png","contentUrl":"https:\/\/corporate.mca.ca\/wp-content\/uploads\/2019\/06\/logo.png","width":215,"height":104,"caption":"MCA"},"image":{"@id":"https:\/\/corporate.mca.ca\/fr\/#\/schema\/logo\/image\/"}}]}},"_links":{"self":[{"href":"https:\/\/corporate.mca.ca\/fr\/wp-json\/wp\/v2\/pages\/505","targetHints":{"allow":["GET"]}}],"collection":[{"href":"https:\/\/corporate.mca.ca\/fr\/wp-json\/wp\/v2\/pages"}],"about":[{"href":"https:\/\/corporate.mca.ca\/fr\/wp-json\/wp\/v2\/types\/page"}],"author":[{"embeddable":true,"href":"https:\/\/corporate.mca.ca\/fr\/wp-json\/wp\/v2\/users\/1"}],"replies":[{"embeddable":true,"href":"https:\/\/corporate.mca.ca\/fr\/wp-json\/wp\/v2\/comments?post=505"}],"version-history":[{"count":8,"href":"https:\/\/corporate.mca.ca\/fr\/wp-json\/wp\/v2\/pages\/505\/revisions"}],"predecessor-version":[{"id":1050,"href":"https:\/\/corporate.mca.ca\/fr\/wp-json\/wp\/v2\/pages\/505\/revisions\/1050"}],"wp:attachment":[{"href":"https:\/\/corporate.mca.ca\/fr\/wp-json\/wp\/v2\/media?parent=505"}],"curies":[{"name":"wp","href":"https:\/\/api.w.org\/{rel}","templated":true}]}}