{"id":502,"date":"2019-06-27T10:43:02","date_gmt":"2019-06-27T14:43:02","guid":{"rendered":"https:\/\/mca.yannick.net\/?page_id=502"},"modified":"2019-08-01T11:28:21","modified_gmt":"2019-08-01T15:28:21","slug":"verification-de-la-competitivite-des-prix-de-detail","status":"publish","type":"page","link":"https:\/\/corporate.mca.ca\/fr\/verification-de-la-competitivite-des-prix-de-detail\/","title":{"rendered":"V\u00e9rification de la comp\u00e9titivit\u00e9 des prix de d\u00e9tail"},"content":{"rendered":"<section class=\"content_container clearfix\">\n<div class=\"container\">\n<div class=\"row d-lg-block\">\n<div class=\"col-lg-12\">\n<div class=\"lc-block page-title retail-merchandising fr-text\">\n<div editable=\"rich\">\n<h1>V\u00e9rification de la comp\u00e9titivit\u00e9 des prix de d\u00e9tail<\/h1>\n<h2>Passez moins de temps \u00e0 nettoyer vos donn\u00e9es et plus de temps \u00e0 prendre des d\u00e9cisions<\/h2>\n<\/p><\/div>\n<\/p><\/div>\n<p><!-- \/lc-block -->\n\t\t<\/div>\n<p><!-- \/col --><\/p>\n<div class=\"col-lg-6 float-lg-left\">\n<div class=\"border-right\">\n<div class=\"lc-block\">\n\t\t\t\t\t<img decoding=\"async\" class=\"img-fluid mb-4\" src=\"https:\/\/corporate.mca.ca\/wp-content\/uploads\/2019\/07\/retail-competitive-price-audits-img.jpg\" alt=\"\">\n\t\t\t\t<\/div>\n<\/p><\/div>\n<\/p><\/div>\n<div class=\"col-lg-6 float-lg-right\">\n<div class=\"lc-block retail-covering\">\n<div editable=\"rich\">\n<h4>MCA est la compagnie de v\u00e9rifications de la comp\u00e9titivit\u00e9 des prix de vente en d\u00e9tail au Canada<\/h4>\n<h2>V\u00e9rification de la comp\u00e9titivit\u00e9 des prix de d\u00e9tail<\/h2>\n<p>Nous fournissons, recueillons des renseignements et avons acc\u00e8s \u00e0 98 % de tous les magasins de d\u00e9tail au Canada et \u00e0 pr\u00e8s de 100 % de tous les sites Web. Pendant deux d\u00e9cennies, MCA a men\u00e9 des v\u00e9rifications fiables et pr\u00e9cises de la comp\u00e9titivit\u00e9 des prix , en ligne et dans les magasins physiques.<\/p>\n<p>En utilisant MCA verified, nos consommateurs passent moins de temps \u00e0 faire le m\u00e9nage dans leurs donn\u00e9es et peuvent investir plus de temps \u00e0 analyser et prendre de bonnes d\u00e9cisions concernant le prix de vente. Nous nous assurons de procurer des informations li\u00e9es au prix qui sont pr\u00e9cises, \u00e0 jour et compl\u00e8tes.<\/p>\n<h3 class=\"mb-3\">Nos auditeurs sont form\u00e9s dans ces domaines et plus&nbsp;:<\/h3>\n<ul>\n<li>V\u00e9rification de prix comp\u00e9titifs<\/li>\n<li>Magasins myst\u00e8res<\/li>\n<li>Service \u00e0 la client\u00e8le myst\u00e8re<\/li>\n<li>Collecte de donn\u00e9es<\/li>\n<li>V\u00e9rification de photos<\/li>\n<li>V\u00e9rification des prix&nbsp;<\/li>\n<\/ul><\/div>\n<\/p><\/div>\n<div class=\"lc-block retail-covering\">\n<div lc-helper=\"shortcode\" class=\"live-shortcode\"><a href='https:\/\/corporate.mca.ca\/fr\/nous-joindre\/verification-de-la-competitivite-des-prix-de-detail' class='btn contact purple-bg'>Demande de prix<\/a><\/div>\n<\/p><\/div>\n<\/p><\/div>\n<div class=\"col-lg-6 float-lg-left\">\n<div class=\"border-right border-md-top\">\n<div class=\"lc-block\">\n<div lc-helper=\"shortcode\" class=\"live-shortcode\"><a href=\"https:\/\/corporate.mca.ca\/wp-content\/themes\/yannickweb\/assets\/videos\/competitive-price-audits-video.mp4\" class=\"video_link d-none d-lg-flex\" data-video-source=\"\" title=\"Competitive price audits video\"><img decoding=\"async\" src=\"https:\/\/corporate.mca.ca\/wp-content\/themes\/yannickweb\/assets\/images\/competitive-price-audits-video.jpg\" class=\"video_img\" alt=\"Competitive price audits video\" \/><\/a><\/div>\n<\/p><\/div>\n<\/p><\/div>\n<\/p><\/div>\n<\/p><\/div>\n<\/div>\n<\/section>\n<section class=\"testimonial_slider_container\">\n<div class=\"container\">\n<div class=\"row\">\n<div class=\"col-md-12\">\n<div class=\"lc-block\">\n<div lc-helper=\"shortcode\" class=\"live-shortcode\"><div class=\"home_testimonials_slider d-flex overflow-hidden\"><div class=\"oneTestimonial d-flex flex-column justify-content-center align-items-center\"><p class=\"titre\">MCA - Pr\u00eat \u00e0 la vente au d\u00e9tail<\/p><div class=\"desc\"><p><p class=\"western\"><span lang=\"fr-CA\">\u00ab\u00a0MCA est devenu un v\u00e9ritable partenaire dans la stimulation des ventes et l\u2019ex\u00e9cution globale de nos programmes en magasin. En offrant des perspectives d\u2019affaires pr\u00e9cises et utiles, une ex\u00e9cution parfaite des syst\u00e8mes de vente au d\u00e9tail, et la pr\u00e9sentation de rapport d\u00e9taill\u00e9s, MCA est devenu un pr\u00e9cieux partenaire pour notre entreprise.\u00a0\u00bb <\/span><\/p><\/p><\/div><\/div><div class=\"oneTestimonial d-flex flex-column justify-content-center align-items-center\"><p class=\"titre\">Gagner au d\u00e9tail avec MCA<\/p><div class=\"desc\"><p><p class=\"western\"><span lang=\"fr-CA\">\u00ab Depuis plus de 10 ans, nous sommes en partenariat avec MCA afin d\u2019\u00e9tendre la port\u00e9e de nos \u00e9quipes de vente, de marchandisage et de v\u00e9rification. Bas\u00e9 sur l\u2019ensemble de nos strat\u00e9gies et des propri\u00e9t\u00e9s de la compagnie, notre \u00e9quipe de gestion des ventes travaille avec MCA pour \u00e9laborer des plans strat\u00e9giques sp\u00e9cifiques aux diff\u00e9rents comptes. Travaillant en tant qu'une seule \u00e9quipe, notre compagnie et MCA ex\u00e9cutent des plans, r\u00e8glent les probl\u00e8mes et capitalisent sur les opportunit\u00e9s qui se pr\u00e9sentent. Ensemble, nous avons obtenus des r\u00e9sultats significatifs, toujours en appliquant notre vision du d\u00e9tail sur l\u2019am\u00e9lioration continue. MCA contribue fortement \u00e0 la compagnie et un un partenaire en affaires qui nous est pr\u00e9cieux. \u00bb<\/span><\/p><\/p><\/div><\/div><div class=\"oneTestimonial d-flex flex-column justify-content-center align-items-center\"><p class=\"titre\">MCA - Tout Simplement les meilleurs<\/p><div class=\"desc\"><p><p class=\"western\"><span lang=\"fr-CA\">\u00ab\u00a0Notre relation de longue date avec MCA t\u00e9moigne du leadership et de leur expertise dans l\u2019\u00e9laboration de plans de marchandisage efficaces et coh\u00e9rents, et de la qualit\u00e9 de leur ex\u00e9cution\u00a0\u00bb<\/span><\/p><\/p><\/div><\/div><\/div><\/div>\n<\/p><\/div>\n<p><!-- \/lc-block -->\n\t\t\t<\/div>\n<p><!-- \/col -->\n\t\t<\/div>\n<\/p><\/div>\n<\/section>\n","protected":false},"excerpt":{"rendered":"<p>[infos type=\"company_name\"] est la soci\u00e9t\u00e9 de v\u00e9rifications de la comp\u00e9titivit\u00e9 des prix de d\u00e9tail en qui les gens ont le plus confiance au Canada. Nous fournissons, recueillons des renseignements et acc\u00e9dons \u00e0 98 % de tous les magasins de d\u00e9tail du Canada et \u00e0 pr\u00e8s de 100 % de tous les sites Web.<\/p>\n<p>Pendant deux d\u00e9cennies, [infos type=\"company_name\"] a men\u00e9 des v\u00e9rifications de la comp\u00e9titivit\u00e9 des prix fiables et pr\u00e9cises en ligne et dans les magasins physiques.<\/p>\n","protected":false},"author":1,"featured_media":0,"parent":0,"menu_order":0,"comment_status":"closed","ping_status":"closed","template":"page-templates\/empty.php","meta":{"footnotes":""},"class_list":["post-502","page","type-page","status-publish","hentry"],"yoast_head":"<!-- This site is optimized with the Yoast SEO plugin v26.8 - https:\/\/yoast.com\/product\/yoast-seo-wordpress\/ -->\n<title>MCA - V\u00e9rification de la comp\u00e9titivit\u00e9 des prix de d\u00e9tail<\/title>\n<meta name=\"description\" content=\"MCA : En savoir plus sur notre service de v\u00e9rification de la comp\u00e9titivit\u00e9 des prix en Am\u00e9rique du Nord\" \/>\n<meta name=\"robots\" content=\"index, follow, max-snippet:-1, max-image-preview:large, max-video-preview:-1\" \/>\n<link rel=\"canonical\" href=\"https:\/\/corporate.mca.ca\/fr\/verification-de-la-competitivite-des-prix-de-detail\/\" \/>\n<meta property=\"og:locale\" content=\"fr_FR\" \/>\n<meta property=\"og:type\" content=\"article\" \/>\n<meta property=\"og:title\" content=\"MCA - V\u00e9rification de la comp\u00e9titivit\u00e9 des prix de d\u00e9tail\" \/>\n<meta property=\"og:description\" content=\"MCA : En savoir plus sur notre service de v\u00e9rification de la comp\u00e9titivit\u00e9 des prix en Am\u00e9rique du Nord\" \/>\n<meta property=\"og:url\" content=\"https:\/\/corporate.mca.ca\/fr\/verification-de-la-competitivite-des-prix-de-detail\/\" \/>\n<meta property=\"og:site_name\" content=\"MCA\" \/>\n<meta property=\"article:modified_time\" content=\"2019-08-01T15:28:21+00:00\" \/>\n<meta property=\"og:image\" content=\"https:\/\/corporate.mca.ca\/wp-content\/uploads\/2019\/07\/retail-competitive-price-audits-img.jpg\" \/>\n<meta name=\"twitter:card\" content=\"summary_large_image\" \/>\n<meta name=\"twitter:label1\" content=\"Dur\u00e9e de lecture estim\u00e9e\" \/>\n\t<meta name=\"twitter:data1\" content=\"1 minute\" \/>\n<script type=\"application\/ld+json\" class=\"yoast-schema-graph\">{\"@context\":\"https:\/\/schema.org\",\"@graph\":[{\"@type\":\"WebPage\",\"@id\":\"https:\/\/corporate.mca.ca\/fr\/verification-de-la-competitivite-des-prix-de-detail\/\",\"url\":\"https:\/\/corporate.mca.ca\/fr\/verification-de-la-competitivite-des-prix-de-detail\/\",\"name\":\"MCA - V\u00e9rification de la comp\u00e9titivit\u00e9 des prix de d\u00e9tail\",\"isPartOf\":{\"@id\":\"https:\/\/corporate.mca.ca\/fr\/#website\"},\"primaryImageOfPage\":{\"@id\":\"https:\/\/corporate.mca.ca\/fr\/verification-de-la-competitivite-des-prix-de-detail\/#primaryimage\"},\"image\":{\"@id\":\"https:\/\/corporate.mca.ca\/fr\/verification-de-la-competitivite-des-prix-de-detail\/#primaryimage\"},\"thumbnailUrl\":\"https:\/\/corporate.mca.ca\/wp-content\/uploads\/2019\/07\/retail-competitive-price-audits-img.jpg\",\"datePublished\":\"2019-06-27T14:43:02+00:00\",\"dateModified\":\"2019-08-01T15:28:21+00:00\",\"description\":\"MCA : En savoir plus sur notre service de v\u00e9rification de la comp\u00e9titivit\u00e9 des prix en Am\u00e9rique du Nord\",\"breadcrumb\":{\"@id\":\"https:\/\/corporate.mca.ca\/fr\/verification-de-la-competitivite-des-prix-de-detail\/#breadcrumb\"},\"inLanguage\":\"fr-FR\",\"potentialAction\":[{\"@type\":\"ReadAction\",\"target\":[\"https:\/\/corporate.mca.ca\/fr\/verification-de-la-competitivite-des-prix-de-detail\/\"]}]},{\"@type\":\"ImageObject\",\"inLanguage\":\"fr-FR\",\"@id\":\"https:\/\/corporate.mca.ca\/fr\/verification-de-la-competitivite-des-prix-de-detail\/#primaryimage\",\"url\":\"https:\/\/corporate.mca.ca\/wp-content\/uploads\/2019\/07\/retail-competitive-price-audits-img.jpg\",\"contentUrl\":\"https:\/\/corporate.mca.ca\/wp-content\/uploads\/2019\/07\/retail-competitive-price-audits-img.jpg\"},{\"@type\":\"BreadcrumbList\",\"@id\":\"https:\/\/corporate.mca.ca\/fr\/verification-de-la-competitivite-des-prix-de-detail\/#breadcrumb\",\"itemListElement\":[{\"@type\":\"ListItem\",\"position\":1,\"name\":\"Home\",\"item\":\"https:\/\/corporate.mca.ca\/fr\/\"},{\"@type\":\"ListItem\",\"position\":2,\"name\":\"V\u00e9rification de la comp\u00e9titivit\u00e9 des prix de d\u00e9tail\"}]},{\"@type\":\"WebSite\",\"@id\":\"https:\/\/corporate.mca.ca\/fr\/#website\",\"url\":\"https:\/\/corporate.mca.ca\/fr\/\",\"name\":\"MCA\",\"description\":\"\",\"publisher\":{\"@id\":\"https:\/\/corporate.mca.ca\/fr\/#organization\"},\"potentialAction\":[{\"@type\":\"SearchAction\",\"target\":{\"@type\":\"EntryPoint\",\"urlTemplate\":\"https:\/\/corporate.mca.ca\/fr\/?s={search_term_string}\"},\"query-input\":{\"@type\":\"PropertyValueSpecification\",\"valueRequired\":true,\"valueName\":\"search_term_string\"}}],\"inLanguage\":\"fr-FR\"},{\"@type\":\"Organization\",\"@id\":\"https:\/\/corporate.mca.ca\/fr\/#organization\",\"name\":\"MCA\",\"url\":\"https:\/\/corporate.mca.ca\/fr\/\",\"logo\":{\"@type\":\"ImageObject\",\"inLanguage\":\"fr-FR\",\"@id\":\"https:\/\/corporate.mca.ca\/fr\/#\/schema\/logo\/image\/\",\"url\":\"https:\/\/corporate.mca.ca\/wp-content\/uploads\/2019\/06\/logo.png\",\"contentUrl\":\"https:\/\/corporate.mca.ca\/wp-content\/uploads\/2019\/06\/logo.png\",\"width\":215,\"height\":104,\"caption\":\"MCA\"},\"image\":{\"@id\":\"https:\/\/corporate.mca.ca\/fr\/#\/schema\/logo\/image\/\"}}]}<\/script>\n<!-- \/ Yoast SEO plugin. -->","yoast_head_json":{"title":"MCA - V\u00e9rification de la comp\u00e9titivit\u00e9 des prix de d\u00e9tail","description":"MCA : En savoir plus sur notre service de v\u00e9rification de la comp\u00e9titivit\u00e9 des prix en Am\u00e9rique du Nord","robots":{"index":"index","follow":"follow","max-snippet":"max-snippet:-1","max-image-preview":"max-image-preview:large","max-video-preview":"max-video-preview:-1"},"canonical":"https:\/\/corporate.mca.ca\/fr\/verification-de-la-competitivite-des-prix-de-detail\/","og_locale":"fr_FR","og_type":"article","og_title":"MCA - V\u00e9rification de la comp\u00e9titivit\u00e9 des prix de d\u00e9tail","og_description":"MCA : En savoir plus sur notre service de v\u00e9rification de la comp\u00e9titivit\u00e9 des prix en Am\u00e9rique du Nord","og_url":"https:\/\/corporate.mca.ca\/fr\/verification-de-la-competitivite-des-prix-de-detail\/","og_site_name":"MCA","article_modified_time":"2019-08-01T15:28:21+00:00","og_image":[{"url":"https:\/\/corporate.mca.ca\/wp-content\/uploads\/2019\/07\/retail-competitive-price-audits-img.jpg","type":"","width":"","height":""}],"twitter_card":"summary_large_image","twitter_misc":{"Dur\u00e9e de lecture estim\u00e9e":"1 minute"},"schema":{"@context":"https:\/\/schema.org","@graph":[{"@type":"WebPage","@id":"https:\/\/corporate.mca.ca\/fr\/verification-de-la-competitivite-des-prix-de-detail\/","url":"https:\/\/corporate.mca.ca\/fr\/verification-de-la-competitivite-des-prix-de-detail\/","name":"MCA - V\u00e9rification de la comp\u00e9titivit\u00e9 des prix de d\u00e9tail","isPartOf":{"@id":"https:\/\/corporate.mca.ca\/fr\/#website"},"primaryImageOfPage":{"@id":"https:\/\/corporate.mca.ca\/fr\/verification-de-la-competitivite-des-prix-de-detail\/#primaryimage"},"image":{"@id":"https:\/\/corporate.mca.ca\/fr\/verification-de-la-competitivite-des-prix-de-detail\/#primaryimage"},"thumbnailUrl":"https:\/\/corporate.mca.ca\/wp-content\/uploads\/2019\/07\/retail-competitive-price-audits-img.jpg","datePublished":"2019-06-27T14:43:02+00:00","dateModified":"2019-08-01T15:28:21+00:00","description":"MCA : En savoir plus sur notre service de v\u00e9rification de la comp\u00e9titivit\u00e9 des prix en Am\u00e9rique du Nord","breadcrumb":{"@id":"https:\/\/corporate.mca.ca\/fr\/verification-de-la-competitivite-des-prix-de-detail\/#breadcrumb"},"inLanguage":"fr-FR","potentialAction":[{"@type":"ReadAction","target":["https:\/\/corporate.mca.ca\/fr\/verification-de-la-competitivite-des-prix-de-detail\/"]}]},{"@type":"ImageObject","inLanguage":"fr-FR","@id":"https:\/\/corporate.mca.ca\/fr\/verification-de-la-competitivite-des-prix-de-detail\/#primaryimage","url":"https:\/\/corporate.mca.ca\/wp-content\/uploads\/2019\/07\/retail-competitive-price-audits-img.jpg","contentUrl":"https:\/\/corporate.mca.ca\/wp-content\/uploads\/2019\/07\/retail-competitive-price-audits-img.jpg"},{"@type":"BreadcrumbList","@id":"https:\/\/corporate.mca.ca\/fr\/verification-de-la-competitivite-des-prix-de-detail\/#breadcrumb","itemListElement":[{"@type":"ListItem","position":1,"name":"Home","item":"https:\/\/corporate.mca.ca\/fr\/"},{"@type":"ListItem","position":2,"name":"V\u00e9rification de la comp\u00e9titivit\u00e9 des prix de d\u00e9tail"}]},{"@type":"WebSite","@id":"https:\/\/corporate.mca.ca\/fr\/#website","url":"https:\/\/corporate.mca.ca\/fr\/","name":"MCA","description":"","publisher":{"@id":"https:\/\/corporate.mca.ca\/fr\/#organization"},"potentialAction":[{"@type":"SearchAction","target":{"@type":"EntryPoint","urlTemplate":"https:\/\/corporate.mca.ca\/fr\/?s={search_term_string}"},"query-input":{"@type":"PropertyValueSpecification","valueRequired":true,"valueName":"search_term_string"}}],"inLanguage":"fr-FR"},{"@type":"Organization","@id":"https:\/\/corporate.mca.ca\/fr\/#organization","name":"MCA","url":"https:\/\/corporate.mca.ca\/fr\/","logo":{"@type":"ImageObject","inLanguage":"fr-FR","@id":"https:\/\/corporate.mca.ca\/fr\/#\/schema\/logo\/image\/","url":"https:\/\/corporate.mca.ca\/wp-content\/uploads\/2019\/06\/logo.png","contentUrl":"https:\/\/corporate.mca.ca\/wp-content\/uploads\/2019\/06\/logo.png","width":215,"height":104,"caption":"MCA"},"image":{"@id":"https:\/\/corporate.mca.ca\/fr\/#\/schema\/logo\/image\/"}}]}},"_links":{"self":[{"href":"https:\/\/corporate.mca.ca\/fr\/wp-json\/wp\/v2\/pages\/502","targetHints":{"allow":["GET"]}}],"collection":[{"href":"https:\/\/corporate.mca.ca\/fr\/wp-json\/wp\/v2\/pages"}],"about":[{"href":"https:\/\/corporate.mca.ca\/fr\/wp-json\/wp\/v2\/types\/page"}],"author":[{"embeddable":true,"href":"https:\/\/corporate.mca.ca\/fr\/wp-json\/wp\/v2\/users\/1"}],"replies":[{"embeddable":true,"href":"https:\/\/corporate.mca.ca\/fr\/wp-json\/wp\/v2\/comments?post=502"}],"version-history":[{"count":8,"href":"https:\/\/corporate.mca.ca\/fr\/wp-json\/wp\/v2\/pages\/502\/revisions"}],"predecessor-version":[{"id":1089,"href":"https:\/\/corporate.mca.ca\/fr\/wp-json\/wp\/v2\/pages\/502\/revisions\/1089"}],"wp:attachment":[{"href":"https:\/\/corporate.mca.ca\/fr\/wp-json\/wp\/v2\/media?parent=502"}],"curies":[{"name":"wp","href":"https:\/\/api.w.org\/{rel}","templated":true}]}}