{"id":498,"date":"2019-06-27T10:31:43","date_gmt":"2019-06-27T14:31:43","guid":{"rendered":"https:\/\/mca.yannick.net\/?page_id=498"},"modified":"2019-08-01T11:29:49","modified_gmt":"2019-08-01T15:29:49","slug":"verification-de-points-de-ventes-au-detail","status":"publish","type":"page","link":"https:\/\/corporate.mca.ca\/fr\/verification-de-points-de-ventes-au-detail\/","title":{"rendered":"V\u00e9rification de points de ventes au d\u00e9tail"},"content":{"rendered":"<section class=\"content_container clearfix\">\n<div class=\"container\">\n<div class=\"row d-lg-block\">\n<div class=\"col-lg-12\">\n<div class=\"lc-block page-title retail-merchandising fr-text\">\n<div editable=\"rich\">\n<h1>V\u00e9rification de points de ventes au d\u00e9tail<\/h1>\n<h2>Mesurez plus pour moins avec MCA au d\u00e9tail!<\/h2>\n<\/p><\/div>\n<\/p><\/div>\n<p><!-- \/lc-block -->\n\t\t<\/div>\n<p><!-- \/col --><\/p>\n<div class=\"col-lg-6 float-lg-left\">\n<div class=\"border-right\">\n<div class=\"lc-block\">\n\t\t\t\t\t<img decoding=\"async\" class=\"img-fluid mb-4\" src=\"https:\/\/corporate.mca.ca\/wp-content\/uploads\/2019\/07\/retail-audits-img.jpg\" alt=\"\">\n\t\t\t\t<\/div>\n<\/p><\/div>\n<\/p><\/div>\n<div class=\"col-lg-6 float-lg-right\">\n<div class=\"lc-block retail-covering\">\n<div editable=\"rich\">\n<h4>MicroAudits par MCA, offert par SmartScan<\/h4>\n<h2 class=\"mb-4\">V\u00e9rification de points de ventes au d\u00e9tail<\/h2>\n<p>MicroAudits par MCA, offert par SmartScan, est un service fiable, pr\u00e9cis, flexible et abordable pour effectuer la v\u00e9rification d\u2019\u00e0 peu pr\u00e8s tout ce qui peut se trouver dans un magasin de d\u00e9tail.<\/p>\n<p>MicroAudits permet aux clients de cr\u00e9er des programmes de v\u00e9rification adapt\u00e9s \u00e0 leurs besoins \u00e0 co\u00fbt moindre, et offre un meilleur retour sur investissement pour les clients d\u00e9taillants et les compagnies de produits de consommation emball\u00e9s.<\/p>\n<p>MicroAudits peut \u00eatre configur\u00e9 pour num\u00e9riser des codes \u00e0 barres, saisir les renseignements (SKU) et des quantit\u00e9s de produits, rechercher les fichiers de validation, prendre des photos, capturer des renseignements, saisir les renseignements de marketing et de pr\u00e9sentoirs ainsi que capturer de nombreuses autres donn\u00e9es importantes.<\/p>\n<p>MicroAudits est adapt\u00e9 aux op\u00e9rations, finances, ventes, marketing, gestion de cat\u00e9gories, marchandisage, gestion de comptes des d\u00e9taillants et des compagnies de produits de consommation emball\u00e9s, et bien plus encore. Collaborez avec vos coll\u00e8gues et vos partenaires d\u2019affaires, et concevez des programmes MicroAudits parfaits pour tous les besoins de v\u00e9rification de votre entreprise. Faites le tout en une seule visite au d\u00e9tail et \u00e9conomisez des milliers de dollars!<\/p>\n<p>Le processus MicroAudits par MCA est bas\u00e9 sur des routines de balayage s\u00e9quentiel permettant des v\u00e9rifications de points de ventes au d\u00e9tail pr\u00e9cises, \u00e0 chaque fois!<\/p>\n<p>MCA aide les d\u00e9taillants et les compagnies de produits de consommation emball\u00e9s \u00e0 gagner au d\u00e9tail gr\u00e2ce \u00e0 MicroAudits par MCA<\/p>\n<h3 class=\"mb-4\">Faites plus de v\u00e9rifications pour moins aux points de ventes au d\u00e9tail gr\u00e2ce \u00e0 MicroAudits par MCA<\/h3>\n<ul class=\"mb-4\">\n<li>Frais minimums les plus bas de l\u2019industrie pour les v\u00e9rifications<\/li>\n<li>Pour aussi peu que 45 minutes par appel<\/li>\n<li>Meilleure couverture de points de vente au d\u00e9tail de l\u2019industrie<\/li>\n<li>98 % de tous les magasins de d\u00e9tail couverts localement<\/li>\n<li>Technologie mobile avanc\u00e9e<\/li>\n<li>SmartScan par MCA offre des capacit\u00e9s de scanner via Bluetooth<\/li>\n<li>Des milliers de fa\u00e7ons de communiquer l\u2019information<\/li>\n<li>Rapport visuel actif pr\u00e9sent\u00e9 par Microsoft Power BI<\/li>\n<li>Les v\u00e9rificateurs les plus exp\u00e9riment\u00e9s de l\u2019industrie<\/li>\n<li>Moins de 15% de rotation de la main-d\u2019\u0153uvre, par an<\/li>\n<\/ul>\n<h3 class=\"mb-4\">MicroAudits par MCA aide les clients d\u00e9taillants et les compagnies de produits de consommation emball\u00e9s \u00e0<\/h3>\n<ul class=\"mb-4\">\n<li>Am\u00e9liorer la disponibilit\u00e9 des produits sur les tablettes<\/li>\n<li>Am\u00e9liorer la conformit\u00e9 au diagramme de planification<\/li>\n<li>Abaisser les niveaux d\u2019emballages<\/li>\n<li>R\u00e9aliser les marges les plus \u00e9lev\u00e9es<\/li>\n<li>Provoquer les actions correctives dans les magasins de d\u00e9tail<\/li>\n<li>Augmenter les contr\u00f4les de l\u2019inventaire<\/li>\n<li>Diminuer les ruptures de stock<\/li>\n<li>Am\u00e9liorer le service \u00e0 la client\u00e8le<\/li>\n<li>Augmenter les ventes<\/li>\n<\/ul>\n<p>Une citation populaire \u00ab&nbsp;<strong>si nous ne pouvez pas le mesurer, vous ne pouvez pas l\u2019am\u00e9liorer<\/strong>&nbsp;\u00bb. Mesurer plus pour moins aux points de ventes au d\u00e9tail avec MCA MicroAudits par MCA \u2013 Tout simplement le meilleur&nbsp;!<\/p>\n<\/p><\/div>\n<\/p><\/div>\n<div class=\"lc-block retail-covering\">\n<div lc-helper=\"shortcode\" class=\"live-shortcode\"><a href='https:\/\/corporate.mca.ca\/en\/contact-us\/verification-de-points-de-ventes-au-detail' class='btn contact purple-bg'>Demande de prix<\/a><\/div>\n<\/p><\/div>\n<\/p><\/div>\n<div class=\"col-lg-6 float-lg-left\">\n<div class=\"border-right border-md-top\">\n<div class=\"lc-block\">\n<div lc-helper=\"shortcode\" class=\"live-shortcode\"><a href=\"https:\/\/corporate.mca.ca\/wp-content\/themes\/yannickweb\/assets\/videos\/retail-audits-video.mp4\" class=\"video_link d-none d-lg-flex\" data-video-source=\"\" title=\"Retail audits video\"><img decoding=\"async\" src=\"https:\/\/corporate.mca.ca\/wp-content\/themes\/yannickweb\/assets\/images\/retail-audits-video.jpg\" class=\"video_img\" alt=\"Retail audits video\" \/><\/a><\/div>\n<\/p><\/div>\n<\/p><\/div>\n<\/p><\/div>\n<\/p><\/div>\n<\/div>\n<\/section>\n<section class=\"testimonial_slider_container\">\n<div class=\"container\">\n<div class=\"row\">\n<div class=\"col-md-12\">\n<div class=\"lc-block\">\n<div lc-helper=\"shortcode\" class=\"live-shortcode\"><div class=\"home_testimonials_slider d-flex overflow-hidden\"><div class=\"oneTestimonial d-flex flex-column justify-content-center align-items-center\"><p class=\"titre\">MCA - Tout Simplement les meilleurs<\/p><div class=\"desc\"><p><p class=\"western\"><span lang=\"fr-CA\">\u00ab\u00a0Notre relation de longue date avec MCA t\u00e9moigne du leadership et de leur expertise dans l\u2019\u00e9laboration de plans de marchandisage efficaces et coh\u00e9rents, et de la qualit\u00e9 de leur ex\u00e9cution\u00a0\u00bb<\/span><\/p><\/p><\/div><\/div><div class=\"oneTestimonial d-flex flex-column justify-content-center align-items-center\"><p class=\"titre\">Gagner au d\u00e9tail avec MCA<\/p><div class=\"desc\"><p><p class=\"western\"><span lang=\"fr-CA\">\u00ab Depuis plus de 10 ans, nous sommes en partenariat avec MCA afin d\u2019\u00e9tendre la port\u00e9e de nos \u00e9quipes de vente, de marchandisage et de v\u00e9rification. Bas\u00e9 sur l\u2019ensemble de nos strat\u00e9gies et des propri\u00e9t\u00e9s de la compagnie, notre \u00e9quipe de gestion des ventes travaille avec MCA pour \u00e9laborer des plans strat\u00e9giques sp\u00e9cifiques aux diff\u00e9rents comptes. Travaillant en tant qu'une seule \u00e9quipe, notre compagnie et MCA ex\u00e9cutent des plans, r\u00e8glent les probl\u00e8mes et capitalisent sur les opportunit\u00e9s qui se pr\u00e9sentent. Ensemble, nous avons obtenus des r\u00e9sultats significatifs, toujours en appliquant notre vision du d\u00e9tail sur l\u2019am\u00e9lioration continue. MCA contribue fortement \u00e0 la compagnie et un un partenaire en affaires qui nous est pr\u00e9cieux. \u00bb<\/span><\/p><\/p><\/div><\/div><div class=\"oneTestimonial d-flex flex-column justify-content-center align-items-center\"><p class=\"titre\">MCA - Pr\u00eat \u00e0 la vente au d\u00e9tail<\/p><div class=\"desc\"><p><p class=\"western\"><span lang=\"fr-CA\">\u00ab\u00a0MCA est devenu un v\u00e9ritable partenaire dans la stimulation des ventes et l\u2019ex\u00e9cution globale de nos programmes en magasin. En offrant des perspectives d\u2019affaires pr\u00e9cises et utiles, une ex\u00e9cution parfaite des syst\u00e8mes de vente au d\u00e9tail, et la pr\u00e9sentation de rapport d\u00e9taill\u00e9s, MCA est devenu un pr\u00e9cieux partenaire pour notre entreprise.\u00a0\u00bb <\/span><\/p><\/p><\/div><\/div><\/div><\/div>\n<\/p><\/div>\n<p><!-- \/lc-block -->\n\t\t\t<\/div>\n<p><!-- \/col -->\n\t\t<\/div>\n<\/p><\/div>\n<\/section>\n","protected":false},"excerpt":{"rendered":"<p>MicroAudits par [infos type=\"company_name\"], propuls\u00e9 par SmartScan, est un service fiable, pr\u00e9cis, flexible et abordable pour effectuer la v\u00e9rification d\u2019\u00e0 peu pr\u00e8s tout ce qui peut se trouver dans un magasin de d\u00e9tail.<\/p>\n<p>MicroAudits permet aux clients de cr\u00e9er des programmes de v\u00e9rification adapt\u00e9s \u00e0 leurs besoins \u00e0 co\u00fbt moindre, et offre un meilleur retour sur investissement pour les clients d\u00e9taillants et les compagnies de produits de consommation emball\u00e9s.<\/p>\n","protected":false},"author":1,"featured_media":0,"parent":0,"menu_order":0,"comment_status":"closed","ping_status":"closed","template":"page-templates\/empty.php","meta":{"footnotes":""},"class_list":["post-498","page","type-page","status-publish","hentry"],"yoast_head":"<!-- This site is optimized with the Yoast SEO plugin v26.8 - https:\/\/yoast.com\/product\/yoast-seo-wordpress\/ -->\n<title>MCA - V\u00e9rification de points de vente au d\u00e9tail<\/title>\n<meta name=\"description\" content=\"MCA : Nous proposons la v\u00e9rification de points de vente au d\u00e9tail pour un r\u00e9sultat efficace\" \/>\n<meta name=\"robots\" content=\"index, follow, max-snippet:-1, max-image-preview:large, max-video-preview:-1\" \/>\n<link rel=\"canonical\" href=\"https:\/\/corporate.mca.ca\/fr\/verification-de-points-de-ventes-au-detail\/\" \/>\n<meta property=\"og:locale\" content=\"fr_FR\" \/>\n<meta property=\"og:type\" content=\"article\" \/>\n<meta property=\"og:title\" content=\"MCA - V\u00e9rification de points de vente au d\u00e9tail\" \/>\n<meta property=\"og:description\" content=\"MCA : Nous proposons la v\u00e9rification de points de vente au d\u00e9tail pour un r\u00e9sultat efficace\" \/>\n<meta property=\"og:url\" content=\"https:\/\/corporate.mca.ca\/fr\/verification-de-points-de-ventes-au-detail\/\" \/>\n<meta property=\"og:site_name\" content=\"MCA\" \/>\n<meta property=\"article:modified_time\" content=\"2019-08-01T15:29:49+00:00\" \/>\n<meta property=\"og:image\" content=\"https:\/\/corporate.mca.ca\/wp-content\/uploads\/2019\/07\/retail-audits-img.jpg\" \/>\n<meta name=\"twitter:card\" content=\"summary_large_image\" \/>\n<meta name=\"twitter:label1\" content=\"Dur\u00e9e de lecture estim\u00e9e\" \/>\n\t<meta name=\"twitter:data1\" content=\"3 minutes\" \/>\n<script type=\"application\/ld+json\" class=\"yoast-schema-graph\">{\"@context\":\"https:\/\/schema.org\",\"@graph\":[{\"@type\":\"WebPage\",\"@id\":\"https:\/\/corporate.mca.ca\/fr\/verification-de-points-de-ventes-au-detail\/\",\"url\":\"https:\/\/corporate.mca.ca\/fr\/verification-de-points-de-ventes-au-detail\/\",\"name\":\"MCA - V\u00e9rification de points de vente au d\u00e9tail\",\"isPartOf\":{\"@id\":\"https:\/\/corporate.mca.ca\/fr\/#website\"},\"primaryImageOfPage\":{\"@id\":\"https:\/\/corporate.mca.ca\/fr\/verification-de-points-de-ventes-au-detail\/#primaryimage\"},\"image\":{\"@id\":\"https:\/\/corporate.mca.ca\/fr\/verification-de-points-de-ventes-au-detail\/#primaryimage\"},\"thumbnailUrl\":\"https:\/\/corporate.mca.ca\/wp-content\/uploads\/2019\/07\/retail-audits-img.jpg\",\"datePublished\":\"2019-06-27T14:31:43+00:00\",\"dateModified\":\"2019-08-01T15:29:49+00:00\",\"description\":\"MCA : Nous proposons la v\u00e9rification de points de vente au d\u00e9tail pour un r\u00e9sultat efficace\",\"breadcrumb\":{\"@id\":\"https:\/\/corporate.mca.ca\/fr\/verification-de-points-de-ventes-au-detail\/#breadcrumb\"},\"inLanguage\":\"fr-FR\",\"potentialAction\":[{\"@type\":\"ReadAction\",\"target\":[\"https:\/\/corporate.mca.ca\/fr\/verification-de-points-de-ventes-au-detail\/\"]}]},{\"@type\":\"ImageObject\",\"inLanguage\":\"fr-FR\",\"@id\":\"https:\/\/corporate.mca.ca\/fr\/verification-de-points-de-ventes-au-detail\/#primaryimage\",\"url\":\"https:\/\/corporate.mca.ca\/wp-content\/uploads\/2019\/07\/retail-audits-img.jpg\",\"contentUrl\":\"https:\/\/corporate.mca.ca\/wp-content\/uploads\/2019\/07\/retail-audits-img.jpg\"},{\"@type\":\"BreadcrumbList\",\"@id\":\"https:\/\/corporate.mca.ca\/fr\/verification-de-points-de-ventes-au-detail\/#breadcrumb\",\"itemListElement\":[{\"@type\":\"ListItem\",\"position\":1,\"name\":\"Home\",\"item\":\"https:\/\/corporate.mca.ca\/fr\/\"},{\"@type\":\"ListItem\",\"position\":2,\"name\":\"V\u00e9rification de points de ventes au d\u00e9tail\"}]},{\"@type\":\"WebSite\",\"@id\":\"https:\/\/corporate.mca.ca\/fr\/#website\",\"url\":\"https:\/\/corporate.mca.ca\/fr\/\",\"name\":\"MCA\",\"description\":\"\",\"publisher\":{\"@id\":\"https:\/\/corporate.mca.ca\/fr\/#organization\"},\"potentialAction\":[{\"@type\":\"SearchAction\",\"target\":{\"@type\":\"EntryPoint\",\"urlTemplate\":\"https:\/\/corporate.mca.ca\/fr\/?s={search_term_string}\"},\"query-input\":{\"@type\":\"PropertyValueSpecification\",\"valueRequired\":true,\"valueName\":\"search_term_string\"}}],\"inLanguage\":\"fr-FR\"},{\"@type\":\"Organization\",\"@id\":\"https:\/\/corporate.mca.ca\/fr\/#organization\",\"name\":\"MCA\",\"url\":\"https:\/\/corporate.mca.ca\/fr\/\",\"logo\":{\"@type\":\"ImageObject\",\"inLanguage\":\"fr-FR\",\"@id\":\"https:\/\/corporate.mca.ca\/fr\/#\/schema\/logo\/image\/\",\"url\":\"https:\/\/corporate.mca.ca\/wp-content\/uploads\/2019\/06\/logo.png\",\"contentUrl\":\"https:\/\/corporate.mca.ca\/wp-content\/uploads\/2019\/06\/logo.png\",\"width\":215,\"height\":104,\"caption\":\"MCA\"},\"image\":{\"@id\":\"https:\/\/corporate.mca.ca\/fr\/#\/schema\/logo\/image\/\"}}]}<\/script>\n<!-- \/ Yoast SEO plugin. -->","yoast_head_json":{"title":"MCA - V\u00e9rification de points de vente au d\u00e9tail","description":"MCA : Nous proposons la v\u00e9rification de points de vente au d\u00e9tail pour un r\u00e9sultat efficace","robots":{"index":"index","follow":"follow","max-snippet":"max-snippet:-1","max-image-preview":"max-image-preview:large","max-video-preview":"max-video-preview:-1"},"canonical":"https:\/\/corporate.mca.ca\/fr\/verification-de-points-de-ventes-au-detail\/","og_locale":"fr_FR","og_type":"article","og_title":"MCA - V\u00e9rification de points de vente au d\u00e9tail","og_description":"MCA : Nous proposons la v\u00e9rification de points de vente au d\u00e9tail pour un r\u00e9sultat efficace","og_url":"https:\/\/corporate.mca.ca\/fr\/verification-de-points-de-ventes-au-detail\/","og_site_name":"MCA","article_modified_time":"2019-08-01T15:29:49+00:00","og_image":[{"url":"https:\/\/corporate.mca.ca\/wp-content\/uploads\/2019\/07\/retail-audits-img.jpg","type":"","width":"","height":""}],"twitter_card":"summary_large_image","twitter_misc":{"Dur\u00e9e de lecture estim\u00e9e":"3 minutes"},"schema":{"@context":"https:\/\/schema.org","@graph":[{"@type":"WebPage","@id":"https:\/\/corporate.mca.ca\/fr\/verification-de-points-de-ventes-au-detail\/","url":"https:\/\/corporate.mca.ca\/fr\/verification-de-points-de-ventes-au-detail\/","name":"MCA - V\u00e9rification de points de vente au d\u00e9tail","isPartOf":{"@id":"https:\/\/corporate.mca.ca\/fr\/#website"},"primaryImageOfPage":{"@id":"https:\/\/corporate.mca.ca\/fr\/verification-de-points-de-ventes-au-detail\/#primaryimage"},"image":{"@id":"https:\/\/corporate.mca.ca\/fr\/verification-de-points-de-ventes-au-detail\/#primaryimage"},"thumbnailUrl":"https:\/\/corporate.mca.ca\/wp-content\/uploads\/2019\/07\/retail-audits-img.jpg","datePublished":"2019-06-27T14:31:43+00:00","dateModified":"2019-08-01T15:29:49+00:00","description":"MCA : Nous proposons la v\u00e9rification de points de vente au d\u00e9tail pour un r\u00e9sultat efficace","breadcrumb":{"@id":"https:\/\/corporate.mca.ca\/fr\/verification-de-points-de-ventes-au-detail\/#breadcrumb"},"inLanguage":"fr-FR","potentialAction":[{"@type":"ReadAction","target":["https:\/\/corporate.mca.ca\/fr\/verification-de-points-de-ventes-au-detail\/"]}]},{"@type":"ImageObject","inLanguage":"fr-FR","@id":"https:\/\/corporate.mca.ca\/fr\/verification-de-points-de-ventes-au-detail\/#primaryimage","url":"https:\/\/corporate.mca.ca\/wp-content\/uploads\/2019\/07\/retail-audits-img.jpg","contentUrl":"https:\/\/corporate.mca.ca\/wp-content\/uploads\/2019\/07\/retail-audits-img.jpg"},{"@type":"BreadcrumbList","@id":"https:\/\/corporate.mca.ca\/fr\/verification-de-points-de-ventes-au-detail\/#breadcrumb","itemListElement":[{"@type":"ListItem","position":1,"name":"Home","item":"https:\/\/corporate.mca.ca\/fr\/"},{"@type":"ListItem","position":2,"name":"V\u00e9rification de points de ventes au d\u00e9tail"}]},{"@type":"WebSite","@id":"https:\/\/corporate.mca.ca\/fr\/#website","url":"https:\/\/corporate.mca.ca\/fr\/","name":"MCA","description":"","publisher":{"@id":"https:\/\/corporate.mca.ca\/fr\/#organization"},"potentialAction":[{"@type":"SearchAction","target":{"@type":"EntryPoint","urlTemplate":"https:\/\/corporate.mca.ca\/fr\/?s={search_term_string}"},"query-input":{"@type":"PropertyValueSpecification","valueRequired":true,"valueName":"search_term_string"}}],"inLanguage":"fr-FR"},{"@type":"Organization","@id":"https:\/\/corporate.mca.ca\/fr\/#organization","name":"MCA","url":"https:\/\/corporate.mca.ca\/fr\/","logo":{"@type":"ImageObject","inLanguage":"fr-FR","@id":"https:\/\/corporate.mca.ca\/fr\/#\/schema\/logo\/image\/","url":"https:\/\/corporate.mca.ca\/wp-content\/uploads\/2019\/06\/logo.png","contentUrl":"https:\/\/corporate.mca.ca\/wp-content\/uploads\/2019\/06\/logo.png","width":215,"height":104,"caption":"MCA"},"image":{"@id":"https:\/\/corporate.mca.ca\/fr\/#\/schema\/logo\/image\/"}}]}},"_links":{"self":[{"href":"https:\/\/corporate.mca.ca\/fr\/wp-json\/wp\/v2\/pages\/498","targetHints":{"allow":["GET"]}}],"collection":[{"href":"https:\/\/corporate.mca.ca\/fr\/wp-json\/wp\/v2\/pages"}],"about":[{"href":"https:\/\/corporate.mca.ca\/fr\/wp-json\/wp\/v2\/types\/page"}],"author":[{"embeddable":true,"href":"https:\/\/corporate.mca.ca\/fr\/wp-json\/wp\/v2\/users\/1"}],"replies":[{"embeddable":true,"href":"https:\/\/corporate.mca.ca\/fr\/wp-json\/wp\/v2\/comments?post=498"}],"version-history":[{"count":8,"href":"https:\/\/corporate.mca.ca\/fr\/wp-json\/wp\/v2\/pages\/498\/revisions"}],"predecessor-version":[{"id":1091,"href":"https:\/\/corporate.mca.ca\/fr\/wp-json\/wp\/v2\/pages\/498\/revisions\/1091"}],"wp:attachment":[{"href":"https:\/\/corporate.mca.ca\/fr\/wp-json\/wp\/v2\/media?parent=498"}],"curies":[{"name":"wp","href":"https:\/\/api.w.org\/{rel}","templated":true}]}}