{"id":494,"date":"2019-06-27T10:26:49","date_gmt":"2019-06-27T14:26:49","guid":{"rendered":"https:\/\/mca.yannick.net\/?page_id=494"},"modified":"2019-07-23T11:35:00","modified_gmt":"2019-07-23T15:35:00","slug":"notre-equipe","status":"publish","type":"page","link":"https:\/\/corporate.mca.ca\/fr\/notre-equipe\/","title":{"rendered":"Notre \u00e9quipe"},"content":{"rendered":"<section class=\"content_container\">\n<div class=\"container\">\n<div class=\"row\">\n<div class=\"col-lg-12\">\n<div class=\"lc-block page-title retail-merchandising\">\n<div editable=\"rich\">\n<h1>Notre \u00e9quipe<\/h1>\n<h2>Faites l\u2019exp\u00e9rience de la diff\u00e9rence MCA!<\/h2>\n<\/p><\/div>\n<\/p><\/div>\n<p><!-- \/lc-block -->\n\t\t\t<\/div>\n<p><!-- \/col --><\/p>\n<div class=\"col-lg-5\">\n<div class=\"lc-block text-center\">\n\t<img decoding=\"async\" class=\"img-fluid mb-4\" src=\"https:\/\/corporate.mca.ca\/wp-content\/uploads\/2019\/07\/team-img.jpg\" alt=\"\">\n<\/div>\n<\/div>\n<div class=\"col-lg-7\">\n<div class=\"lc-block retail-covering ml-0\">\n<div editable=\"rich\">\n<h2 class=\"mb-3\">La communaut\u00e9 MCA<\/h2>\n<p>Une des forces de notre entreprise est notre \u00e9quipe dynamique, qualifi\u00e9e et efficace. Nous en faisons notre priorit\u00e9 de former tous les membres de mani\u00e8re professionnelle et individuelle, car nous tenons \u00e0 ce que notre \u00e9quipe soit le reflet de notre service et de nos valeurs. Pour cette raison, nous croyons en l\u2019excellence!<\/p>\n<p>Tous nos gestionnaires sont choisis avec attention, car nous tenons \u00e0 ce que le savoir soit transmis \u00e0 ceux qui se joignent \u00e0 l\u2019\u00e9quipe au fur et \u00e0 mesure.&nbsp;<\/p>\n<p>Chez MCA, nous mettons l\u2019emphase sur le personnel, car nous avons compris qu\u2019investir en eux les pousse \u00e0 s\u2019investir davantage aupr\u00e8s de notre client\u00e8le. Tous nos membres sont dot\u00e9s d\u2019un sens de responsabilit\u00e9 vis-\u00e0-vis de la client\u00e8le, ce qui se traduit dans notre excellent service.&nbsp;<\/p>\n<p>Nous sommes repr\u00e9sent\u00e9s partout au Canada et nos responsables sur le terrain sont des professionnels qualifi\u00e9s qui repr\u00e9sentent la plus grande et la plus qualifi\u00e9e des \u00e9quipes de vente, de marchandisage, de v\u00e9rification au d\u00e9tail et de collecte de donn\u00e9es au Canada.<\/p>\n<ul>\n\t<\/ul>\n<\/p>\n<\/div>\n<\/div><\/div>\n<\/p><\/div>\n<\/p><\/div>\n<\/section>\n<section class=\"home_team_container\">\n<div class=\"container\">\n<div class=\"row\">\n<div class=\"col-xl-10 ml-auto\">\n<div class=\"home_team_div\">\n<div class=\"row align-items-center\">\n<div class=\"col-md-6 col-lg-4\">\n<div class=\"lc-block\">\n\t\t\t\t\t\t\t\t<img decoding=\"async\" class=\"img-fluid\" src=\"https:\/\/corporate.mca.ca\/wp-content\/uploads\/2019\/07\/home-team-img-1.jpg\" alt=\"\">\n\t\t\t\t\t\t\t<\/div>\n<p><!-- \/lc-block -->\n\t\t\t\t\t\t<\/div>\n<div class=\"col-md-6 col-lg-8\">\n<div class=\"lc-block fr-text\">\n<div editable=\"rich\">\n<h2>Rejoindre notre \u00e9quipe<\/h2>\n<h3>Nous sommes la premi\u00e8re soci\u00e9t\u00e9 canadienne sp\u00e9cialis\u00e9e dans la vente, le marchandisage et la collecte de donn\u00e9es!<\/h3>\n<p>Explorez nos positions disponibles et remplissez votre candidature en ligne d\u00e8s aujourd&rsquo;hui.<\/p>\n<p><a href='https:\/\/corporate.mca.ca\/fr\/carrieres\/' class='btn contact purple-bg'>Appliquer maintenant<\/a><a href='https:\/\/corporate.mca.ca\/fr\/carrieres\/' class='btn contact transparent-bg'>Voir les postes disponibles<\/a><\/p>\n<\/p><\/div>\n<\/p><\/div>\n<p><!-- \/lc-block -->\n\t\t\t\t\t\t<\/div>\n<\/p><\/div>\n<\/p><\/div>\n<\/p><\/div>\n<\/p><\/div>\n<\/p><\/div>\n<\/section>\n<section class=\"testimonial_slider_container\">\n<div class=\"container\">\n<div class=\"row\">\n<div class=\"col-md-12\">\n<div class=\"lc-block\">\n<div lc-helper=\"shortcode\" class=\"live-shortcode\"><div class=\"home_testimonials_slider d-flex overflow-hidden\"><div class=\"oneTestimonial d-flex flex-column justify-content-center align-items-center\"><p class=\"titre\">Gagner au d\u00e9tail avec MCA<\/p><div class=\"desc\"><p><p class=\"western\"><span lang=\"fr-CA\">\u00ab Depuis plus de 10 ans, nous sommes en partenariat avec MCA afin d\u2019\u00e9tendre la port\u00e9e de nos \u00e9quipes de vente, de marchandisage et de v\u00e9rification. Bas\u00e9 sur l\u2019ensemble de nos strat\u00e9gies et des propri\u00e9t\u00e9s de la compagnie, notre \u00e9quipe de gestion des ventes travaille avec MCA pour \u00e9laborer des plans strat\u00e9giques sp\u00e9cifiques aux diff\u00e9rents comptes. Travaillant en tant qu'une seule \u00e9quipe, notre compagnie et MCA ex\u00e9cutent des plans, r\u00e8glent les probl\u00e8mes et capitalisent sur les opportunit\u00e9s qui se pr\u00e9sentent. Ensemble, nous avons obtenus des r\u00e9sultats significatifs, toujours en appliquant notre vision du d\u00e9tail sur l\u2019am\u00e9lioration continue. MCA contribue fortement \u00e0 la compagnie et un un partenaire en affaires qui nous est pr\u00e9cieux. \u00bb<\/span><\/p><\/p><\/div><\/div><div class=\"oneTestimonial d-flex flex-column justify-content-center align-items-center\"><p class=\"titre\">MCA - Pr\u00eat \u00e0 la vente au d\u00e9tail<\/p><div class=\"desc\"><p><p class=\"western\"><span lang=\"fr-CA\">\u00ab\u00a0MCA est devenu un v\u00e9ritable partenaire dans la stimulation des ventes et l\u2019ex\u00e9cution globale de nos programmes en magasin. En offrant des perspectives d\u2019affaires pr\u00e9cises et utiles, une ex\u00e9cution parfaite des syst\u00e8mes de vente au d\u00e9tail, et la pr\u00e9sentation de rapport d\u00e9taill\u00e9s, MCA est devenu un pr\u00e9cieux partenaire pour notre entreprise.\u00a0\u00bb <\/span><\/p><\/p><\/div><\/div><div class=\"oneTestimonial d-flex flex-column justify-content-center align-items-center\"><p class=\"titre\">MCA - Tout Simplement les meilleurs<\/p><div class=\"desc\"><p><p class=\"western\"><span lang=\"fr-CA\">\u00ab\u00a0Notre relation de longue date avec MCA t\u00e9moigne du leadership et de leur expertise dans l\u2019\u00e9laboration de plans de marchandisage efficaces et coh\u00e9rents, et de la qualit\u00e9 de leur ex\u00e9cution\u00a0\u00bb<\/span><\/p><\/p><\/div><\/div><\/div><\/div>\n<\/p><\/div>\n<p><!-- \/lc-block -->\n\t\t\t<\/div>\n<p><!-- \/col -->\n\t\t<\/div>\n<\/p><\/div>\n<\/section>\n","protected":false},"excerpt":{"rendered":"<p>Notre \u00e9quipe Faites l\u2019exp\u00e9rience de la diff\u00e9rence ! La communaut\u00e9 Une des forces de notre entreprise est notre \u00e9quipe dynamique, qualifi\u00e9e et efficace. Nous en faisons notre priorit\u00e9 de former tous les membres de mani\u00e8re professionnelle et individuelle, car nous tenons \u00e0 ce que notre \u00e9quipe soit le reflet de notre service et de nos [&hellip;]<\/p>\n","protected":false},"author":1,"featured_media":0,"parent":0,"menu_order":0,"comment_status":"closed","ping_status":"closed","template":"page-templates\/empty.php","meta":{"footnotes":""},"class_list":["post-494","page","type-page","status-publish","hentry"],"yoast_head":"<!-- This site is optimized with the Yoast SEO plugin v26.8 - https:\/\/yoast.com\/product\/yoast-seo-wordpress\/ -->\n<title>MCA - Notre \u00e9quipe<\/title>\n<meta name=\"description\" content=\"MCA : Notre \u00e9quipe est compos\u00e9e de personnes talentueuses qui nous repr\u00e9sentent partout au pays.\" \/>\n<meta name=\"robots\" content=\"index, follow, max-snippet:-1, max-image-preview:large, max-video-preview:-1\" \/>\n<link rel=\"canonical\" href=\"https:\/\/corporate.mca.ca\/fr\/notre-equipe\/\" \/>\n<meta property=\"og:locale\" content=\"fr_FR\" \/>\n<meta property=\"og:type\" content=\"article\" \/>\n<meta property=\"og:title\" content=\"MCA - Notre \u00e9quipe\" \/>\n<meta property=\"og:description\" content=\"MCA : Notre \u00e9quipe est compos\u00e9e de personnes talentueuses qui nous repr\u00e9sentent partout au pays.\" \/>\n<meta property=\"og:url\" content=\"https:\/\/corporate.mca.ca\/fr\/notre-equipe\/\" \/>\n<meta property=\"og:site_name\" content=\"MCA\" \/>\n<meta property=\"article:modified_time\" content=\"2019-07-23T15:35:00+00:00\" \/>\n<meta property=\"og:image\" content=\"https:\/\/corporate.mca.ca\/wp-content\/uploads\/2019\/07\/team-img.jpg\" \/>\n<meta name=\"twitter:card\" content=\"summary_large_image\" \/>\n<meta name=\"twitter:label1\" content=\"Dur\u00e9e de lecture estim\u00e9e\" \/>\n\t<meta name=\"twitter:data1\" content=\"1 minute\" \/>\n<script type=\"application\/ld+json\" class=\"yoast-schema-graph\">{\"@context\":\"https:\/\/schema.org\",\"@graph\":[{\"@type\":\"WebPage\",\"@id\":\"https:\/\/corporate.mca.ca\/fr\/notre-equipe\/\",\"url\":\"https:\/\/corporate.mca.ca\/fr\/notre-equipe\/\",\"name\":\"MCA - Notre \u00e9quipe\",\"isPartOf\":{\"@id\":\"https:\/\/corporate.mca.ca\/fr\/#website\"},\"primaryImageOfPage\":{\"@id\":\"https:\/\/corporate.mca.ca\/fr\/notre-equipe\/#primaryimage\"},\"image\":{\"@id\":\"https:\/\/corporate.mca.ca\/fr\/notre-equipe\/#primaryimage\"},\"thumbnailUrl\":\"https:\/\/corporate.mca.ca\/wp-content\/uploads\/2019\/07\/team-img.jpg\",\"datePublished\":\"2019-06-27T14:26:49+00:00\",\"dateModified\":\"2019-07-23T15:35:00+00:00\",\"description\":\"MCA : Notre \u00e9quipe est compos\u00e9e de personnes talentueuses qui nous repr\u00e9sentent partout au pays.\",\"breadcrumb\":{\"@id\":\"https:\/\/corporate.mca.ca\/fr\/notre-equipe\/#breadcrumb\"},\"inLanguage\":\"fr-FR\",\"potentialAction\":[{\"@type\":\"ReadAction\",\"target\":[\"https:\/\/corporate.mca.ca\/fr\/notre-equipe\/\"]}]},{\"@type\":\"ImageObject\",\"inLanguage\":\"fr-FR\",\"@id\":\"https:\/\/corporate.mca.ca\/fr\/notre-equipe\/#primaryimage\",\"url\":\"https:\/\/corporate.mca.ca\/wp-content\/uploads\/2019\/07\/team-img.jpg\",\"contentUrl\":\"https:\/\/corporate.mca.ca\/wp-content\/uploads\/2019\/07\/team-img.jpg\"},{\"@type\":\"BreadcrumbList\",\"@id\":\"https:\/\/corporate.mca.ca\/fr\/notre-equipe\/#breadcrumb\",\"itemListElement\":[{\"@type\":\"ListItem\",\"position\":1,\"name\":\"Home\",\"item\":\"https:\/\/corporate.mca.ca\/fr\/\"},{\"@type\":\"ListItem\",\"position\":2,\"name\":\"Notre \u00e9quipe\"}]},{\"@type\":\"WebSite\",\"@id\":\"https:\/\/corporate.mca.ca\/fr\/#website\",\"url\":\"https:\/\/corporate.mca.ca\/fr\/\",\"name\":\"MCA\",\"description\":\"\",\"publisher\":{\"@id\":\"https:\/\/corporate.mca.ca\/fr\/#organization\"},\"potentialAction\":[{\"@type\":\"SearchAction\",\"target\":{\"@type\":\"EntryPoint\",\"urlTemplate\":\"https:\/\/corporate.mca.ca\/fr\/?s={search_term_string}\"},\"query-input\":{\"@type\":\"PropertyValueSpecification\",\"valueRequired\":true,\"valueName\":\"search_term_string\"}}],\"inLanguage\":\"fr-FR\"},{\"@type\":\"Organization\",\"@id\":\"https:\/\/corporate.mca.ca\/fr\/#organization\",\"name\":\"MCA\",\"url\":\"https:\/\/corporate.mca.ca\/fr\/\",\"logo\":{\"@type\":\"ImageObject\",\"inLanguage\":\"fr-FR\",\"@id\":\"https:\/\/corporate.mca.ca\/fr\/#\/schema\/logo\/image\/\",\"url\":\"https:\/\/corporate.mca.ca\/wp-content\/uploads\/2019\/06\/logo.png\",\"contentUrl\":\"https:\/\/corporate.mca.ca\/wp-content\/uploads\/2019\/06\/logo.png\",\"width\":215,\"height\":104,\"caption\":\"MCA\"},\"image\":{\"@id\":\"https:\/\/corporate.mca.ca\/fr\/#\/schema\/logo\/image\/\"}}]}<\/script>\n<!-- \/ Yoast SEO plugin. -->","yoast_head_json":{"title":"MCA - Notre \u00e9quipe","description":"MCA : Notre \u00e9quipe est compos\u00e9e de personnes talentueuses qui nous repr\u00e9sentent partout au pays.","robots":{"index":"index","follow":"follow","max-snippet":"max-snippet:-1","max-image-preview":"max-image-preview:large","max-video-preview":"max-video-preview:-1"},"canonical":"https:\/\/corporate.mca.ca\/fr\/notre-equipe\/","og_locale":"fr_FR","og_type":"article","og_title":"MCA - Notre \u00e9quipe","og_description":"MCA : Notre \u00e9quipe est compos\u00e9e de personnes talentueuses qui nous repr\u00e9sentent partout au pays.","og_url":"https:\/\/corporate.mca.ca\/fr\/notre-equipe\/","og_site_name":"MCA","article_modified_time":"2019-07-23T15:35:00+00:00","og_image":[{"url":"https:\/\/corporate.mca.ca\/wp-content\/uploads\/2019\/07\/team-img.jpg","type":"","width":"","height":""}],"twitter_card":"summary_large_image","twitter_misc":{"Dur\u00e9e de lecture estim\u00e9e":"1 minute"},"schema":{"@context":"https:\/\/schema.org","@graph":[{"@type":"WebPage","@id":"https:\/\/corporate.mca.ca\/fr\/notre-equipe\/","url":"https:\/\/corporate.mca.ca\/fr\/notre-equipe\/","name":"MCA - Notre \u00e9quipe","isPartOf":{"@id":"https:\/\/corporate.mca.ca\/fr\/#website"},"primaryImageOfPage":{"@id":"https:\/\/corporate.mca.ca\/fr\/notre-equipe\/#primaryimage"},"image":{"@id":"https:\/\/corporate.mca.ca\/fr\/notre-equipe\/#primaryimage"},"thumbnailUrl":"https:\/\/corporate.mca.ca\/wp-content\/uploads\/2019\/07\/team-img.jpg","datePublished":"2019-06-27T14:26:49+00:00","dateModified":"2019-07-23T15:35:00+00:00","description":"MCA : Notre \u00e9quipe est compos\u00e9e de personnes talentueuses qui nous repr\u00e9sentent partout au pays.","breadcrumb":{"@id":"https:\/\/corporate.mca.ca\/fr\/notre-equipe\/#breadcrumb"},"inLanguage":"fr-FR","potentialAction":[{"@type":"ReadAction","target":["https:\/\/corporate.mca.ca\/fr\/notre-equipe\/"]}]},{"@type":"ImageObject","inLanguage":"fr-FR","@id":"https:\/\/corporate.mca.ca\/fr\/notre-equipe\/#primaryimage","url":"https:\/\/corporate.mca.ca\/wp-content\/uploads\/2019\/07\/team-img.jpg","contentUrl":"https:\/\/corporate.mca.ca\/wp-content\/uploads\/2019\/07\/team-img.jpg"},{"@type":"BreadcrumbList","@id":"https:\/\/corporate.mca.ca\/fr\/notre-equipe\/#breadcrumb","itemListElement":[{"@type":"ListItem","position":1,"name":"Home","item":"https:\/\/corporate.mca.ca\/fr\/"},{"@type":"ListItem","position":2,"name":"Notre \u00e9quipe"}]},{"@type":"WebSite","@id":"https:\/\/corporate.mca.ca\/fr\/#website","url":"https:\/\/corporate.mca.ca\/fr\/","name":"MCA","description":"","publisher":{"@id":"https:\/\/corporate.mca.ca\/fr\/#organization"},"potentialAction":[{"@type":"SearchAction","target":{"@type":"EntryPoint","urlTemplate":"https:\/\/corporate.mca.ca\/fr\/?s={search_term_string}"},"query-input":{"@type":"PropertyValueSpecification","valueRequired":true,"valueName":"search_term_string"}}],"inLanguage":"fr-FR"},{"@type":"Organization","@id":"https:\/\/corporate.mca.ca\/fr\/#organization","name":"MCA","url":"https:\/\/corporate.mca.ca\/fr\/","logo":{"@type":"ImageObject","inLanguage":"fr-FR","@id":"https:\/\/corporate.mca.ca\/fr\/#\/schema\/logo\/image\/","url":"https:\/\/corporate.mca.ca\/wp-content\/uploads\/2019\/06\/logo.png","contentUrl":"https:\/\/corporate.mca.ca\/wp-content\/uploads\/2019\/06\/logo.png","width":215,"height":104,"caption":"MCA"},"image":{"@id":"https:\/\/corporate.mca.ca\/fr\/#\/schema\/logo\/image\/"}}]}},"_links":{"self":[{"href":"https:\/\/corporate.mca.ca\/fr\/wp-json\/wp\/v2\/pages\/494","targetHints":{"allow":["GET"]}}],"collection":[{"href":"https:\/\/corporate.mca.ca\/fr\/wp-json\/wp\/v2\/pages"}],"about":[{"href":"https:\/\/corporate.mca.ca\/fr\/wp-json\/wp\/v2\/types\/page"}],"author":[{"embeddable":true,"href":"https:\/\/corporate.mca.ca\/fr\/wp-json\/wp\/v2\/users\/1"}],"replies":[{"embeddable":true,"href":"https:\/\/corporate.mca.ca\/fr\/wp-json\/wp\/v2\/comments?post=494"}],"version-history":[{"count":9,"href":"https:\/\/corporate.mca.ca\/fr\/wp-json\/wp\/v2\/pages\/494\/revisions"}],"predecessor-version":[{"id":1042,"href":"https:\/\/corporate.mca.ca\/fr\/wp-json\/wp\/v2\/pages\/494\/revisions\/1042"}],"wp:attachment":[{"href":"https:\/\/corporate.mca.ca\/fr\/wp-json\/wp\/v2\/media?parent=494"}],"curies":[{"name":"wp","href":"https:\/\/api.w.org\/{rel}","templated":true}]}}