{"id":487,"date":"2019-06-27T10:15:02","date_gmt":"2019-06-27T14:15:02","guid":{"rendered":"https:\/\/mca.yannick.net\/?page_id=487"},"modified":"2019-07-30T13:11:41","modified_gmt":"2019-07-30T17:11:41","slug":"notre-personnel","status":"publish","type":"page","link":"https:\/\/corporate.mca.ca\/fr\/notre-personnel\/","title":{"rendered":"Notre personnel"},"content":{"rendered":"<section class=\"content_container\">\n<div class=\"container\">\n<div class=\"row\">\n<div class=\"col-lg-12\">\n<div class=\"lc-block page-title retail-merchandising\">\n<div editable=\"rich\">\n<h1>Notre personnel<\/h1>\n<h2>Nous faisons preuve d\u2019ex\u00e9cution et de performance exceptionnelle gr\u00e2ce \u00e0 l&rsquo;excellence d&rsquo;ex\u00e9cution<\/h2>\n<\/p><\/div>\n<\/p><\/div>\n<p><!-- \/lc-block -->\n\t\t<\/div>\n<p><!-- \/col --><\/p>\n<div class=\"col-lg-6\">\n<div class=\"border-right\">\n<div class=\"lc-block\">\n\t\t\t\t\t<img decoding=\"async\" class=\"img-fluid mb-4\" src=\"https:\/\/corporate.mca.ca\/wp-content\/uploads\/2019\/07\/people-img-1.jpg\" alt=\"\">\n\t\t\t\t<\/div>\n<\/p><\/div>\n<div class=\"lc-block\"><\/div>\n<p><!-- \/lc-block -->\n\t\t<\/div>\n<div class=\"col-lg-6\">\n<div class=\"lc-block retail-covering\">\n<div editable=\"rich\">\n<h2 class=\"mb-3\">Une \u00e9quipe d\u00e9di\u00e9e de professionnels de qualit\u00e9<\/h2>\n<p>MCA conduit personnellement les entrevues pour chaque repr\u00e9sentant. Cela inclut tous les professionnels de la vente, les marchandisants ainsi que les v\u00e9rificateurs de prix.<\/p>\n<p>Tous les membres sont s\u00e9lectionn\u00e9s avec caution et form\u00e9s par un membre de notre \u00e9quipe de haute direction. La formation personnalis\u00e9e est un investissement dans lequel nous croyons.<\/p>\n<p>Notre \u00e9quipe sur le terrain est constitu\u00e9e de professionnels qui repr\u00e9sentent la plus large \u00e9quipe de gestion de vente, marchandisage, v\u00e9rification de prix et de collecte de donn\u00e9es en Am\u00e9rique du Nord.<\/p>\n<p>Au cours des 30 derni\u00e8res ann\u00e9es, nous avons b\u00e2ti notre main-d\u2019\u0153uvre avec beaucoup d\u2019attention, un membre \u00e0 la fois. Notre taux de rotation du personnel est inf\u00e9rieur \u00e0 15% par an.<\/p>\n<p>Nos fondateurs, Steve et Marsha, ont compris il y a longtemps que si nous nous soucions assez de nos employ\u00e9s, ils prendront deux fois plus soin de nos clients en retour.<\/p>\n<ul>\n\t<\/ul>\n<\/p>\n<\/div>\n<\/div><\/div>\n<\/p><\/div>\n<\/div>\n<\/section>\n<section class=\"home_team_container\">\n<div class=\"container\">\n<div class=\"row\">\n<div class=\"col-xl-10 ml-auto\">\n<div class=\"home_team_div\">\n<div class=\"row align-items-center\">\n<div class=\"col-md-6 col-lg-4\">\n<div class=\"lc-block\">\n\t\t\t\t\t\t\t\t<img decoding=\"async\" class=\"img-fluid\" src=\"https:\/\/corporate.mca.ca\/wp-content\/uploads\/2019\/07\/home-team-img.jpg\" alt=\"\">\n\t\t\t\t\t\t\t<\/div>\n<p><!-- \/lc-block -->\n\t\t\t\t\t\t<\/div>\n<div class=\"col-md-6 col-lg-8\">\n<div class=\"lc-block fr-text\">\n<div editable=\"rich\">\n<h2>Rejoindre notre \u00e9quipe<\/h2>\n<h3>Nous sommes la premi\u00e8re soci\u00e9t\u00e9 canadienne sp\u00e9cialis\u00e9e dans la vente, le marchandisage et la collecte de donn\u00e9es!<\/h3>\n<p>Explorez nos positions disponibles et remplissez votre candidature en ligne d\u00e8s aujourd&rsquo;hui.<\/p>\n<p><a href='https:\/\/corporate.mca.ca\/fr\/carrieres\/' class='btn contact purple-bg'>Appliquer maintenant<\/a><a href='https:\/\/corporate.mca.ca\/fr\/carrieres\/' class='btn contact transparent-bg'>Voir les postes disponibles<\/a><\/p>\n<\/p><\/div>\n<\/p><\/div>\n<p><!-- \/lc-block -->\n\t\t\t\t\t\t<\/div>\n<\/p><\/div>\n<\/p><\/div>\n<\/p><\/div>\n<\/p><\/div>\n<\/p><\/div>\n<\/section>\n<section class=\"testimonial_slider_container\">\n<div class=\"container\">\n<div class=\"row\">\n<div class=\"col-md-12\">\n<div class=\"lc-block\">\n<div lc-helper=\"shortcode\" class=\"live-shortcode\"><div class=\"home_testimonials_slider d-flex overflow-hidden\"><div class=\"oneTestimonial d-flex flex-column justify-content-center align-items-center\"><p class=\"titre\">MCA - Pr\u00eat \u00e0 la vente au d\u00e9tail<\/p><div class=\"desc\"><p><p class=\"western\"><span lang=\"fr-CA\">\u00ab\u00a0MCA est devenu un v\u00e9ritable partenaire dans la stimulation des ventes et l\u2019ex\u00e9cution globale de nos programmes en magasin. En offrant des perspectives d\u2019affaires pr\u00e9cises et utiles, une ex\u00e9cution parfaite des syst\u00e8mes de vente au d\u00e9tail, et la pr\u00e9sentation de rapport d\u00e9taill\u00e9s, MCA est devenu un pr\u00e9cieux partenaire pour notre entreprise.\u00a0\u00bb <\/span><\/p><\/p><\/div><\/div><div class=\"oneTestimonial d-flex flex-column justify-content-center align-items-center\"><p class=\"titre\">MCA - Tout Simplement les meilleurs<\/p><div class=\"desc\"><p><p class=\"western\"><span lang=\"fr-CA\">\u00ab\u00a0Notre relation de longue date avec MCA t\u00e9moigne du leadership et de leur expertise dans l\u2019\u00e9laboration de plans de marchandisage efficaces et coh\u00e9rents, et de la qualit\u00e9 de leur ex\u00e9cution\u00a0\u00bb<\/span><\/p><\/p><\/div><\/div><div class=\"oneTestimonial d-flex flex-column justify-content-center align-items-center\"><p class=\"titre\">Gagner au d\u00e9tail avec MCA<\/p><div class=\"desc\"><p><p class=\"western\"><span lang=\"fr-CA\">\u00ab Depuis plus de 10 ans, nous sommes en partenariat avec MCA afin d\u2019\u00e9tendre la port\u00e9e de nos \u00e9quipes de vente, de marchandisage et de v\u00e9rification. Bas\u00e9 sur l\u2019ensemble de nos strat\u00e9gies et des propri\u00e9t\u00e9s de la compagnie, notre \u00e9quipe de gestion des ventes travaille avec MCA pour \u00e9laborer des plans strat\u00e9giques sp\u00e9cifiques aux diff\u00e9rents comptes. Travaillant en tant qu'une seule \u00e9quipe, notre compagnie et MCA ex\u00e9cutent des plans, r\u00e8glent les probl\u00e8mes et capitalisent sur les opportunit\u00e9s qui se pr\u00e9sentent. Ensemble, nous avons obtenus des r\u00e9sultats significatifs, toujours en appliquant notre vision du d\u00e9tail sur l\u2019am\u00e9lioration continue. MCA contribue fortement \u00e0 la compagnie et un un partenaire en affaires qui nous est pr\u00e9cieux. \u00bb<\/span><\/p><\/p><\/div><\/div><\/div><\/div>\n<\/p><\/div>\n<p><!-- \/lc-block -->\n\t\t\t<\/div>\n<p><!-- \/col -->\n\t\t<\/div>\n<\/p><\/div>\n<\/section>\n","protected":false},"excerpt":{"rendered":"<p>Notre personnel Nous faisons preuve d\u2019ex\u00e9cution et de performance exceptionnelle gr\u00e2ce \u00e0 l&rsquo;excellence d&rsquo;ex\u00e9cution Une \u00e9quipe d\u00e9di\u00e9e de professionnels de qualit\u00e9 conduit personnellement les entrevues pour chaque repr\u00e9sentant. Cela inclut tous les professionnels de la vente, les marchandisants ainsi que les v\u00e9rificateurs de prix. Tous les membres sont s\u00e9lectionn\u00e9s avec caution et form\u00e9s par un [&hellip;]<\/p>\n","protected":false},"author":1,"featured_media":0,"parent":0,"menu_order":0,"comment_status":"closed","ping_status":"closed","template":"page-templates\/empty.php","meta":{"footnotes":""},"class_list":["post-487","page","type-page","status-publish","hentry"],"yoast_head":"<!-- This site is optimized with the Yoast SEO plugin v26.8 - https:\/\/yoast.com\/product\/yoast-seo-wordpress\/ -->\n<title>MCA - Rencontrez notre personnel<\/title>\n<meta name=\"description\" content=\"MCA : Apprenez-en davantage sur les personnes qui contribuent au succ\u00e8s de notre entreprise\" \/>\n<meta name=\"robots\" content=\"index, follow, max-snippet:-1, max-image-preview:large, max-video-preview:-1\" \/>\n<link rel=\"canonical\" href=\"https:\/\/corporate.mca.ca\/fr\/notre-personnel\/\" \/>\n<meta property=\"og:locale\" content=\"fr_FR\" \/>\n<meta property=\"og:type\" content=\"article\" \/>\n<meta property=\"og:title\" content=\"MCA - Rencontrez notre personnel\" \/>\n<meta property=\"og:description\" content=\"MCA : Apprenez-en davantage sur les personnes qui contribuent au succ\u00e8s de notre entreprise\" \/>\n<meta property=\"og:url\" content=\"https:\/\/corporate.mca.ca\/fr\/notre-personnel\/\" \/>\n<meta property=\"og:site_name\" content=\"MCA\" \/>\n<meta property=\"article:modified_time\" content=\"2019-07-30T17:11:41+00:00\" \/>\n<meta property=\"og:image\" content=\"https:\/\/corporate.mca.ca\/wp-content\/uploads\/2019\/07\/people-img-1.jpg\" \/>\n<meta name=\"twitter:card\" content=\"summary_large_image\" \/>\n<meta name=\"twitter:label1\" content=\"Dur\u00e9e de lecture estim\u00e9e\" \/>\n\t<meta name=\"twitter:data1\" content=\"1 minute\" \/>\n<script type=\"application\/ld+json\" class=\"yoast-schema-graph\">{\"@context\":\"https:\/\/schema.org\",\"@graph\":[{\"@type\":\"WebPage\",\"@id\":\"https:\/\/corporate.mca.ca\/fr\/notre-personnel\/\",\"url\":\"https:\/\/corporate.mca.ca\/fr\/notre-personnel\/\",\"name\":\"MCA - Rencontrez notre personnel\",\"isPartOf\":{\"@id\":\"https:\/\/corporate.mca.ca\/fr\/#website\"},\"primaryImageOfPage\":{\"@id\":\"https:\/\/corporate.mca.ca\/fr\/notre-personnel\/#primaryimage\"},\"image\":{\"@id\":\"https:\/\/corporate.mca.ca\/fr\/notre-personnel\/#primaryimage\"},\"thumbnailUrl\":\"https:\/\/corporate.mca.ca\/wp-content\/uploads\/2019\/07\/people-img-1.jpg\",\"datePublished\":\"2019-06-27T14:15:02+00:00\",\"dateModified\":\"2019-07-30T17:11:41+00:00\",\"description\":\"MCA : Apprenez-en davantage sur les personnes qui contribuent au succ\u00e8s de notre entreprise\",\"breadcrumb\":{\"@id\":\"https:\/\/corporate.mca.ca\/fr\/notre-personnel\/#breadcrumb\"},\"inLanguage\":\"fr-FR\",\"potentialAction\":[{\"@type\":\"ReadAction\",\"target\":[\"https:\/\/corporate.mca.ca\/fr\/notre-personnel\/\"]}]},{\"@type\":\"ImageObject\",\"inLanguage\":\"fr-FR\",\"@id\":\"https:\/\/corporate.mca.ca\/fr\/notre-personnel\/#primaryimage\",\"url\":\"https:\/\/corporate.mca.ca\/wp-content\/uploads\/2019\/07\/people-img-1.jpg\",\"contentUrl\":\"https:\/\/corporate.mca.ca\/wp-content\/uploads\/2019\/07\/people-img-1.jpg\"},{\"@type\":\"BreadcrumbList\",\"@id\":\"https:\/\/corporate.mca.ca\/fr\/notre-personnel\/#breadcrumb\",\"itemListElement\":[{\"@type\":\"ListItem\",\"position\":1,\"name\":\"Home\",\"item\":\"https:\/\/corporate.mca.ca\/fr\/\"},{\"@type\":\"ListItem\",\"position\":2,\"name\":\"Notre personnel\"}]},{\"@type\":\"WebSite\",\"@id\":\"https:\/\/corporate.mca.ca\/fr\/#website\",\"url\":\"https:\/\/corporate.mca.ca\/fr\/\",\"name\":\"MCA\",\"description\":\"\",\"publisher\":{\"@id\":\"https:\/\/corporate.mca.ca\/fr\/#organization\"},\"potentialAction\":[{\"@type\":\"SearchAction\",\"target\":{\"@type\":\"EntryPoint\",\"urlTemplate\":\"https:\/\/corporate.mca.ca\/fr\/?s={search_term_string}\"},\"query-input\":{\"@type\":\"PropertyValueSpecification\",\"valueRequired\":true,\"valueName\":\"search_term_string\"}}],\"inLanguage\":\"fr-FR\"},{\"@type\":\"Organization\",\"@id\":\"https:\/\/corporate.mca.ca\/fr\/#organization\",\"name\":\"MCA\",\"url\":\"https:\/\/corporate.mca.ca\/fr\/\",\"logo\":{\"@type\":\"ImageObject\",\"inLanguage\":\"fr-FR\",\"@id\":\"https:\/\/corporate.mca.ca\/fr\/#\/schema\/logo\/image\/\",\"url\":\"https:\/\/corporate.mca.ca\/wp-content\/uploads\/2019\/06\/logo.png\",\"contentUrl\":\"https:\/\/corporate.mca.ca\/wp-content\/uploads\/2019\/06\/logo.png\",\"width\":215,\"height\":104,\"caption\":\"MCA\"},\"image\":{\"@id\":\"https:\/\/corporate.mca.ca\/fr\/#\/schema\/logo\/image\/\"}}]}<\/script>\n<!-- \/ Yoast SEO plugin. -->","yoast_head_json":{"title":"MCA - Rencontrez notre personnel","description":"MCA : Apprenez-en davantage sur les personnes qui contribuent au succ\u00e8s de notre entreprise","robots":{"index":"index","follow":"follow","max-snippet":"max-snippet:-1","max-image-preview":"max-image-preview:large","max-video-preview":"max-video-preview:-1"},"canonical":"https:\/\/corporate.mca.ca\/fr\/notre-personnel\/","og_locale":"fr_FR","og_type":"article","og_title":"MCA - Rencontrez notre personnel","og_description":"MCA : Apprenez-en davantage sur les personnes qui contribuent au succ\u00e8s de notre entreprise","og_url":"https:\/\/corporate.mca.ca\/fr\/notre-personnel\/","og_site_name":"MCA","article_modified_time":"2019-07-30T17:11:41+00:00","og_image":[{"url":"https:\/\/corporate.mca.ca\/wp-content\/uploads\/2019\/07\/people-img-1.jpg","type":"","width":"","height":""}],"twitter_card":"summary_large_image","twitter_misc":{"Dur\u00e9e de lecture estim\u00e9e":"1 minute"},"schema":{"@context":"https:\/\/schema.org","@graph":[{"@type":"WebPage","@id":"https:\/\/corporate.mca.ca\/fr\/notre-personnel\/","url":"https:\/\/corporate.mca.ca\/fr\/notre-personnel\/","name":"MCA - Rencontrez notre personnel","isPartOf":{"@id":"https:\/\/corporate.mca.ca\/fr\/#website"},"primaryImageOfPage":{"@id":"https:\/\/corporate.mca.ca\/fr\/notre-personnel\/#primaryimage"},"image":{"@id":"https:\/\/corporate.mca.ca\/fr\/notre-personnel\/#primaryimage"},"thumbnailUrl":"https:\/\/corporate.mca.ca\/wp-content\/uploads\/2019\/07\/people-img-1.jpg","datePublished":"2019-06-27T14:15:02+00:00","dateModified":"2019-07-30T17:11:41+00:00","description":"MCA : Apprenez-en davantage sur les personnes qui contribuent au succ\u00e8s de notre entreprise","breadcrumb":{"@id":"https:\/\/corporate.mca.ca\/fr\/notre-personnel\/#breadcrumb"},"inLanguage":"fr-FR","potentialAction":[{"@type":"ReadAction","target":["https:\/\/corporate.mca.ca\/fr\/notre-personnel\/"]}]},{"@type":"ImageObject","inLanguage":"fr-FR","@id":"https:\/\/corporate.mca.ca\/fr\/notre-personnel\/#primaryimage","url":"https:\/\/corporate.mca.ca\/wp-content\/uploads\/2019\/07\/people-img-1.jpg","contentUrl":"https:\/\/corporate.mca.ca\/wp-content\/uploads\/2019\/07\/people-img-1.jpg"},{"@type":"BreadcrumbList","@id":"https:\/\/corporate.mca.ca\/fr\/notre-personnel\/#breadcrumb","itemListElement":[{"@type":"ListItem","position":1,"name":"Home","item":"https:\/\/corporate.mca.ca\/fr\/"},{"@type":"ListItem","position":2,"name":"Notre personnel"}]},{"@type":"WebSite","@id":"https:\/\/corporate.mca.ca\/fr\/#website","url":"https:\/\/corporate.mca.ca\/fr\/","name":"MCA","description":"","publisher":{"@id":"https:\/\/corporate.mca.ca\/fr\/#organization"},"potentialAction":[{"@type":"SearchAction","target":{"@type":"EntryPoint","urlTemplate":"https:\/\/corporate.mca.ca\/fr\/?s={search_term_string}"},"query-input":{"@type":"PropertyValueSpecification","valueRequired":true,"valueName":"search_term_string"}}],"inLanguage":"fr-FR"},{"@type":"Organization","@id":"https:\/\/corporate.mca.ca\/fr\/#organization","name":"MCA","url":"https:\/\/corporate.mca.ca\/fr\/","logo":{"@type":"ImageObject","inLanguage":"fr-FR","@id":"https:\/\/corporate.mca.ca\/fr\/#\/schema\/logo\/image\/","url":"https:\/\/corporate.mca.ca\/wp-content\/uploads\/2019\/06\/logo.png","contentUrl":"https:\/\/corporate.mca.ca\/wp-content\/uploads\/2019\/06\/logo.png","width":215,"height":104,"caption":"MCA"},"image":{"@id":"https:\/\/corporate.mca.ca\/fr\/#\/schema\/logo\/image\/"}}]}},"_links":{"self":[{"href":"https:\/\/corporate.mca.ca\/fr\/wp-json\/wp\/v2\/pages\/487","targetHints":{"allow":["GET"]}}],"collection":[{"href":"https:\/\/corporate.mca.ca\/fr\/wp-json\/wp\/v2\/pages"}],"about":[{"href":"https:\/\/corporate.mca.ca\/fr\/wp-json\/wp\/v2\/types\/page"}],"author":[{"embeddable":true,"href":"https:\/\/corporate.mca.ca\/fr\/wp-json\/wp\/v2\/users\/1"}],"replies":[{"embeddable":true,"href":"https:\/\/corporate.mca.ca\/fr\/wp-json\/wp\/v2\/comments?post=487"}],"version-history":[{"count":12,"href":"https:\/\/corporate.mca.ca\/fr\/wp-json\/wp\/v2\/pages\/487\/revisions"}],"predecessor-version":[{"id":1080,"href":"https:\/\/corporate.mca.ca\/fr\/wp-json\/wp\/v2\/pages\/487\/revisions\/1080"}],"wp:attachment":[{"href":"https:\/\/corporate.mca.ca\/fr\/wp-json\/wp\/v2\/media?parent=487"}],"curies":[{"name":"wp","href":"https:\/\/api.w.org\/{rel}","templated":true}]}}