{"id":469,"date":"2019-06-27T09:50:14","date_gmt":"2019-06-27T13:50:14","guid":{"rendered":"https:\/\/mca.yannick.net\/?page_id=469"},"modified":"2019-06-27T15:05:35","modified_gmt":"2019-06-27T19:05:35","slug":"blogue-nouvelles","status":"publish","type":"page","link":"https:\/\/corporate.mca.ca\/fr\/blogue-nouvelles\/","title":{"rendered":"Blogue &#038; nouvelles"},"content":{"rendered":"<section class=\"content_container white-md-bg\">\n<div class=\"container\">\n<div class=\"row\">\n<div class=\"col-md-12\">\n<div class=\"lc-block page-title retail-merchandising\">\n<div>\n<h1>Blogue &amp; nouvelles<\/h1>\n<\/div>\n<\/div>\n<p><!-- \/lc-block --><\/p>\n<\/div>\n<\/div>\n<\/div>\n<\/section>\n<section class=\"blog_container\">\n<div class=\"container\">\n<div class=\"row\">\n<div class=\"col-md-12\">\n<div class=\"lc-block\">\n<div class=\"live-shortcode\"><div class='blog_list'><div class='row'><div class='col-12 col-sm-6 col-lg-4'><div class='unArticle'><a href='https:\/\/corporate.mca.ca\/fr\/blog\/mca-merchandising-consultants-associates-forms-strategic-partnership-with-stayinfront\/' class='unArticle-img' title='MCA (Merchandising Consultants Associates) Forms Strategic Partnership with StayinFront'><img loading=\"lazy\" decoding=\"async\" width=\"5184\" height=\"3456\" src=\"https:\/\/corporate.mca.ca\/wp-content\/uploads\/2020\/04\/MCA-Cosmetics.jpg\" class=\"attachment-full size-full wp-post-image\" alt=\"MCA (Merchandising Consultants Associates) Forms Strategic Partnership with StayinFront\" srcset=\"https:\/\/corporate.mca.ca\/wp-content\/uploads\/2020\/04\/MCA-Cosmetics.jpg 5184w, https:\/\/corporate.mca.ca\/wp-content\/uploads\/2020\/04\/MCA-Cosmetics-300x200.jpg 300w, https:\/\/corporate.mca.ca\/wp-content\/uploads\/2020\/04\/MCA-Cosmetics-768x512.jpg 768w, https:\/\/corporate.mca.ca\/wp-content\/uploads\/2020\/04\/MCA-Cosmetics-1024x683.jpg 1024w\" sizes=\"auto, (max-width: 5184px) 100vw, 5184px\" \/><\/a><div class='details'><p class='date'>29 avril 2020<\/p><a href='https:\/\/corporate.mca.ca\/fr\/blog\/mca-merchandising-consultants-associates-forms-strategic-partnership-with-stayinfront\/' class='titre'>MCA (Merchandising Consultants Associates) Forms Strategic Partnership with StayinFront<\/a><p class='desc'>Woodbridge, Ontario - April 29, 2020 \u2013 MCA (Merchandising Consultants Associates), a leading sales, merchandising and data collection company headquartered in Woodbridge, ON, Canada has announced today it is partnering with StayinFront, a leading global... <a href='https:\/\/corporate.mca.ca\/fr\/blog\/mca-merchandising-consultants-associates-forms-strategic-partnership-with-stayinfront\/'>Suite >><\/a><\/p><\/div><\/div><\/div><div class='col-12 col-sm-6 col-lg-4'><div class='unArticle'><a href='https:\/\/corporate.mca.ca\/fr\/blog\/pourquoi-faire-appel-a-un-tiers-parti-comme-mca-pour-la-mise-en-place-de-son-planogramme\/' class='unArticle-img' title='Pourquoi faire appel \u00e0 un tiers parti comme MCA pour la mise en place de son planogramme'><img loading=\"lazy\" decoding=\"async\" width=\"393\" height=\"234\" src=\"https:\/\/corporate.mca.ca\/wp-content\/uploads\/2019\/10\/october-bg-article.jpg\" class=\"attachment-full size-full wp-post-image\" alt=\"Pourquoi faire appel \u00e0 un tiers parti comme MCA pour la mise en place de son planogramme\" srcset=\"https:\/\/corporate.mca.ca\/wp-content\/uploads\/2019\/10\/october-bg-article.jpg 393w, https:\/\/corporate.mca.ca\/wp-content\/uploads\/2019\/10\/october-bg-article-300x179.jpg 300w\" sizes=\"auto, (max-width: 393px) 100vw, 393px\" \/><\/a><div class='details'><p class='date'>25 octobre 2019<\/p><a href='https:\/\/corporate.mca.ca\/fr\/blog\/pourquoi-faire-appel-a-un-tiers-parti-comme-mca-pour-la-mise-en-place-de-son-planogramme\/' class='titre'>Pourquoi faire appel \u00e0 un tiers parti comme MCA pour la mise en place de son planogramme<\/a><p class='desc'>Les planogrammes de ventes et leurs remises \u00e0 niveau posent tout un casse-t\u00eate tant aux d\u00e9taillants qu\u2019aux manufacturiers. \u00c0 l\u2019aide d\u2019une expertise et d\u2019outils d\u2019une pr\u00e9cision sans reproche quand \u00e0 l\u2019emplacement des articles sur les... <a href='https:\/\/corporate.mca.ca\/fr\/blog\/pourquoi-faire-appel-a-un-tiers-parti-comme-mca-pour-la-mise-en-place-de-son-planogramme\/'>Suite >><\/a><\/p><\/div><\/div><\/div><div class='col-12 col-sm-6 col-lg-4'><div class='unArticle'><a href='https:\/\/corporate.mca.ca\/fr\/blog\/mca-case-study-august-2019\/' class='unArticle-img' title='MCA \u00c9tude de cas - Ao\u00fbt 2019'><img loading=\"lazy\" decoding=\"async\" width=\"7204\" height=\"4808\" src=\"https:\/\/corporate.mca.ca\/wp-content\/uploads\/2019\/08\/mca-thumbnail-case-study-august2019-1.jpg\" class=\"attachment-full size-full wp-post-image\" alt=\"MCA \u00c9tude de cas - Ao\u00fbt 2019\" srcset=\"https:\/\/corporate.mca.ca\/wp-content\/uploads\/2019\/08\/mca-thumbnail-case-study-august2019-1.jpg 7204w, https:\/\/corporate.mca.ca\/wp-content\/uploads\/2019\/08\/mca-thumbnail-case-study-august2019-1-300x200.jpg 300w, https:\/\/corporate.mca.ca\/wp-content\/uploads\/2019\/08\/mca-thumbnail-case-study-august2019-1-768x513.jpg 768w, https:\/\/corporate.mca.ca\/wp-content\/uploads\/2019\/08\/mca-thumbnail-case-study-august2019-1-1024x683.jpg 1024w\" sizes=\"auto, (max-width: 7204px) 100vw, 7204px\" \/><\/a><div class='details'><p class='date'>19 ao\u00fbt 2019<\/p><a href='https:\/\/corporate.mca.ca\/fr\/blog\/mca-case-study-august-2019\/' class='titre'>MCA \u00c9tude de cas - Ao\u00fbt 2019<\/a><p class='desc'>La plupart des entreprises de vente et de marchandisage connaissent un taux de rotation \u00e9lev\u00e9, produisent des r\u00e9sultats m\u00e9diocres et atteignent un niveau de couverture au d\u00e9tail moins qu'acceptable. Les entreprises de Produits de consommation... <a href='https:\/\/corporate.mca.ca\/fr\/blog\/mca-case-study-august-2019\/'>Suite >><\/a><\/p><\/div><\/div><\/div><\/div><\/div><\/div>\n<\/div>\n<\/div>\n<\/div>\n<\/div>\n<\/section>\n","protected":false},"excerpt":{"rendered":"<p>Blogue &amp; nouvelles<\/p>\n","protected":false},"author":1,"featured_media":0,"parent":0,"menu_order":0,"comment_status":"closed","ping_status":"closed","template":"page-templates\/empty.php","meta":{"footnotes":""},"class_list":["post-469","page","type-page","status-publish","hentry"],"yoast_head":"<!-- This site is optimized with the Yoast SEO plugin v26.8 - https:\/\/yoast.com\/product\/yoast-seo-wordpress\/ -->\n<title>MCA - Restez \u00e0 jour avec nos derni\u00e8res nouvelles<\/title>\n<meta name=\"description\" content=\"MCA : Restez au courant des derni\u00e8res nouvelles et mises \u00e0 jour en lisant notre blogue\" \/>\n<meta name=\"robots\" content=\"index, follow, max-snippet:-1, max-image-preview:large, max-video-preview:-1\" \/>\n<link rel=\"canonical\" href=\"https:\/\/corporate.mca.ca\/fr\/blogue-nouvelles\/\" \/>\n<meta property=\"og:locale\" content=\"fr_FR\" \/>\n<meta property=\"og:type\" content=\"article\" \/>\n<meta property=\"og:title\" content=\"MCA - Restez \u00e0 jour avec nos derni\u00e8res nouvelles\" \/>\n<meta property=\"og:description\" content=\"MCA : Restez au courant des derni\u00e8res nouvelles et mises \u00e0 jour en lisant notre blogue\" \/>\n<meta property=\"og:url\" content=\"https:\/\/corporate.mca.ca\/fr\/blogue-nouvelles\/\" \/>\n<meta property=\"og:site_name\" content=\"MCA\" \/>\n<meta property=\"article:modified_time\" content=\"2019-06-27T19:05:35+00:00\" \/>\n<meta name=\"twitter:card\" content=\"summary_large_image\" \/>\n<script type=\"application\/ld+json\" class=\"yoast-schema-graph\">{\"@context\":\"https:\/\/schema.org\",\"@graph\":[{\"@type\":\"WebPage\",\"@id\":\"https:\/\/corporate.mca.ca\/fr\/blogue-nouvelles\/\",\"url\":\"https:\/\/corporate.mca.ca\/fr\/blogue-nouvelles\/\",\"name\":\"MCA - Restez \u00e0 jour avec nos derni\u00e8res nouvelles\",\"isPartOf\":{\"@id\":\"https:\/\/corporate.mca.ca\/fr\/#website\"},\"datePublished\":\"2019-06-27T13:50:14+00:00\",\"dateModified\":\"2019-06-27T19:05:35+00:00\",\"description\":\"MCA : Restez au courant des derni\u00e8res nouvelles et mises \u00e0 jour en lisant notre blogue\",\"breadcrumb\":{\"@id\":\"https:\/\/corporate.mca.ca\/fr\/blogue-nouvelles\/#breadcrumb\"},\"inLanguage\":\"fr-FR\",\"potentialAction\":[{\"@type\":\"ReadAction\",\"target\":[\"https:\/\/corporate.mca.ca\/fr\/blogue-nouvelles\/\"]}]},{\"@type\":\"BreadcrumbList\",\"@id\":\"https:\/\/corporate.mca.ca\/fr\/blogue-nouvelles\/#breadcrumb\",\"itemListElement\":[{\"@type\":\"ListItem\",\"position\":1,\"name\":\"Home\",\"item\":\"https:\/\/corporate.mca.ca\/fr\/\"},{\"@type\":\"ListItem\",\"position\":2,\"name\":\"Blogue &#038; nouvelles\"}]},{\"@type\":\"WebSite\",\"@id\":\"https:\/\/corporate.mca.ca\/fr\/#website\",\"url\":\"https:\/\/corporate.mca.ca\/fr\/\",\"name\":\"MCA\",\"description\":\"\",\"publisher\":{\"@id\":\"https:\/\/corporate.mca.ca\/fr\/#organization\"},\"potentialAction\":[{\"@type\":\"SearchAction\",\"target\":{\"@type\":\"EntryPoint\",\"urlTemplate\":\"https:\/\/corporate.mca.ca\/fr\/?s={search_term_string}\"},\"query-input\":{\"@type\":\"PropertyValueSpecification\",\"valueRequired\":true,\"valueName\":\"search_term_string\"}}],\"inLanguage\":\"fr-FR\"},{\"@type\":\"Organization\",\"@id\":\"https:\/\/corporate.mca.ca\/fr\/#organization\",\"name\":\"MCA\",\"url\":\"https:\/\/corporate.mca.ca\/fr\/\",\"logo\":{\"@type\":\"ImageObject\",\"inLanguage\":\"fr-FR\",\"@id\":\"https:\/\/corporate.mca.ca\/fr\/#\/schema\/logo\/image\/\",\"url\":\"https:\/\/corporate.mca.ca\/wp-content\/uploads\/2019\/06\/logo.png\",\"contentUrl\":\"https:\/\/corporate.mca.ca\/wp-content\/uploads\/2019\/06\/logo.png\",\"width\":215,\"height\":104,\"caption\":\"MCA\"},\"image\":{\"@id\":\"https:\/\/corporate.mca.ca\/fr\/#\/schema\/logo\/image\/\"}}]}<\/script>\n<!-- \/ Yoast SEO plugin. -->","yoast_head_json":{"title":"MCA - Restez \u00e0 jour avec nos derni\u00e8res nouvelles","description":"MCA : Restez au courant des derni\u00e8res nouvelles et mises \u00e0 jour en lisant notre blogue","robots":{"index":"index","follow":"follow","max-snippet":"max-snippet:-1","max-image-preview":"max-image-preview:large","max-video-preview":"max-video-preview:-1"},"canonical":"https:\/\/corporate.mca.ca\/fr\/blogue-nouvelles\/","og_locale":"fr_FR","og_type":"article","og_title":"MCA - Restez \u00e0 jour avec nos derni\u00e8res nouvelles","og_description":"MCA : Restez au courant des derni\u00e8res nouvelles et mises \u00e0 jour en lisant notre blogue","og_url":"https:\/\/corporate.mca.ca\/fr\/blogue-nouvelles\/","og_site_name":"MCA","article_modified_time":"2019-06-27T19:05:35+00:00","twitter_card":"summary_large_image","schema":{"@context":"https:\/\/schema.org","@graph":[{"@type":"WebPage","@id":"https:\/\/corporate.mca.ca\/fr\/blogue-nouvelles\/","url":"https:\/\/corporate.mca.ca\/fr\/blogue-nouvelles\/","name":"MCA - Restez \u00e0 jour avec nos derni\u00e8res nouvelles","isPartOf":{"@id":"https:\/\/corporate.mca.ca\/fr\/#website"},"datePublished":"2019-06-27T13:50:14+00:00","dateModified":"2019-06-27T19:05:35+00:00","description":"MCA : Restez au courant des derni\u00e8res nouvelles et mises \u00e0 jour en lisant notre blogue","breadcrumb":{"@id":"https:\/\/corporate.mca.ca\/fr\/blogue-nouvelles\/#breadcrumb"},"inLanguage":"fr-FR","potentialAction":[{"@type":"ReadAction","target":["https:\/\/corporate.mca.ca\/fr\/blogue-nouvelles\/"]}]},{"@type":"BreadcrumbList","@id":"https:\/\/corporate.mca.ca\/fr\/blogue-nouvelles\/#breadcrumb","itemListElement":[{"@type":"ListItem","position":1,"name":"Home","item":"https:\/\/corporate.mca.ca\/fr\/"},{"@type":"ListItem","position":2,"name":"Blogue &#038; nouvelles"}]},{"@type":"WebSite","@id":"https:\/\/corporate.mca.ca\/fr\/#website","url":"https:\/\/corporate.mca.ca\/fr\/","name":"MCA","description":"","publisher":{"@id":"https:\/\/corporate.mca.ca\/fr\/#organization"},"potentialAction":[{"@type":"SearchAction","target":{"@type":"EntryPoint","urlTemplate":"https:\/\/corporate.mca.ca\/fr\/?s={search_term_string}"},"query-input":{"@type":"PropertyValueSpecification","valueRequired":true,"valueName":"search_term_string"}}],"inLanguage":"fr-FR"},{"@type":"Organization","@id":"https:\/\/corporate.mca.ca\/fr\/#organization","name":"MCA","url":"https:\/\/corporate.mca.ca\/fr\/","logo":{"@type":"ImageObject","inLanguage":"fr-FR","@id":"https:\/\/corporate.mca.ca\/fr\/#\/schema\/logo\/image\/","url":"https:\/\/corporate.mca.ca\/wp-content\/uploads\/2019\/06\/logo.png","contentUrl":"https:\/\/corporate.mca.ca\/wp-content\/uploads\/2019\/06\/logo.png","width":215,"height":104,"caption":"MCA"},"image":{"@id":"https:\/\/corporate.mca.ca\/fr\/#\/schema\/logo\/image\/"}}]}},"_links":{"self":[{"href":"https:\/\/corporate.mca.ca\/fr\/wp-json\/wp\/v2\/pages\/469","targetHints":{"allow":["GET"]}}],"collection":[{"href":"https:\/\/corporate.mca.ca\/fr\/wp-json\/wp\/v2\/pages"}],"about":[{"href":"https:\/\/corporate.mca.ca\/fr\/wp-json\/wp\/v2\/types\/page"}],"author":[{"embeddable":true,"href":"https:\/\/corporate.mca.ca\/fr\/wp-json\/wp\/v2\/users\/1"}],"replies":[{"embeddable":true,"href":"https:\/\/corporate.mca.ca\/fr\/wp-json\/wp\/v2\/comments?post=469"}],"version-history":[{"count":2,"href":"https:\/\/corporate.mca.ca\/fr\/wp-json\/wp\/v2\/pages\/469\/revisions"}],"predecessor-version":[{"id":471,"href":"https:\/\/corporate.mca.ca\/fr\/wp-json\/wp\/v2\/pages\/469\/revisions\/471"}],"wp:attachment":[{"href":"https:\/\/corporate.mca.ca\/fr\/wp-json\/wp\/v2\/media?parent=469"}],"curies":[{"name":"wp","href":"https:\/\/api.w.org\/{rel}","templated":true}]}}