{"id":2050,"date":"2019-12-10T09:43:03","date_gmt":"2019-12-10T14:43:03","guid":{"rendered":"https:\/\/corporate.mca.ca\/?page_id=2050"},"modified":"2019-12-11T13:34:50","modified_gmt":"2019-12-11T18:34:50","slug":"analyses-de-donnees","status":"publish","type":"page","link":"https:\/\/corporate.mca.ca\/fr\/analyses-de-donnees\/","title":{"rendered":"Analyses de donn\u00e9es"},"content":{"rendered":"<section class=\"content_container\">\n<div class=\"container\">\n<div class=\"row\">\n<div class=\"col-lg-12\">\n<div class=\"lc-block page-title retail-merchandising\">\n<div editable=\"rich\">\n<h1>Analyses de donn\u00e9es<\/h1>\n<h2>Faites l\u2019exp\u00e9rience de la diff\u00e9rence MCA!<\/h2>\n<\/p><\/div>\n<\/p><\/div>\n<p><!-- \/lc-block -->\n\t\t\t<\/div>\n<p><!-- \/col --><\/p>\n<div class=\"col-lg-6\">\n<div class=\"border-right\">\n<div class=\"lc-block\">\n\t\t\t\t\t\t<img decoding=\"async\" class=\"img-fluid mb-4\" src=\"https:\/\/corporate.mca.ca\/wp-content\/uploads\/2019\/12\/data-insights-img.jpg\" alt=\"\">\n\t\t\t\t\t<\/div>\n<\/p><\/div>\n<\/p><\/div>\n<div class=\"col-lg-6\">\n<div class=\"lc-block retail-covering\">\n<div editable=\"rich\">\n<h2 class=\"mb-3\">ANALYSES DE DONN\u00c9ES<\/h2>\n<p>Les analyses de donn\u00e9es sont largement consid\u00e9r\u00e9es comme les principaux moteurs de croissance pour presque tous les grands d\u00e9taillants et soci\u00e9t\u00e9s CPG aujourd&rsquo;hui.<\/p>\n<p>Une strat\u00e9gie de donn\u00e9es efficace permet aux entreprises de prendre des d\u00e9cisions factuelles pour am\u00e9liorer la pr\u00e9sence sur le march\u00e9 et la rentabilit\u00e9. La division d&rsquo;analyse de donn\u00e9es de MCA offre un niveau de service in\u00e9gal\u00e9 avec une v\u00e9ritable solution de bout en bout, fournissant des donn\u00e9es virtuelles et en magasin, pr\u00e9cises en une fraction du temps n\u00e9cessaire aux concurrents; tout en fournissant des analyses cl\u00e9s via de nombreux formats de rapports ou des visualisations dynamiques.<\/p>\n<p>Gr\u00e2ce \u00e0 l&rsquo;\u00e9cosyst\u00e8me de MCA, de nombreuses sources de donn\u00e9es sont combin\u00e9es pour fournir une image pr\u00e9cise, perspicace et compl\u00e8te du paysage de la vente au d\u00e9tail.<\/p>\n<h3 class=\"mb-3\">Quelques mesures cl\u00e9s sur lesquelles MCA rend compte:<\/h3>\n<ul>\n<li>Part de l&rsquo;\u00e9tag\u00e8re<\/li>\n<li>Disponibilit\u00e9 en rayon<\/li>\n<li>Prix des concurrents<\/li>\n<li>Prix et indexation des produits comparables<\/li>\n<li>Disposition du planogramme et conformit\u00e9<\/li>\n<li>Positionnement des \u00e9tag\u00e8res<\/li>\n<li>Blocage de marque<\/li>\n<li>Partage d\u2019\u00e9tag\u00e8re sur le Web<\/li>\n<li>Positionnement de la page Web<\/li>\n<li>M\u00e9tadonn\u00e9es des produits<\/li>\n<\/ul>\n<p>Ces mesures ne font qu&rsquo;effleurer la surface des capacit\u00e9s de MCA. Contactez MCA d\u00e8s aujourd&rsquo;hui pour commencer \u00e0 d\u00e9velopper votre solution dynamique personnalis\u00e9e.<\/p>\n<\/p><\/div>\n<\/p><\/div>\n<div class=\"lc-block retail-covering\">\n<div lc-helper=\"shortcode\" class=\"live-shortcode\"><a href='https:\/\/corporate.mca.ca\/en\/contact-us\/analyses-de-donnees' class='btn contact purple-bg'>Demande de prix<\/a><\/div>\n<\/p><\/div>\n<\/p><\/div>\n<\/p><\/div>\n<\/p><\/div>\n<\/section>\n<section class=\"testimonial_slider_container\">\n<div class=\"container\">\n<div class=\"row\">\n<div class=\"col-md-12\">\n<div class=\"lc-block\">\n<div lc-helper=\"shortcode\" class=\"live-shortcode\"><div class=\"home_testimonials_slider d-flex overflow-hidden\"><div class=\"oneTestimonial d-flex flex-column justify-content-center align-items-center\"><p class=\"titre\">MCA - Tout Simplement les meilleurs<\/p><div class=\"desc\"><p><p class=\"western\"><span lang=\"fr-CA\">\u00ab\u00a0Notre relation de longue date avec MCA t\u00e9moigne du leadership et de leur expertise dans l\u2019\u00e9laboration de plans de marchandisage efficaces et coh\u00e9rents, et de la qualit\u00e9 de leur ex\u00e9cution\u00a0\u00bb<\/span><\/p><\/p><\/div><\/div><div class=\"oneTestimonial d-flex flex-column justify-content-center align-items-center\"><p class=\"titre\">Gagner au d\u00e9tail avec MCA<\/p><div class=\"desc\"><p><p class=\"western\"><span lang=\"fr-CA\">\u00ab Depuis plus de 10 ans, nous sommes en partenariat avec MCA afin d\u2019\u00e9tendre la port\u00e9e de nos \u00e9quipes de vente, de marchandisage et de v\u00e9rification. Bas\u00e9 sur l\u2019ensemble de nos strat\u00e9gies et des propri\u00e9t\u00e9s de la compagnie, notre \u00e9quipe de gestion des ventes travaille avec MCA pour \u00e9laborer des plans strat\u00e9giques sp\u00e9cifiques aux diff\u00e9rents comptes. Travaillant en tant qu'une seule \u00e9quipe, notre compagnie et MCA ex\u00e9cutent des plans, r\u00e8glent les probl\u00e8mes et capitalisent sur les opportunit\u00e9s qui se pr\u00e9sentent. Ensemble, nous avons obtenus des r\u00e9sultats significatifs, toujours en appliquant notre vision du d\u00e9tail sur l\u2019am\u00e9lioration continue. MCA contribue fortement \u00e0 la compagnie et un un partenaire en affaires qui nous est pr\u00e9cieux. \u00bb<\/span><\/p><\/p><\/div><\/div><div class=\"oneTestimonial d-flex flex-column justify-content-center align-items-center\"><p class=\"titre\">MCA - Pr\u00eat \u00e0 la vente au d\u00e9tail<\/p><div class=\"desc\"><p><p class=\"western\"><span lang=\"fr-CA\">\u00ab\u00a0MCA est devenu un v\u00e9ritable partenaire dans la stimulation des ventes et l\u2019ex\u00e9cution globale de nos programmes en magasin. En offrant des perspectives d\u2019affaires pr\u00e9cises et utiles, une ex\u00e9cution parfaite des syst\u00e8mes de vente au d\u00e9tail, et la pr\u00e9sentation de rapport d\u00e9taill\u00e9s, MCA est devenu un pr\u00e9cieux partenaire pour notre entreprise.\u00a0\u00bb <\/span><\/p><\/p><\/div><\/div><\/div><\/div>\n<\/p><\/div>\n<p><!-- \/lc-block -->\n\t\t\t<\/div>\n<p><!-- \/col -->\n\t\t<\/div>\n<\/p><\/div>\n<\/section>\n<section><\/section>\n","protected":false},"excerpt":{"rendered":"<p>Analyses de donn\u00e9es Faites l\u2019exp\u00e9rience de la diff\u00e9rence ! ANALYSES DE DONN\u00c9ES Les analyses de donn\u00e9es sont largement consid\u00e9r\u00e9es comme les principaux moteurs de croissance pour presque tous les grands d\u00e9taillants et soci\u00e9t\u00e9s CPG aujourd&rsquo;hui. Une strat\u00e9gie de donn\u00e9es efficace permet aux entreprises de prendre des d\u00e9cisions factuelles pour am\u00e9liorer la pr\u00e9sence sur le march\u00e9 [&hellip;]<\/p>\n","protected":false},"author":1,"featured_media":0,"parent":0,"menu_order":0,"comment_status":"closed","ping_status":"closed","template":"page-templates\/empty.php","meta":{"footnotes":""},"class_list":["post-2050","page","type-page","status-publish","hentry"],"yoast_head":"<!-- This site is optimized with the Yoast SEO plugin v26.8 - https:\/\/yoast.com\/product\/yoast-seo-wordpress\/ -->\n<title>MCA - Service d&#039;analyse de donn\u00e9es<\/title>\n<meta name=\"description\" content=\"MCA - Nous sommes conscients de l&#039;importance d&#039;avoir des donn\u00e9es ad\u00e9quates pour le marchandisage au d\u00e9tail, donc nous offrons des services d&#039;analyse de donn\u00e9es\" \/>\n<meta name=\"robots\" content=\"index, follow, max-snippet:-1, max-image-preview:large, max-video-preview:-1\" \/>\n<link rel=\"canonical\" href=\"https:\/\/corporate.mca.ca\/fr\/analyses-de-donnees\/\" \/>\n<meta property=\"og:locale\" content=\"fr_FR\" \/>\n<meta property=\"og:type\" content=\"article\" \/>\n<meta property=\"og:title\" content=\"MCA - Service d&#039;analyse de donn\u00e9es\" \/>\n<meta property=\"og:description\" content=\"MCA - Nous sommes conscients de l&#039;importance d&#039;avoir des donn\u00e9es ad\u00e9quates pour le marchandisage au d\u00e9tail, donc nous offrons des services d&#039;analyse de donn\u00e9es\" \/>\n<meta property=\"og:url\" content=\"https:\/\/corporate.mca.ca\/fr\/analyses-de-donnees\/\" \/>\n<meta property=\"og:site_name\" content=\"MCA\" \/>\n<meta property=\"article:modified_time\" content=\"2019-12-11T18:34:50+00:00\" \/>\n<meta property=\"og:image\" content=\"https:\/\/corporate.mca.ca\/wp-content\/uploads\/2019\/12\/data-insights-img.jpg\" \/>\n<meta name=\"twitter:card\" content=\"summary_large_image\" \/>\n<meta name=\"twitter:label1\" content=\"Dur\u00e9e de lecture estim\u00e9e\" \/>\n\t<meta name=\"twitter:data1\" content=\"1 minute\" \/>\n<script type=\"application\/ld+json\" class=\"yoast-schema-graph\">{\"@context\":\"https:\/\/schema.org\",\"@graph\":[{\"@type\":\"WebPage\",\"@id\":\"https:\/\/corporate.mca.ca\/fr\/analyses-de-donnees\/\",\"url\":\"https:\/\/corporate.mca.ca\/fr\/analyses-de-donnees\/\",\"name\":\"MCA - Service d'analyse de donn\u00e9es\",\"isPartOf\":{\"@id\":\"https:\/\/corporate.mca.ca\/fr\/#website\"},\"primaryImageOfPage\":{\"@id\":\"https:\/\/corporate.mca.ca\/fr\/analyses-de-donnees\/#primaryimage\"},\"image\":{\"@id\":\"https:\/\/corporate.mca.ca\/fr\/analyses-de-donnees\/#primaryimage\"},\"thumbnailUrl\":\"https:\/\/corporate.mca.ca\/wp-content\/uploads\/2019\/12\/data-insights-img.jpg\",\"datePublished\":\"2019-12-10T14:43:03+00:00\",\"dateModified\":\"2019-12-11T18:34:50+00:00\",\"description\":\"MCA - Nous sommes conscients de l'importance d'avoir des donn\u00e9es ad\u00e9quates pour le marchandisage au d\u00e9tail, donc nous offrons des services d'analyse de donn\u00e9es\",\"breadcrumb\":{\"@id\":\"https:\/\/corporate.mca.ca\/fr\/analyses-de-donnees\/#breadcrumb\"},\"inLanguage\":\"fr-FR\",\"potentialAction\":[{\"@type\":\"ReadAction\",\"target\":[\"https:\/\/corporate.mca.ca\/fr\/analyses-de-donnees\/\"]}]},{\"@type\":\"ImageObject\",\"inLanguage\":\"fr-FR\",\"@id\":\"https:\/\/corporate.mca.ca\/fr\/analyses-de-donnees\/#primaryimage\",\"url\":\"https:\/\/corporate.mca.ca\/wp-content\/uploads\/2019\/12\/data-insights-img.jpg\",\"contentUrl\":\"https:\/\/corporate.mca.ca\/wp-content\/uploads\/2019\/12\/data-insights-img.jpg\"},{\"@type\":\"BreadcrumbList\",\"@id\":\"https:\/\/corporate.mca.ca\/fr\/analyses-de-donnees\/#breadcrumb\",\"itemListElement\":[{\"@type\":\"ListItem\",\"position\":1,\"name\":\"Home\",\"item\":\"https:\/\/corporate.mca.ca\/fr\/\"},{\"@type\":\"ListItem\",\"position\":2,\"name\":\"Analyses de donn\u00e9es\"}]},{\"@type\":\"WebSite\",\"@id\":\"https:\/\/corporate.mca.ca\/fr\/#website\",\"url\":\"https:\/\/corporate.mca.ca\/fr\/\",\"name\":\"MCA\",\"description\":\"\",\"publisher\":{\"@id\":\"https:\/\/corporate.mca.ca\/fr\/#organization\"},\"potentialAction\":[{\"@type\":\"SearchAction\",\"target\":{\"@type\":\"EntryPoint\",\"urlTemplate\":\"https:\/\/corporate.mca.ca\/fr\/?s={search_term_string}\"},\"query-input\":{\"@type\":\"PropertyValueSpecification\",\"valueRequired\":true,\"valueName\":\"search_term_string\"}}],\"inLanguage\":\"fr-FR\"},{\"@type\":\"Organization\",\"@id\":\"https:\/\/corporate.mca.ca\/fr\/#organization\",\"name\":\"MCA\",\"url\":\"https:\/\/corporate.mca.ca\/fr\/\",\"logo\":{\"@type\":\"ImageObject\",\"inLanguage\":\"fr-FR\",\"@id\":\"https:\/\/corporate.mca.ca\/fr\/#\/schema\/logo\/image\/\",\"url\":\"https:\/\/corporate.mca.ca\/wp-content\/uploads\/2019\/06\/logo.png\",\"contentUrl\":\"https:\/\/corporate.mca.ca\/wp-content\/uploads\/2019\/06\/logo.png\",\"width\":215,\"height\":104,\"caption\":\"MCA\"},\"image\":{\"@id\":\"https:\/\/corporate.mca.ca\/fr\/#\/schema\/logo\/image\/\"}}]}<\/script>\n<!-- \/ Yoast SEO plugin. -->","yoast_head_json":{"title":"MCA - Service d'analyse de donn\u00e9es","description":"MCA - Nous sommes conscients de l'importance d'avoir des donn\u00e9es ad\u00e9quates pour le marchandisage au d\u00e9tail, donc nous offrons des services d'analyse de donn\u00e9es","robots":{"index":"index","follow":"follow","max-snippet":"max-snippet:-1","max-image-preview":"max-image-preview:large","max-video-preview":"max-video-preview:-1"},"canonical":"https:\/\/corporate.mca.ca\/fr\/analyses-de-donnees\/","og_locale":"fr_FR","og_type":"article","og_title":"MCA - Service d'analyse de donn\u00e9es","og_description":"MCA - Nous sommes conscients de l'importance d'avoir des donn\u00e9es ad\u00e9quates pour le marchandisage au d\u00e9tail, donc nous offrons des services d'analyse de donn\u00e9es","og_url":"https:\/\/corporate.mca.ca\/fr\/analyses-de-donnees\/","og_site_name":"MCA","article_modified_time":"2019-12-11T18:34:50+00:00","og_image":[{"url":"https:\/\/corporate.mca.ca\/wp-content\/uploads\/2019\/12\/data-insights-img.jpg","type":"","width":"","height":""}],"twitter_card":"summary_large_image","twitter_misc":{"Dur\u00e9e de lecture estim\u00e9e":"1 minute"},"schema":{"@context":"https:\/\/schema.org","@graph":[{"@type":"WebPage","@id":"https:\/\/corporate.mca.ca\/fr\/analyses-de-donnees\/","url":"https:\/\/corporate.mca.ca\/fr\/analyses-de-donnees\/","name":"MCA - Service d'analyse de donn\u00e9es","isPartOf":{"@id":"https:\/\/corporate.mca.ca\/fr\/#website"},"primaryImageOfPage":{"@id":"https:\/\/corporate.mca.ca\/fr\/analyses-de-donnees\/#primaryimage"},"image":{"@id":"https:\/\/corporate.mca.ca\/fr\/analyses-de-donnees\/#primaryimage"},"thumbnailUrl":"https:\/\/corporate.mca.ca\/wp-content\/uploads\/2019\/12\/data-insights-img.jpg","datePublished":"2019-12-10T14:43:03+00:00","dateModified":"2019-12-11T18:34:50+00:00","description":"MCA - Nous sommes conscients de l'importance d'avoir des donn\u00e9es ad\u00e9quates pour le marchandisage au d\u00e9tail, donc nous offrons des services d'analyse de donn\u00e9es","breadcrumb":{"@id":"https:\/\/corporate.mca.ca\/fr\/analyses-de-donnees\/#breadcrumb"},"inLanguage":"fr-FR","potentialAction":[{"@type":"ReadAction","target":["https:\/\/corporate.mca.ca\/fr\/analyses-de-donnees\/"]}]},{"@type":"ImageObject","inLanguage":"fr-FR","@id":"https:\/\/corporate.mca.ca\/fr\/analyses-de-donnees\/#primaryimage","url":"https:\/\/corporate.mca.ca\/wp-content\/uploads\/2019\/12\/data-insights-img.jpg","contentUrl":"https:\/\/corporate.mca.ca\/wp-content\/uploads\/2019\/12\/data-insights-img.jpg"},{"@type":"BreadcrumbList","@id":"https:\/\/corporate.mca.ca\/fr\/analyses-de-donnees\/#breadcrumb","itemListElement":[{"@type":"ListItem","position":1,"name":"Home","item":"https:\/\/corporate.mca.ca\/fr\/"},{"@type":"ListItem","position":2,"name":"Analyses de donn\u00e9es"}]},{"@type":"WebSite","@id":"https:\/\/corporate.mca.ca\/fr\/#website","url":"https:\/\/corporate.mca.ca\/fr\/","name":"MCA","description":"","publisher":{"@id":"https:\/\/corporate.mca.ca\/fr\/#organization"},"potentialAction":[{"@type":"SearchAction","target":{"@type":"EntryPoint","urlTemplate":"https:\/\/corporate.mca.ca\/fr\/?s={search_term_string}"},"query-input":{"@type":"PropertyValueSpecification","valueRequired":true,"valueName":"search_term_string"}}],"inLanguage":"fr-FR"},{"@type":"Organization","@id":"https:\/\/corporate.mca.ca\/fr\/#organization","name":"MCA","url":"https:\/\/corporate.mca.ca\/fr\/","logo":{"@type":"ImageObject","inLanguage":"fr-FR","@id":"https:\/\/corporate.mca.ca\/fr\/#\/schema\/logo\/image\/","url":"https:\/\/corporate.mca.ca\/wp-content\/uploads\/2019\/06\/logo.png","contentUrl":"https:\/\/corporate.mca.ca\/wp-content\/uploads\/2019\/06\/logo.png","width":215,"height":104,"caption":"MCA"},"image":{"@id":"https:\/\/corporate.mca.ca\/fr\/#\/schema\/logo\/image\/"}}]}},"_links":{"self":[{"href":"https:\/\/corporate.mca.ca\/fr\/wp-json\/wp\/v2\/pages\/2050","targetHints":{"allow":["GET"]}}],"collection":[{"href":"https:\/\/corporate.mca.ca\/fr\/wp-json\/wp\/v2\/pages"}],"about":[{"href":"https:\/\/corporate.mca.ca\/fr\/wp-json\/wp\/v2\/types\/page"}],"author":[{"embeddable":true,"href":"https:\/\/corporate.mca.ca\/fr\/wp-json\/wp\/v2\/users\/1"}],"replies":[{"embeddable":true,"href":"https:\/\/corporate.mca.ca\/fr\/wp-json\/wp\/v2\/comments?post=2050"}],"version-history":[{"count":4,"href":"https:\/\/corporate.mca.ca\/fr\/wp-json\/wp\/v2\/pages\/2050\/revisions"}],"predecessor-version":[{"id":2058,"href":"https:\/\/corporate.mca.ca\/fr\/wp-json\/wp\/v2\/pages\/2050\/revisions\/2058"}],"wp:attachment":[{"href":"https:\/\/corporate.mca.ca\/fr\/wp-json\/wp\/v2\/media?parent=2050"}],"curies":[{"name":"wp","href":"https:\/\/api.w.org\/{rel}","templated":true}]}}