{"id":2,"date":"2019-06-03T12:47:25","date_gmt":"2019-06-03T12:47:25","guid":{"rendered":"https:\/\/mca.yannick.net\/?page_id=2"},"modified":"2020-04-30T10:18:21","modified_gmt":"2020-04-30T14:18:21","slug":"sample-page","status":"publish","type":"page","link":"https:\/\/corporate.mca.ca\/fr\/","title":{"rendered":"Page d&rsquo;accueil"},"content":{"rendered":"<section class=\"home_slider_container fr\">\n<div class=\"container-fluid\">\n<div class=\"row\">\n<div class=\"col-12\">\n<div class=\"lc-block\">\n<div lc-helper=\"shortcode\" class=\"live-shortcode\">[metaslider id=\u00a0\u00bb115&Prime;]<\/div>\n<\/p><\/div>\n<p><!-- \/lc-block -->\n\t\t\t<\/div>\n<p><!-- \/col -->\n\t\t<\/div>\n<\/p><\/div>\n<\/section>\n<section class=\"banner_container d-none\">\n<div class=\"container\">\n<div class=\"row\">\n<div class=\"col-md-12\">\n<div class=\"lc-block text-center\">\n<div editable=\"rich\">\n<h2>Message important<\/h2>\n<p>COVID-19<\/p>\n<a href='https:\/\/corporate.mca.ca\/fr\/mca-covid-fr-2\/' class='btn contact white-bg'>Lire plus de d\u00e9tails<\/a>\n<\/p><\/div>\n<\/p><\/div>\n<p><!-- \/lc-block -->\n\t\t\t<\/div>\n<p><!-- \/col -->\n\t\t<\/div>\n<\/p><\/div>\n<\/section>\n<section class=\"request_quote_container\">\n<div class=\"container\">\n<div class=\"row\">\n<div class=\"col-1 col-lg-2 d-none d-sm-block\">\n<div class=\"lc-block\"><\/div>\n<p><!-- \/lc-block -->\n\t\t\t<\/div>\n<p><!-- \/col --><\/p>\n<div class=\"col-sm-10 col-lg-8\">\n<div class=\"lc-block\">\n<div editable=\"rich\" class=\"text-center\">\n<h2>Des r\u00e9sultats exceptionnels par le biais de l\u2019excellence d\u2019ex\u00e9cution<\/h2>\n<p>MCA offre des services de marchandisage et d&rsquo;audits innovants, flexibles et pr\u00e9cis aux compagnies de produits de consommation emball\u00e9s et aux d\u00e9taillants.<\/p>\n<\/p><\/div>\n<\/p><\/div>\n<p><!-- \/lc-block --><\/p>\n<div class=\"lc-block\">\n<div lc-helper=\"shortcode\" class=\"live-shortcode text-center\"><a href='https:\/\/corporate.mca.ca\/fr\/nous-joindre\/' class='btn contact purple-bg'>Demande de prix<\/a><\/div>\n<\/p><\/div>\n<p><!-- \/lc-block -->\n\t\t\t<\/div>\n<p><!-- \/col --><\/p>\n<div class=\"col-1 col-lg-2 d-none d-sm-block\">\n<div class=\"lc-block\"><\/div>\n<p><!-- \/lc-block -->\n\t\t\t<\/div>\n<p><!-- \/col -->\n\t\t<\/div>\n<\/p><\/div>\n<\/section>\n<section class=\"home_details_container\">\n<div class=\"container\">\n<div class=\"row\">\n<div class=\"col-12\">\n<div class=\"lc-block\">\n<div class=\"row\">\n<div class=\"col-3 d-none d-md-block\">\n<div class=\"unIcon active text-center\" data-service=\"1\">\n<div class=\"lc-block\">\n\t\t\t\t\t\t\t\t\t<img decoding=\"async\" class=\"img-fluid\" src=\"https:\/\/corporate.mca.ca\/wp-content\/uploads\/2019\/06\/icon-1.png\" alt=\"\">\n\t\t\t\t\t\t\t\t<\/div>\n<div class=\"lc-block\">\n\t\t\t\t\t\t\t\t\t<img decoding=\"async\" class=\"img-fluid active\" src=\"https:\/\/corporate.mca.ca\/wp-content\/uploads\/2019\/06\/icon-1-active.png\" alt=\"\">\n\t\t\t\t\t\t\t\t<\/div>\n<\/p><\/div>\n<\/p><\/div>\n<div class=\"col-3 d-none d-md-block\">\n<div class=\"unIcon text-center\" data-service=\"2\">\n<div class=\"lc-block\">\n\t\t\t\t\t\t\t\t\t<img decoding=\"async\" class=\"img-fluid\" src=\"https:\/\/corporate.mca.ca\/wp-content\/uploads\/2019\/06\/icon-2.png\" alt=\"\">\n\t\t\t\t\t\t\t\t<\/div>\n<div class=\"lc-block\">\n\t\t\t\t\t\t\t\t\t<img decoding=\"async\" class=\"img-fluid active\" src=\"https:\/\/corporate.mca.ca\/wp-content\/uploads\/2019\/06\/icon-2-active.png\" alt=\"\">\n\t\t\t\t\t\t\t\t<\/div>\n<\/p><\/div>\n<\/p><\/div>\n<div class=\"col-3 d-none d-md-block\">\n<div class=\"unIcon text-center\" data-service=\"3\">\n<div class=\"lc-block\">\n\t\t\t\t\t\t\t\t\t<img decoding=\"async\" class=\"img-fluid\" src=\"https:\/\/corporate.mca.ca\/wp-content\/uploads\/2019\/06\/icon-3.png\" alt=\"\">\n\t\t\t\t\t\t\t\t<\/div>\n<div class=\"lc-block\">\n\t\t\t\t\t\t\t\t\t<img decoding=\"async\" class=\"img-fluid active\" src=\"https:\/\/corporate.mca.ca\/wp-content\/uploads\/2019\/06\/icon-3-active.png\" alt=\"\">\n\t\t\t\t\t\t\t\t<\/div>\n<\/p><\/div>\n<\/p><\/div>\n<div class=\"col-3 d-none d-md-block\">\n<div class=\"unIcon text-center\" data-service=\"4\">\n<div class=\"lc-block\">\n\t\t\t\t\t\t\t\t\t<img decoding=\"async\" class=\"img-fluid\" src=\"https:\/\/corporate.mca.ca\/wp-content\/uploads\/2019\/06\/icon-4.png\" alt=\"\">\n\t\t\t\t\t\t\t\t<\/div>\n<div class=\"lc-block\">\n\t\t\t\t\t\t\t\t\t<img decoding=\"async\" class=\"img-fluid active\" src=\"https:\/\/corporate.mca.ca\/wp-content\/uploads\/2019\/06\/icon-4-active.png\" alt=\"\">\n\t\t\t\t\t\t\t\t<\/div>\n<\/p><\/div>\n<\/p><\/div>\n<div class=\"col-12\">\n<div class=\"home_services\" data-service=\"1\">\n<div class=\"row\">\n<div class=\"col-12 unService\" data-service=\"1\">\n<div class=\"row\">\n<div class=\"col-12 col-lg-9\">\n<div class=\"lc-block title\">\n<div lc-helper=\"shortcode\" class=\"live-shortcode\"><button class=\"collapsed\" data-toggle=\"collapse\" data-target=\"#service-516\">Marchandisage au d\u00e9tail<\/button><div class=\"panel-collapse collapse d-md-block\" id=\"service-516\"><p>MCA offre des services de marchandisage de premi\u00e8re qualit\u00e9 toute la journ\u00e9e, tous les jours! Nous r\u00e9alisons des dizaines de milliers de visites de magasins par an, parfaitement ex\u00e9cut\u00e9es.<\/p>\r\n<p>MCA accomplit d\u2019excellents r\u00e9sultats par la prestation efficace et professionnelle de mandats de marchandisage.<\/p><p><a href=\"https:\/\/corporate.mca.ca\/fr\/nous-joindre\/marchandisage-au-detail\/\" class=\"btn contact purple-bg\">Demande de prix<\/a><a href='https:\/\/corporate.mca.ca\/fr\/marchandisage-au-detail\/' class='btn contact transparent-bg'>En savoir plus<\/a><\/p><\/div><\/div>\n<\/p><\/div>\n<\/p><\/div>\n<div class=\"col-3 d-none d-lg-block\">\n<div class=\"lc-block\">\n\t\t\t\t\t\t\t\t\t\t\t\t\t<img decoding=\"async\" class=\"img-fluid home_services_img\" src=\"https:\/\/corporate.mca.ca\/wp-content\/uploads\/2019\/07\/home_services_img-1.jpg\" alt=\"\">\n\t\t\t\t\t\t\t\t\t\t\t\t<\/div>\n<\/p><\/div>\n<\/p><\/div>\n<\/p><\/div>\n<div class=\"col-12 unService\" data-service=\"2\">\n<div class=\"row\">\n<div class=\"col-12 col-lg-9\">\n<div class=\"lc-block title\">\n<div lc-helper=\"shortcode\" class=\"live-shortcode\"><button class=\"collapsed\" data-toggle=\"collapse\" data-target=\"#service-521\">Repr\u00e9sentant des ventes au d\u00e9tail<\/button><div class=\"panel-collapse collapse d-md-block\" id=\"service-521\"><p>Nos clients b\u00e9n\u00e9ficient de notre succ\u00e8s en gestion des ventes gr\u00e2ce \u00e0 notre \u00e9quipe de ventes exclusive, d\u00e9vou\u00e9e et professionnelle.<\/p>\r\n<p>Maximisez le potentiel de vos ventes au d\u00e9tail tout en renfor\u00e7ant votre relation commerciale avec vos clients. <strong>Faites l\u2019exp\u00e9rience de la diff\u00e9rence MCA!<\/strong><\/p><p><a href=\"https:\/\/corporate.mca.ca\/fr\/nous-joindre\/representant-des-ventes-au-detail\/\" class=\"btn contact purple-bg\">Demande de prix<\/a><a href='https:\/\/corporate.mca.ca\/fr\/representant-des-ventes-au-detail\/' class='btn contact transparent-bg'>En savoir plus<\/a><\/p><\/div><\/div>\n<\/p><\/div>\n<\/p><\/div>\n<div class=\"col-3 d-none d-lg-block\">\n<div class=\"lc-block\">\n\t\t\t\t\t\t\t\t\t\t\t\t\t<img decoding=\"async\" class=\"img-fluid home_services_img\" src=\"https:\/\/corporate.mca.ca\/wp-content\/uploads\/2019\/07\/home-retail-reservation-1.jpg\" alt=\"\">\n\t\t\t\t\t\t\t\t\t\t\t\t<\/div>\n<\/p><\/div>\n<\/p><\/div>\n<\/p><\/div>\n<div class=\"col-12 unService\" data-service=\"3\">\n<div class=\"row\">\n<div class=\"col-12 col-lg-9\">\n<div class=\"lc-block title\">\n<div lc-helper=\"shortcode\" class=\"live-shortcode\"><button class=\"collapsed\" data-toggle=\"collapse\" data-target=\"#service-502\">V\u00e9rification de la comp\u00e9titivit\u00e9 des prix de d\u00e9tail<\/button><div class=\"panel-collapse collapse d-md-block\" id=\"service-502\"><p>MCA est la soci\u00e9t\u00e9 de v\u00e9rifications de la comp\u00e9titivit\u00e9 des prix de d\u00e9tail en qui les gens ont le plus confiance au Canada. Nous fournissons, recueillons des renseignements et acc\u00e9dons \u00e0 98 % de tous les magasins de d\u00e9tail du Canada et \u00e0 pr\u00e8s de 100 % de tous les sites Web.<\/p>\r\n<p>Pendant deux d\u00e9cennies, MCA a men\u00e9 des v\u00e9rifications de la comp\u00e9titivit\u00e9 des prix fiables et pr\u00e9cises en ligne et dans les magasins physiques.<\/p><p><a href=\"https:\/\/corporate.mca.ca\/fr\/nous-joindre\/verification-de-la-competitivite-des-prix-de-detail\/\" class=\"btn contact purple-bg\">Demande de prix<\/a><a href='https:\/\/corporate.mca.ca\/fr\/verification-de-la-competitivite-des-prix-de-detail\/' class='btn contact transparent-bg'>En savoir plus<\/a><\/p><\/div><\/div>\n<\/p><\/div>\n<\/p><\/div>\n<div class=\"col-3 d-none d-lg-block\">\n<div class=\"lc-block\">\n\t\t\t\t\t\t\t\t\t\t\t\t\t<img decoding=\"async\" class=\"img-fluid home_services_img\" src=\"https:\/\/corporate.mca.ca\/wp-content\/uploads\/2019\/07\/retail-competitive-price-audits-home.jpg\" alt=\"\">\n\t\t\t\t\t\t\t\t\t\t\t\t<\/div>\n<\/p><\/div>\n<\/p><\/div>\n<\/p><\/div>\n<div class=\"col-12 unService\" data-service=\"4\">\n<div class=\"row\">\n<div class=\"col-12 col-lg-9\">\n<div class=\"lc-block title\">\n<div lc-helper=\"shortcode\" class=\"live-shortcode\"><button class=\"collapsed\" data-toggle=\"collapse\" data-target=\"#service-498\">V\u00e9rification de points de ventes au d\u00e9tail<\/button><div class=\"panel-collapse collapse d-md-block\" id=\"service-498\"><p>MicroAudits par MCA, propuls\u00e9 par SmartScan, est un service fiable, pr\u00e9cis, flexible et abordable pour effectuer la v\u00e9rification d\u2019\u00e0 peu pr\u00e8s tout ce qui peut se trouver dans un magasin de d\u00e9tail.<\/p>\r\n<p>MicroAudits permet aux clients de cr\u00e9er des programmes de v\u00e9rification adapt\u00e9s \u00e0 leurs besoins \u00e0 co\u00fbt moindre, et offre un meilleur retour sur investissement pour les clients d\u00e9taillants et les compagnies de produits de consommation emball\u00e9s.<\/p><p><a href=\"https:\/\/corporate.mca.ca\/fr\/nous-joindre\/verification-de-points-de-ventes-au-detail\/\" class=\"btn contact purple-bg\">Demande de prix<\/a><a href='https:\/\/corporate.mca.ca\/fr\/verification-de-points-de-ventes-au-detail\/' class='btn contact transparent-bg'>En savoir plus<\/a><\/p><\/div><\/div>\n<\/p><\/div>\n<\/p><\/div>\n<div class=\"col-3 d-none d-lg-block\">\n<div class=\"lc-block\">\n\t\t\t\t\t\t\t\t\t\t\t\t\t<img decoding=\"async\" class=\"img-fluid home_services_img\" src=\"https:\/\/corporate.mca.ca\/wp-content\/uploads\/2019\/07\/retail-audits-home.jpg\" alt=\"\">\n\t\t\t\t\t\t\t\t\t\t\t\t<\/div>\n<\/p><\/div>\n<\/p><\/div>\n<\/p><\/div>\n<\/p><\/div>\n<\/p><\/div>\n<\/p><\/div>\n<\/p><\/div>\n<\/p><\/div>\n<p><!-- \/lc-block -->\n\t\t\t<\/div>\n<p><!-- \/col -->\n\t\t<\/div>\n<\/p><\/div>\n<\/section>\n<section class=\"vision_container\">\n<div class=\"container\">\n<div class=\"row\">\n<div class=\"col-lg-6\">\n<div class=\"lc-block home-vision\">\n<div editable=\"rich\">\n<h2>Notre vision<\/h2>\n<p><strong>Procurer des services de vente, marchandisage et de collecte de donn\u00e9es innovateurs et sans d\u00e9faut<\/strong>\u00e0 travers l\u2019Am\u00e9rique du nord en combinant nos repr\u00e9sentants hautement qualifi\u00e9s, les meilleurs en service de consultation et en technologie de pointe.<\/p>\n<\/p><\/div>\n<\/p><\/div>\n<p><!-- \/lc-block --><\/p>\n<div class=\"lc-block home-vision-btn\">\n<div lc-helper=\"shortcode\" class=\"live-shortcode\"><a href='https:\/\/corporate.mca.ca\/fr\/notre-compagnie\/' class='btn contact transparent-white-bg'>En apprendre plus sur MCA<\/a><a href='https:\/\/corporate.mca.ca\/fr\/nous-joindre\/' class='btn contact white-bg'>Contactez-nous<\/a><\/div>\n<\/p><\/div>\n<p><!-- \/lc-block -->\n\t\t\t<\/div>\n<p><!-- \/col --><\/p>\n<div class=\"col-lg-6\">\n<div class=\"lc-block\">\n<div lc-helper=\"shortcode\" class=\"live-shortcode home_testimonials\"><div class=\"home_testimonials_slider d-flex overflow-hidden\"><div class=\"oneTestimonial d-flex flex-column justify-content-center align-items-center\"><p class=\"titre\">Gagner au d\u00e9tail avec MCA<\/p><div class=\"desc\"><p><p class=\"western\"><span lang=\"fr-CA\">\u00ab Depuis plus de 10 ans, nous sommes en partenariat avec MCA afin d\u2019\u00e9tendre la port\u00e9e de nos \u00e9quipes de vente, de marchandisage et de v\u00e9rification. Bas\u00e9 sur l\u2019ensemble de nos strat\u00e9gies et des propri\u00e9t\u00e9s de la compagnie, notre \u00e9quipe de gestion des ventes travaille avec MCA pour \u00e9laborer des plans strat\u00e9giques sp\u00e9cifiques aux diff\u00e9rents comptes. Travaillant en tant qu'une seule \u00e9quipe, notre compagnie et MCA ex\u00e9cutent des plans, r\u00e8glent les probl\u00e8mes et capitalisent sur les opportunit\u00e9s qui se pr\u00e9sentent. Ensemble, nous avons obtenus des r\u00e9sultats significatifs, toujours en appliquant notre vision du d\u00e9tail sur l\u2019am\u00e9lioration continue. MCA contribue fortement \u00e0 la compagnie et un un partenaire en affaires qui nous est pr\u00e9cieux. \u00bb<\/span><\/p><\/p><\/div><\/div><div class=\"oneTestimonial d-flex flex-column justify-content-center align-items-center\"><p class=\"titre\">MCA - Pr\u00eat \u00e0 la vente au d\u00e9tail<\/p><div class=\"desc\"><p><p class=\"western\"><span lang=\"fr-CA\">\u00ab\u00a0MCA est devenu un v\u00e9ritable partenaire dans la stimulation des ventes et l\u2019ex\u00e9cution globale de nos programmes en magasin. En offrant des perspectives d\u2019affaires pr\u00e9cises et utiles, une ex\u00e9cution parfaite des syst\u00e8mes de vente au d\u00e9tail, et la pr\u00e9sentation de rapport d\u00e9taill\u00e9s, MCA est devenu un pr\u00e9cieux partenaire pour notre entreprise.\u00a0\u00bb <\/span><\/p><\/p><\/div><\/div><div class=\"oneTestimonial d-flex flex-column justify-content-center align-items-center\"><p class=\"titre\">MCA - Tout Simplement les meilleurs<\/p><div class=\"desc\"><p><p class=\"western\"><span lang=\"fr-CA\">\u00ab\u00a0Notre relation de longue date avec MCA t\u00e9moigne du leadership et de leur expertise dans l\u2019\u00e9laboration de plans de marchandisage efficaces et coh\u00e9rents, et de la qualit\u00e9 de leur ex\u00e9cution\u00a0\u00bb<\/span><\/p><\/p><\/div><\/div><\/div><\/div>\n<\/p><\/div>\n<p><!-- \/lc-block -->\n\t\t\t<\/div>\n<p><!-- \/col -->\n\t\t<\/div>\n<\/p><\/div>\n<\/section>\n<section class=\"home_team_container\">\n<div class=\"container\">\n<div class=\"row\">\n<div class=\"col-xl-10 ml-auto\">\n<div class=\"home_team_div\">\n<div class=\"row align-items-center\">\n<div class=\"col-md-6 col-lg-4\">\n<div class=\"lc-block\">\n\t\t\t\t\t\t\t\t<img decoding=\"async\" class=\"img-fluid\" src=\"https:\/\/corporate.mca.ca\/wp-content\/uploads\/2019\/07\/home-team-img-1.jpg\" alt=\"\">\n\t\t\t\t\t\t\t<\/div>\n<p><!-- \/lc-block -->\n\t\t\t\t\t\t<\/div>\n<div class=\"col-md-6 col-lg-8\">\n<div class=\"lc-block fr-text\">\n<div editable=\"rich\">\n<h2>Rejoindre notre \u00e9quipe<\/h2>\n<h3>Nous sommes la premi\u00e8re soci\u00e9t\u00e9 canadienne sp\u00e9cialis\u00e9e dans la vente, le marchandisage et la collecte de donn\u00e9es!<\/h3>\n<p>Explorez nos positions disponibles et remplissez votre candidature en ligne d\u00e8s aujourd&rsquo;hui.<\/p>\n<p><a href='https:\/\/corporate.mca.ca\/fr\/carrieres\/' class='btn contact purple-bg'>Appliquer maintenant<\/a><a href='https:\/\/corporate.mca.ca\/fr\/carrieres\/' class='btn contact transparent-bg'>Voir les postes disponibles<\/a><\/p>\n<\/p><\/div>\n<\/p><\/div>\n<p><!-- \/lc-block -->\n\t\t\t\t\t\t<\/div>\n<\/p><\/div>\n<\/p><\/div>\n<\/p><\/div>\n<div class=\"col-xl-5 order-xl-2 order-3\">\n<div class=\"lc-block home-services-text fr-text\">\n<div editable=\"rich\">\n<h2>Excellence d&rsquo;ex\u00e9cution<br \/><strong>Gagnez au d\u00e9tail avec MCA<\/strong><\/h2>\n<p>Nous offrons une couverture sans pareil dans toutes les provinces et tous les territoires du Canada en combinant des professionnels de la vente au d\u00e9tail bien form\u00e9s et une technologie de pointe.<\/p>\n<ul>\n<li>Crowdsourcing Au D\u00e9tail<\/li>\n<li>Marchandisage Au D\u00e9tail<\/li>\n<li>Repr\u00e9sentant Des Ventes Au D\u00e9tail<\/li>\n<li>V\u00e9rification De La Comp\u00e9titivit\u00e9 Des Prix De D\u00e9tail<\/li>\n<li>V\u00e9rification De Points De Ventes Au D\u00e9tail<\/li>\n<\/ul>\n<\/p><\/div>\n<\/p><\/div>\n<p><!-- \/lc-block -->\n\t\t\t<\/div>\n<p><!-- \/col --><\/p>\n<div class=\"col-xl-7 order-2 order-xl-3\">\n<div class=\"lc-block video-img-home\">\n<div lc-helper=\"shortcode\" class=\"live-shortcode\"><a href=\"https:\/\/corporate.mca.ca\/wp-content\/themes\/yannickweb\/assets\/videos\/do-more-for-less-home-video-fr.mp4\" class=\"video_link d-none d-lg-flex\" data-video-source=\"\" title=\"Do more for less home video fr\"><img decoding=\"async\" src=\"https:\/\/corporate.mca.ca\/wp-content\/themes\/yannickweb\/assets\/images\/do-more-for-less-home-video.jpg\" class=\"video_img\" alt=\"Do more for less home video fr\" \/><\/a><\/div>\n<\/p><\/div>\n<p><!-- \/lc-block -->\n\t\t\t<\/div>\n<p><!-- \/col -->\n\t\t<\/div>\n<\/p><\/div>\n<\/section>\n","protected":false},"excerpt":{"rendered":"<p>[metaslider id=\u00a0\u00bb115&Prime;] Message important COVID-19 Des r\u00e9sultats exceptionnels par le biais de l\u2019excellence d\u2019ex\u00e9cution offre des services de marchandisage et d&rsquo;audits innovants, flexibles et pr\u00e9cis aux compagnies de produits de consommation emball\u00e9s et aux d\u00e9taillants. Notre vision Procurer des services de vente, marchandisage et de collecte de donn\u00e9es innovateurs et sans d\u00e9faut\u00e0 travers l\u2019Am\u00e9rique du [&hellip;]<\/p>\n","protected":false},"author":1,"featured_media":0,"parent":0,"menu_order":0,"comment_status":"closed","ping_status":"open","template":"page-templates\/empty.php","meta":{"footnotes":""},"class_list":["post-2","page","type-page","status-publish","hentry"],"yoast_head":"<!-- This site is optimized with the Yoast SEO plugin v26.8 - https:\/\/yoast.com\/product\/yoast-seo-wordpress\/ -->\n<title>MCA - Services de mise en march\u00e9 au d\u00e9tail<\/title>\n<meta name=\"description\" content=\"MCA : Leaders dans la mise au march\u00e9 au d\u00e9tail sur tout le territoire Nord Am\u00e9ricain\" \/>\n<meta name=\"robots\" content=\"index, follow, max-snippet:-1, max-image-preview:large, max-video-preview:-1\" \/>\n<link rel=\"canonical\" href=\"https:\/\/corporate.mca.ca\/fr\/\" \/>\n<meta property=\"og:locale\" content=\"fr_FR\" \/>\n<meta property=\"og:type\" content=\"article\" \/>\n<meta property=\"og:title\" content=\"MCA - Services de mise en march\u00e9 au d\u00e9tail\" \/>\n<meta property=\"og:description\" content=\"MCA : Leaders dans la mise au march\u00e9 au d\u00e9tail sur tout le territoire Nord Am\u00e9ricain\" \/>\n<meta property=\"og:url\" content=\"https:\/\/corporate.mca.ca\/fr\/\" \/>\n<meta property=\"og:site_name\" content=\"MCA\" \/>\n<meta property=\"article:modified_time\" content=\"2020-04-30T14:18:21+00:00\" \/>\n<meta property=\"og:image\" content=\"https:\/\/corporate.mca.ca\/wp-content\/uploads\/2019\/06\/icon-1.png\" \/>\n<meta name=\"twitter:card\" content=\"summary_large_image\" \/>\n<meta name=\"twitter:label1\" content=\"Dur\u00e9e de lecture estim\u00e9e\" \/>\n\t<meta name=\"twitter:data1\" content=\"2 minutes\" \/>\n<script type=\"application\/ld+json\" class=\"yoast-schema-graph\">{\"@context\":\"https:\/\/schema.org\",\"@graph\":[{\"@type\":\"WebPage\",\"@id\":\"https:\/\/corporate.mca.ca\/fr\/\",\"url\":\"https:\/\/corporate.mca.ca\/fr\/\",\"name\":\"MCA - Services de mise en march\u00e9 au d\u00e9tail\",\"isPartOf\":{\"@id\":\"https:\/\/corporate.mca.ca\/fr\/#website\"},\"primaryImageOfPage\":{\"@id\":\"https:\/\/corporate.mca.ca\/fr\/#primaryimage\"},\"image\":{\"@id\":\"https:\/\/corporate.mca.ca\/fr\/#primaryimage\"},\"thumbnailUrl\":\"https:\/\/corporate.mca.ca\/wp-content\/uploads\/2019\/06\/icon-1.png\",\"datePublished\":\"2019-06-03T12:47:25+00:00\",\"dateModified\":\"2020-04-30T14:18:21+00:00\",\"description\":\"MCA : Leaders dans la mise au march\u00e9 au d\u00e9tail sur tout le territoire Nord Am\u00e9ricain\",\"breadcrumb\":{\"@id\":\"https:\/\/corporate.mca.ca\/fr\/#breadcrumb\"},\"inLanguage\":\"fr-FR\",\"potentialAction\":[{\"@type\":\"ReadAction\",\"target\":[\"https:\/\/corporate.mca.ca\/fr\/\"]}]},{\"@type\":\"ImageObject\",\"inLanguage\":\"fr-FR\",\"@id\":\"https:\/\/corporate.mca.ca\/fr\/#primaryimage\",\"url\":\"https:\/\/corporate.mca.ca\/wp-content\/uploads\/2019\/06\/icon-1.png\",\"contentUrl\":\"https:\/\/corporate.mca.ca\/wp-content\/uploads\/2019\/06\/icon-1.png\"},{\"@type\":\"BreadcrumbList\",\"@id\":\"https:\/\/corporate.mca.ca\/fr\/#breadcrumb\",\"itemListElement\":[{\"@type\":\"ListItem\",\"position\":1,\"name\":\"Home\",\"item\":\"https:\/\/corporate.mca.ca\/fr\/\"},{\"@type\":\"ListItem\",\"position\":2,\"name\":\"Page d&rsquo;accueil\"}]},{\"@type\":\"WebSite\",\"@id\":\"https:\/\/corporate.mca.ca\/fr\/#website\",\"url\":\"https:\/\/corporate.mca.ca\/fr\/\",\"name\":\"MCA\",\"description\":\"\",\"publisher\":{\"@id\":\"https:\/\/corporate.mca.ca\/fr\/#organization\"},\"potentialAction\":[{\"@type\":\"SearchAction\",\"target\":{\"@type\":\"EntryPoint\",\"urlTemplate\":\"https:\/\/corporate.mca.ca\/fr\/?s={search_term_string}\"},\"query-input\":{\"@type\":\"PropertyValueSpecification\",\"valueRequired\":true,\"valueName\":\"search_term_string\"}}],\"inLanguage\":\"fr-FR\"},{\"@type\":\"Organization\",\"@id\":\"https:\/\/corporate.mca.ca\/fr\/#organization\",\"name\":\"MCA\",\"url\":\"https:\/\/corporate.mca.ca\/fr\/\",\"logo\":{\"@type\":\"ImageObject\",\"inLanguage\":\"fr-FR\",\"@id\":\"https:\/\/corporate.mca.ca\/fr\/#\/schema\/logo\/image\/\",\"url\":\"https:\/\/corporate.mca.ca\/wp-content\/uploads\/2019\/06\/logo.png\",\"contentUrl\":\"https:\/\/corporate.mca.ca\/wp-content\/uploads\/2019\/06\/logo.png\",\"width\":215,\"height\":104,\"caption\":\"MCA\"},\"image\":{\"@id\":\"https:\/\/corporate.mca.ca\/fr\/#\/schema\/logo\/image\/\"}}]}<\/script>\n<!-- \/ Yoast SEO plugin. -->","yoast_head_json":{"title":"MCA - Services de mise en march\u00e9 au d\u00e9tail","description":"MCA : Leaders dans la mise au march\u00e9 au d\u00e9tail sur tout le territoire Nord Am\u00e9ricain","robots":{"index":"index","follow":"follow","max-snippet":"max-snippet:-1","max-image-preview":"max-image-preview:large","max-video-preview":"max-video-preview:-1"},"canonical":"https:\/\/corporate.mca.ca\/fr\/","og_locale":"fr_FR","og_type":"article","og_title":"MCA - Services de mise en march\u00e9 au d\u00e9tail","og_description":"MCA : Leaders dans la mise au march\u00e9 au d\u00e9tail sur tout le territoire Nord Am\u00e9ricain","og_url":"https:\/\/corporate.mca.ca\/fr\/","og_site_name":"MCA","article_modified_time":"2020-04-30T14:18:21+00:00","og_image":[{"url":"https:\/\/corporate.mca.ca\/wp-content\/uploads\/2019\/06\/icon-1.png","type":"","width":"","height":""}],"twitter_card":"summary_large_image","twitter_misc":{"Dur\u00e9e de lecture estim\u00e9e":"2 minutes"},"schema":{"@context":"https:\/\/schema.org","@graph":[{"@type":"WebPage","@id":"https:\/\/corporate.mca.ca\/fr\/","url":"https:\/\/corporate.mca.ca\/fr\/","name":"MCA - Services de mise en march\u00e9 au d\u00e9tail","isPartOf":{"@id":"https:\/\/corporate.mca.ca\/fr\/#website"},"primaryImageOfPage":{"@id":"https:\/\/corporate.mca.ca\/fr\/#primaryimage"},"image":{"@id":"https:\/\/corporate.mca.ca\/fr\/#primaryimage"},"thumbnailUrl":"https:\/\/corporate.mca.ca\/wp-content\/uploads\/2019\/06\/icon-1.png","datePublished":"2019-06-03T12:47:25+00:00","dateModified":"2020-04-30T14:18:21+00:00","description":"MCA : Leaders dans la mise au march\u00e9 au d\u00e9tail sur tout le territoire Nord Am\u00e9ricain","breadcrumb":{"@id":"https:\/\/corporate.mca.ca\/fr\/#breadcrumb"},"inLanguage":"fr-FR","potentialAction":[{"@type":"ReadAction","target":["https:\/\/corporate.mca.ca\/fr\/"]}]},{"@type":"ImageObject","inLanguage":"fr-FR","@id":"https:\/\/corporate.mca.ca\/fr\/#primaryimage","url":"https:\/\/corporate.mca.ca\/wp-content\/uploads\/2019\/06\/icon-1.png","contentUrl":"https:\/\/corporate.mca.ca\/wp-content\/uploads\/2019\/06\/icon-1.png"},{"@type":"BreadcrumbList","@id":"https:\/\/corporate.mca.ca\/fr\/#breadcrumb","itemListElement":[{"@type":"ListItem","position":1,"name":"Home","item":"https:\/\/corporate.mca.ca\/fr\/"},{"@type":"ListItem","position":2,"name":"Page d&rsquo;accueil"}]},{"@type":"WebSite","@id":"https:\/\/corporate.mca.ca\/fr\/#website","url":"https:\/\/corporate.mca.ca\/fr\/","name":"MCA","description":"","publisher":{"@id":"https:\/\/corporate.mca.ca\/fr\/#organization"},"potentialAction":[{"@type":"SearchAction","target":{"@type":"EntryPoint","urlTemplate":"https:\/\/corporate.mca.ca\/fr\/?s={search_term_string}"},"query-input":{"@type":"PropertyValueSpecification","valueRequired":true,"valueName":"search_term_string"}}],"inLanguage":"fr-FR"},{"@type":"Organization","@id":"https:\/\/corporate.mca.ca\/fr\/#organization","name":"MCA","url":"https:\/\/corporate.mca.ca\/fr\/","logo":{"@type":"ImageObject","inLanguage":"fr-FR","@id":"https:\/\/corporate.mca.ca\/fr\/#\/schema\/logo\/image\/","url":"https:\/\/corporate.mca.ca\/wp-content\/uploads\/2019\/06\/logo.png","contentUrl":"https:\/\/corporate.mca.ca\/wp-content\/uploads\/2019\/06\/logo.png","width":215,"height":104,"caption":"MCA"},"image":{"@id":"https:\/\/corporate.mca.ca\/fr\/#\/schema\/logo\/image\/"}}]}},"_links":{"self":[{"href":"https:\/\/corporate.mca.ca\/fr\/wp-json\/wp\/v2\/pages\/2","targetHints":{"allow":["GET"]}}],"collection":[{"href":"https:\/\/corporate.mca.ca\/fr\/wp-json\/wp\/v2\/pages"}],"about":[{"href":"https:\/\/corporate.mca.ca\/fr\/wp-json\/wp\/v2\/types\/page"}],"author":[{"embeddable":true,"href":"https:\/\/corporate.mca.ca\/fr\/wp-json\/wp\/v2\/users\/1"}],"replies":[{"embeddable":true,"href":"https:\/\/corporate.mca.ca\/fr\/wp-json\/wp\/v2\/comments?post=2"}],"version-history":[{"count":24,"href":"https:\/\/corporate.mca.ca\/fr\/wp-json\/wp\/v2\/pages\/2\/revisions"}],"predecessor-version":[{"id":2673,"href":"https:\/\/corporate.mca.ca\/fr\/wp-json\/wp\/v2\/pages\/2\/revisions\/2673"}],"wp:attachment":[{"href":"https:\/\/corporate.mca.ca\/fr\/wp-json\/wp\/v2\/media?parent=2"}],"curies":[{"name":"wp","href":"https:\/\/api.w.org\/{rel}","templated":true}]}}